{"id":6949,"date":"2025-09-16T10:28:33","date_gmt":"2025-09-16T08:28:33","guid":{"rendered":"https:\/\/sqmosaic.com\/catalog\/non%20class\u00e9\/hex-tech-seth-a\/"},"modified":"2025-09-16T10:28:35","modified_gmt":"2025-09-16T08:28:35","slug":"hex-tech-seth-a","status":"publish","type":"product","link":"https:\/\/sqmosaic.com\/fr\/products\/pool-fr\/lithos-matte-fr\/hex-tech-seth-a\/","title":{"rendered":"Hex Tech Seth-A"},"content":{"rendered":"<p>Ce mosa\u00efque beige avec une finition mate antid\u00e9rapante offre un aspect de pierre naturelle, apportant une texture organique et un style intemporel \u00e0 tout espace.<\/p>\n","protected":false},"excerpt":{"rendered":"<p>Ce mosa\u00efque beige avec une finition mate antid\u00e9rapante offre un aspect de pierre naturelle, apportant une texture organique et un style intemporel \u00e0 tout espace.<\/p>\n","protected":false},"featured_media":6516,"comment_status":"closed","ping_status":"open","template":"","meta":{"_acf_changed":false},"product_brand":[],"product_cat":[261],"product_tag":[],"class_list":{"0":"post-6949","1":"product","2":"type-product","3":"status-publish","4":"has-post-thumbnail","6":"product_cat-lithos-matte-fr","8":"first","9":"instock","10":"product-type-simple"},"acf":[],"_links":{"self":[{"href":"https:\/\/sqmosaic.com\/fr\/wp-json\/wp\/v2\/product\/6949","targetHints":{"allow":["GET"]}}],"collection":[{"href":"https:\/\/sqmosaic.com\/fr\/wp-json\/wp\/v2\/product"}],"about":[{"href":"https:\/\/sqmosaic.com\/fr\/wp-json\/wp\/v2\/types\/product"}],"replies":[{"embeddable":true,"href":"https:\/\/sqmosaic.com\/fr\/wp-json\/wp\/v2\/comments?post=6949"}],"wp:featuredmedia":[{"embeddable":true,"href":"https:\/\/sqmosaic.com\/fr\/wp-json\/wp\/v2\/media\/6516"}],"wp:attachment":[{"href":"https:\/\/sqmosaic.com\/fr\/wp-json\/wp\/v2\/media?parent=6949"}],"wp:term":[{"taxonomy":"product_brand","embeddable":true,"href":"https:\/\/sqmosaic.com\/fr\/wp-json\/wp\/v2\/product_brand?post=6949"},{"taxonomy":"product_cat","embeddable":true,"href":"https:\/\/sqmosaic.com\/fr\/wp-json\/wp\/v2\/product_cat?post=6949"},{"taxonomy":"product_tag","embeddable":true,"href":"https:\/\/sqmosaic.com\/fr\/wp-json\/wp\/v2\/product_tag?post=6949"}],"curies":[{"name":"wp","href":"https:\/\/api.w.org\/{rel}","templated":true}]}}