{"id":6947,"date":"2025-09-16T10:28:33","date_gmt":"2025-09-16T08:28:33","guid":{"rendered":"https:\/\/sqmosaic.com\/catalog\/non%20class\u00e9\/hex-tech-alpha-a\/"},"modified":"2025-09-16T10:28:33","modified_gmt":"2025-09-16T08:28:33","slug":"hex-tech-alpha-a","status":"publish","type":"product","link":"https:\/\/sqmosaic.com\/fr\/products\/pool-fr\/lithos-matte-fr\/hex-tech-alpha-a\/","title":{"rendered":"Hex Tech Alpha-A"},"content":{"rendered":"<p>Avec sa finition mate antid\u00e9rapante et un captivant effet marbre avec des veines gris bleut\u00e9, ce mosa\u00efque de 50&#215;50 mm combine beaut\u00e9 et s\u00e9curit\u00e9, parfait pour les zones cherchant \u00e9l\u00e9gance et durabilit\u00e9.<\/p>\n","protected":false},"excerpt":{"rendered":"<p>Avec sa finition mate antid\u00e9rapante et un captivant effet marbre avec des veines gris bleut\u00e9, ce mosa\u00efque de 50&#215;50 mm combine beaut\u00e9 et s\u00e9curit\u00e9, parfait pour les zones cherchant \u00e9l\u00e9gance et durabilit\u00e9.<\/p>\n","protected":false},"featured_media":6510,"comment_status":"closed","ping_status":"open","template":"","meta":{"_acf_changed":false},"product_brand":[],"product_cat":[261],"product_tag":[],"class_list":{"0":"post-6947","1":"product","2":"type-product","3":"status-publish","4":"has-post-thumbnail","6":"product_cat-lithos-matte-fr","8":"first","9":"instock","10":"product-type-simple"},"acf":[],"_links":{"self":[{"href":"https:\/\/sqmosaic.com\/fr\/wp-json\/wp\/v2\/product\/6947","targetHints":{"allow":["GET"]}}],"collection":[{"href":"https:\/\/sqmosaic.com\/fr\/wp-json\/wp\/v2\/product"}],"about":[{"href":"https:\/\/sqmosaic.com\/fr\/wp-json\/wp\/v2\/types\/product"}],"replies":[{"embeddable":true,"href":"https:\/\/sqmosaic.com\/fr\/wp-json\/wp\/v2\/comments?post=6947"}],"wp:featuredmedia":[{"embeddable":true,"href":"https:\/\/sqmosaic.com\/fr\/wp-json\/wp\/v2\/media\/6510"}],"wp:attachment":[{"href":"https:\/\/sqmosaic.com\/fr\/wp-json\/wp\/v2\/media?parent=6947"}],"wp:term":[{"taxonomy":"product_brand","embeddable":true,"href":"https:\/\/sqmosaic.com\/fr\/wp-json\/wp\/v2\/product_brand?post=6947"},{"taxonomy":"product_cat","embeddable":true,"href":"https:\/\/sqmosaic.com\/fr\/wp-json\/wp\/v2\/product_cat?post=6947"},{"taxonomy":"product_tag","embeddable":true,"href":"https:\/\/sqmosaic.com\/fr\/wp-json\/wp\/v2\/product_tag?post=6947"}],"curies":[{"name":"wp","href":"https:\/\/api.w.org\/{rel}","templated":true}]}}