{"id":6700,"date":"2025-09-15T13:02:50","date_gmt":"2025-09-15T11:02:50","guid":{"rendered":"https:\/\/sqmosaic.com\/catalog\/non%20class\u00e9\/circle-wana\/"},"modified":"2025-09-15T13:02:58","modified_gmt":"2025-09-15T11:02:58","slug":"circle-wana","status":"publish","type":"product","link":"https:\/\/sqmosaic.com\/fr\/products\/pool-fr\/identity-pool-fr\/circle-wana\/","title":{"rendered":"Circle Wana"},"content":{"rendered":"<p>Innovant et artistique, ce mosa\u00efque bleu turquoise de 19 mm, avec une finition brillante et des d\u00e9tails nacr\u00e9s, offre une texture inspir\u00e9e de l\u2019art moderne, parfait pour ajouter une touche d\u2019originalit\u00e9 et de couleur vibrante.<\/p>\n","protected":false},"excerpt":{"rendered":"<p>Innovant et artistique, ce mosa\u00efque bleu turquoise de 19 mm, avec une finition brillante et des d\u00e9tails nacr\u00e9s, offre une texture inspir\u00e9e de l\u2019art moderne, parfait pour ajouter une touche d\u2019originalit\u00e9 et de couleur vibrante.<\/p>\n","protected":false},"featured_media":6465,"comment_status":"closed","ping_status":"open","template":"","meta":{"_acf_changed":false},"product_brand":[],"product_cat":[164],"product_tag":[],"class_list":{"0":"post-6700","1":"product","2":"type-product","3":"status-publish","4":"has-post-thumbnail","6":"product_cat-identity-pool-fr","8":"first","9":"instock","10":"product-type-simple"},"acf":[],"_links":{"self":[{"href":"https:\/\/sqmosaic.com\/fr\/wp-json\/wp\/v2\/product\/6700","targetHints":{"allow":["GET"]}}],"collection":[{"href":"https:\/\/sqmosaic.com\/fr\/wp-json\/wp\/v2\/product"}],"about":[{"href":"https:\/\/sqmosaic.com\/fr\/wp-json\/wp\/v2\/types\/product"}],"replies":[{"embeddable":true,"href":"https:\/\/sqmosaic.com\/fr\/wp-json\/wp\/v2\/comments?post=6700"}],"wp:featuredmedia":[{"embeddable":true,"href":"https:\/\/sqmosaic.com\/fr\/wp-json\/wp\/v2\/media\/6465"}],"wp:attachment":[{"href":"https:\/\/sqmosaic.com\/fr\/wp-json\/wp\/v2\/media?parent=6700"}],"wp:term":[{"taxonomy":"product_brand","embeddable":true,"href":"https:\/\/sqmosaic.com\/fr\/wp-json\/wp\/v2\/product_brand?post=6700"},{"taxonomy":"product_cat","embeddable":true,"href":"https:\/\/sqmosaic.com\/fr\/wp-json\/wp\/v2\/product_cat?post=6700"},{"taxonomy":"product_tag","embeddable":true,"href":"https:\/\/sqmosaic.com\/fr\/wp-json\/wp\/v2\/product_tag?post=6700"}],"curies":[{"name":"wp","href":"https:\/\/api.w.org\/{rel}","templated":true}]}}