{"id":6698,"date":"2025-09-15T13:02:50","date_gmt":"2025-09-15T11:02:50","guid":{"rendered":"https:\/\/sqmosaic.com\/catalog\/non%20class\u00e9\/circle-atai\/"},"modified":"2025-09-15T13:02:55","modified_gmt":"2025-09-15T11:02:55","slug":"circle-atai","status":"publish","type":"product","link":"https:\/\/sqmosaic.com\/fr\/products\/pool-fr\/identity-pool-fr\/circle-atai\/","title":{"rendered":"Circle Atai"},"content":{"rendered":"<p>\u00c9voquant les eaux claires des Cara\u00efbes, ce mosa\u00efque bleu clair de 19 mm, avec une finition brillante et une texture inspir\u00e9e du sable, invite au calme et \u00e0 la d\u00e9tente ; id\u00e9al pour transformer tout espace en un refuge personnel \u00e0 la maison.<\/p>\n","protected":false},"excerpt":{"rendered":"<p>\u00c9voquant les eaux claires des Cara\u00efbes, ce mosa\u00efque bleu clair de 19 mm, avec une finition brillante et une texture inspir\u00e9e du sable, invite au calme et \u00e0 la d\u00e9tente ; id\u00e9al pour transformer tout espace en un refuge personnel \u00e0 la maison.<\/p>\n","protected":false},"featured_media":6459,"comment_status":"closed","ping_status":"open","template":"","meta":{"_acf_changed":false},"product_brand":[],"product_cat":[164],"product_tag":[],"class_list":{"0":"post-6698","1":"product","2":"type-product","3":"status-publish","4":"has-post-thumbnail","6":"product_cat-identity-pool-fr","8":"first","9":"instock","10":"product-type-simple"},"acf":[],"_links":{"self":[{"href":"https:\/\/sqmosaic.com\/fr\/wp-json\/wp\/v2\/product\/6698","targetHints":{"allow":["GET"]}}],"collection":[{"href":"https:\/\/sqmosaic.com\/fr\/wp-json\/wp\/v2\/product"}],"about":[{"href":"https:\/\/sqmosaic.com\/fr\/wp-json\/wp\/v2\/types\/product"}],"replies":[{"embeddable":true,"href":"https:\/\/sqmosaic.com\/fr\/wp-json\/wp\/v2\/comments?post=6698"}],"wp:featuredmedia":[{"embeddable":true,"href":"https:\/\/sqmosaic.com\/fr\/wp-json\/wp\/v2\/media\/6459"}],"wp:attachment":[{"href":"https:\/\/sqmosaic.com\/fr\/wp-json\/wp\/v2\/media?parent=6698"}],"wp:term":[{"taxonomy":"product_brand","embeddable":true,"href":"https:\/\/sqmosaic.com\/fr\/wp-json\/wp\/v2\/product_brand?post=6698"},{"taxonomy":"product_cat","embeddable":true,"href":"https:\/\/sqmosaic.com\/fr\/wp-json\/wp\/v2\/product_cat?post=6698"},{"taxonomy":"product_tag","embeddable":true,"href":"https:\/\/sqmosaic.com\/fr\/wp-json\/wp\/v2\/product_tag?post=6698"}],"curies":[{"name":"wp","href":"https:\/\/api.w.org\/{rel}","templated":true}]}}