{"id":6695,"date":"2025-09-15T13:02:50","date_gmt":"2025-09-15T11:02:50","guid":{"rendered":"https:\/\/sqmosaic.com\/catalog\/non%20class\u00e9\/fifty-pearl-105\/"},"modified":"2025-09-15T13:02:52","modified_gmt":"2025-09-15T11:02:52","slug":"fifty-pearl-105","status":"publish","type":"product","link":"https:\/\/sqmosaic.com\/fr\/products\/pool-fr\/pearl-fr\/fifty-pearl-105\/","title":{"rendered":"Fifty Pearl 105"},"content":{"rendered":"<p>Avec une teinte bleu clair de 50&#215;50 mm, une finition brillante et un effet nacr\u00e9, il apporte fra\u00eecheur et une touche accrocheuse, id\u00e9al pour int\u00e9grer un \u00e9l\u00e9ment de design audacieux et color\u00e9.<\/p>\n","protected":false},"excerpt":{"rendered":"<p>Avec une teinte bleu clair de 50&#215;50 mm, une finition brillante et un effet nacr\u00e9, il apporte fra\u00eecheur et une touche accrocheuse, id\u00e9al pour int\u00e9grer un \u00e9l\u00e9ment de design audacieux et color\u00e9.<\/p>\n","protected":false},"featured_media":6498,"comment_status":"closed","ping_status":"open","template":"","meta":{"_acf_changed":false},"product_brand":[],"product_cat":[256],"product_tag":[],"class_list":{"0":"post-6695","1":"product","2":"type-product","3":"status-publish","4":"has-post-thumbnail","6":"product_cat-pearl-fr","8":"first","9":"instock","10":"product-type-simple"},"acf":[],"_links":{"self":[{"href":"https:\/\/sqmosaic.com\/fr\/wp-json\/wp\/v2\/product\/6695","targetHints":{"allow":["GET"]}}],"collection":[{"href":"https:\/\/sqmosaic.com\/fr\/wp-json\/wp\/v2\/product"}],"about":[{"href":"https:\/\/sqmosaic.com\/fr\/wp-json\/wp\/v2\/types\/product"}],"replies":[{"embeddable":true,"href":"https:\/\/sqmosaic.com\/fr\/wp-json\/wp\/v2\/comments?post=6695"}],"wp:featuredmedia":[{"embeddable":true,"href":"https:\/\/sqmosaic.com\/fr\/wp-json\/wp\/v2\/media\/6498"}],"wp:attachment":[{"href":"https:\/\/sqmosaic.com\/fr\/wp-json\/wp\/v2\/media?parent=6695"}],"wp:term":[{"taxonomy":"product_brand","embeddable":true,"href":"https:\/\/sqmosaic.com\/fr\/wp-json\/wp\/v2\/product_brand?post=6695"},{"taxonomy":"product_cat","embeddable":true,"href":"https:\/\/sqmosaic.com\/fr\/wp-json\/wp\/v2\/product_cat?post=6695"},{"taxonomy":"product_tag","embeddable":true,"href":"https:\/\/sqmosaic.com\/fr\/wp-json\/wp\/v2\/product_tag?post=6695"}],"curies":[{"name":"wp","href":"https:\/\/api.w.org\/{rel}","templated":true}]}}