{"id":6694,"date":"2025-09-15T13:02:50","date_gmt":"2025-09-15T11:02:50","guid":{"rendered":"https:\/\/sqmosaic.com\/catalog\/non%20class\u00e9\/fifty-pearl-104\/"},"modified":"2025-09-15T13:02:51","modified_gmt":"2025-09-15T11:02:51","slug":"fifty-pearl-104","status":"publish","type":"product","link":"https:\/\/sqmosaic.com\/fr\/products\/pool-fr\/pearl-fr\/fifty-pearl-104\/","title":{"rendered":"Fifty Pearl 104"},"content":{"rendered":"<p>Ce mosa\u00efque bleu intense de 50&#215;50 mm, avec une finition brillante et un effet nacr\u00e9, offre une pr\u00e9sence vibrante et sophistiqu\u00e9e. Parfait pour cr\u00e9er des espaces de caract\u00e8re, pleins d\u2019\u00e9nergie et de style contemporain.<\/p>\n","protected":false},"excerpt":{"rendered":"<p>Ce mosa\u00efque bleu intense de 50&#215;50 mm, avec une finition brillante et un effet nacr\u00e9, offre une pr\u00e9sence vibrante et sophistiqu\u00e9e. Parfait pour cr\u00e9er des espaces de caract\u00e8re, pleins d\u2019\u00e9nergie et de style contemporain.<\/p>\n","protected":false},"featured_media":6495,"comment_status":"closed","ping_status":"open","template":"","meta":{"_acf_changed":false},"product_brand":[],"product_cat":[256],"product_tag":[],"class_list":{"0":"post-6694","1":"product","2":"type-product","3":"status-publish","4":"has-post-thumbnail","6":"product_cat-pearl-fr","8":"first","9":"instock","10":"product-type-simple"},"acf":[],"_links":{"self":[{"href":"https:\/\/sqmosaic.com\/fr\/wp-json\/wp\/v2\/product\/6694","targetHints":{"allow":["GET"]}}],"collection":[{"href":"https:\/\/sqmosaic.com\/fr\/wp-json\/wp\/v2\/product"}],"about":[{"href":"https:\/\/sqmosaic.com\/fr\/wp-json\/wp\/v2\/types\/product"}],"replies":[{"embeddable":true,"href":"https:\/\/sqmosaic.com\/fr\/wp-json\/wp\/v2\/comments?post=6694"}],"wp:featuredmedia":[{"embeddable":true,"href":"https:\/\/sqmosaic.com\/fr\/wp-json\/wp\/v2\/media\/6495"}],"wp:attachment":[{"href":"https:\/\/sqmosaic.com\/fr\/wp-json\/wp\/v2\/media?parent=6694"}],"wp:term":[{"taxonomy":"product_brand","embeddable":true,"href":"https:\/\/sqmosaic.com\/fr\/wp-json\/wp\/v2\/product_brand?post=6694"},{"taxonomy":"product_cat","embeddable":true,"href":"https:\/\/sqmosaic.com\/fr\/wp-json\/wp\/v2\/product_cat?post=6694"},{"taxonomy":"product_tag","embeddable":true,"href":"https:\/\/sqmosaic.com\/fr\/wp-json\/wp\/v2\/product_tag?post=6694"}],"curies":[{"name":"wp","href":"https:\/\/api.w.org\/{rel}","templated":true}]}}