{"id":6693,"date":"2025-09-15T13:02:50","date_gmt":"2025-09-15T11:02:50","guid":{"rendered":"https:\/\/sqmosaic.com\/catalog\/non%20class\u00e9\/fifty-pearl-106\/"},"modified":"2025-09-15T13:02:50","modified_gmt":"2025-09-15T11:02:50","slug":"fifty-pearl-106","status":"publish","type":"product","link":"https:\/\/sqmosaic.com\/fr\/products\/pool-fr\/pearl-fr\/fifty-pearl-106\/","title":{"rendered":"Fifty Pearl 106"},"content":{"rendered":"<p>Ce mosa\u00efque bleu fonc\u00e9 de 50&#215;50 mm, avec une finition brillante et un effet nacr\u00e9, d\u00e9gage \u00e9l\u00e9gance et profondeur, apportant une touche de luxe et de myst\u00e8re. Id\u00e9al pour les espaces qui souhaitent impressionner et s\u00e9duire visuellement.<\/p>\n","protected":false},"excerpt":{"rendered":"<p>Ce mosa\u00efque bleu fonc\u00e9 de 50&#215;50 mm, avec une finition brillante et un effet nacr\u00e9, d\u00e9gage \u00e9l\u00e9gance et profondeur, apportant une touche de luxe et de myst\u00e8re. Id\u00e9al pour les espaces qui souhaitent impressionner et s\u00e9duire visuellement.<\/p>\n","protected":false},"featured_media":6501,"comment_status":"closed","ping_status":"open","template":"","meta":{"_acf_changed":false},"product_brand":[],"product_cat":[256],"product_tag":[],"class_list":{"0":"post-6693","1":"product","2":"type-product","3":"status-publish","4":"has-post-thumbnail","6":"product_cat-pearl-fr","8":"first","9":"instock","10":"product-type-simple"},"acf":[],"_links":{"self":[{"href":"https:\/\/sqmosaic.com\/fr\/wp-json\/wp\/v2\/product\/6693","targetHints":{"allow":["GET"]}}],"collection":[{"href":"https:\/\/sqmosaic.com\/fr\/wp-json\/wp\/v2\/product"}],"about":[{"href":"https:\/\/sqmosaic.com\/fr\/wp-json\/wp\/v2\/types\/product"}],"replies":[{"embeddable":true,"href":"https:\/\/sqmosaic.com\/fr\/wp-json\/wp\/v2\/comments?post=6693"}],"wp:featuredmedia":[{"embeddable":true,"href":"https:\/\/sqmosaic.com\/fr\/wp-json\/wp\/v2\/media\/6501"}],"wp:attachment":[{"href":"https:\/\/sqmosaic.com\/fr\/wp-json\/wp\/v2\/media?parent=6693"}],"wp:term":[{"taxonomy":"product_brand","embeddable":true,"href":"https:\/\/sqmosaic.com\/fr\/wp-json\/wp\/v2\/product_brand?post=6693"},{"taxonomy":"product_cat","embeddable":true,"href":"https:\/\/sqmosaic.com\/fr\/wp-json\/wp\/v2\/product_cat?post=6693"},{"taxonomy":"product_tag","embeddable":true,"href":"https:\/\/sqmosaic.com\/fr\/wp-json\/wp\/v2\/product_tag?post=6693"}],"curies":[{"name":"wp","href":"https:\/\/api.w.org\/{rel}","templated":true}]}}