{"id":6689,"date":"2025-09-15T13:02:28","date_gmt":"2025-09-15T11:02:28","guid":{"rendered":"https:\/\/sqmosaic.com\/catalog\/non%20class\u00e9\/rectangle-shell\/"},"modified":"2025-09-15T13:02:46","modified_gmt":"2025-09-15T11:02:46","slug":"rectangle-shell","status":"publish","type":"product","link":"https:\/\/sqmosaic.com\/fr\/products\/pool-fr\/identity-pool-fr\/rectangle-shell\/","title":{"rendered":"Rectangle Shell"},"content":{"rendered":"<p>Ce mosa\u00efque bleu turquoise de 25&#215;50 mm combine des finitions nacr\u00e9es, des textures et de la brillance, cr\u00e9ant un effet \u00e9l\u00e9gant et dynamique, id\u00e9al pour rev\u00eatir la ligne d\u2019eau des piscines et apporter une touche sophistiqu\u00e9e.<\/p>\n","protected":false},"excerpt":{"rendered":"<p>Ce mosa\u00efque bleu turquoise de 25&#215;50 mm combine des finitions nacr\u00e9es, des textures et de la brillance, cr\u00e9ant un effet \u00e9l\u00e9gant et dynamique, id\u00e9al pour rev\u00eatir la ligne d\u2019eau des piscines et apporter une touche sophistiqu\u00e9e.<\/p>\n","protected":false},"featured_media":6537,"comment_status":"closed","ping_status":"open","template":"","meta":{"_acf_changed":false},"product_brand":[],"product_cat":[164],"product_tag":[],"class_list":{"0":"post-6689","1":"product","2":"type-product","3":"status-publish","4":"has-post-thumbnail","6":"product_cat-identity-pool-fr","8":"first","9":"instock","10":"product-type-simple"},"acf":[],"_links":{"self":[{"href":"https:\/\/sqmosaic.com\/fr\/wp-json\/wp\/v2\/product\/6689","targetHints":{"allow":["GET"]}}],"collection":[{"href":"https:\/\/sqmosaic.com\/fr\/wp-json\/wp\/v2\/product"}],"about":[{"href":"https:\/\/sqmosaic.com\/fr\/wp-json\/wp\/v2\/types\/product"}],"replies":[{"embeddable":true,"href":"https:\/\/sqmosaic.com\/fr\/wp-json\/wp\/v2\/comments?post=6689"}],"wp:featuredmedia":[{"embeddable":true,"href":"https:\/\/sqmosaic.com\/fr\/wp-json\/wp\/v2\/media\/6537"}],"wp:attachment":[{"href":"https:\/\/sqmosaic.com\/fr\/wp-json\/wp\/v2\/media?parent=6689"}],"wp:term":[{"taxonomy":"product_brand","embeddable":true,"href":"https:\/\/sqmosaic.com\/fr\/wp-json\/wp\/v2\/product_brand?post=6689"},{"taxonomy":"product_cat","embeddable":true,"href":"https:\/\/sqmosaic.com\/fr\/wp-json\/wp\/v2\/product_cat?post=6689"},{"taxonomy":"product_tag","embeddable":true,"href":"https:\/\/sqmosaic.com\/fr\/wp-json\/wp\/v2\/product_tag?post=6689"}],"curies":[{"name":"wp","href":"https:\/\/api.w.org\/{rel}","templated":true}]}}