{"id":6686,"date":"2025-09-15T13:02:28","date_gmt":"2025-09-15T11:02:28","guid":{"rendered":"https:\/\/sqmosaic.com\/catalog\/non%20class\u00e9\/rectangle-lagoon\/"},"modified":"2025-09-15T13:02:44","modified_gmt":"2025-09-15T11:02:44","slug":"rectangle-lagoon","status":"publish","type":"product","link":"https:\/\/sqmosaic.com\/fr\/products\/pool-fr\/identity-pool-fr\/rectangle-lagoon\/","title":{"rendered":"Rectangle Lagoon"},"content":{"rendered":"<p>Dans une d\u00e9licate teinte bleu clair et au format 25&#215;50 mm, ce mosa\u00efque associe des reflets brillants, des textures et des nuances nacr\u00e9es pour offrir une finition douce et lumineuse, id\u00e9ale pour mettre en valeur la ligne d\u2019eau des piscines avec une touche sp\u00e9ciale.<\/p>\n","protected":false},"excerpt":{"rendered":"<p>Dans une d\u00e9licate teinte bleu clair et au format 25&#215;50 mm, ce mosa\u00efque associe des reflets brillants, des textures et des nuances nacr\u00e9es pour offrir une finition douce et lumineuse, id\u00e9ale pour mettre en valeur la ligne d\u2019eau des piscines avec une touche sp\u00e9ciale.<\/p>\n","protected":false},"featured_media":6519,"comment_status":"closed","ping_status":"open","template":"","meta":{"_acf_changed":false},"product_brand":[],"product_cat":[164],"product_tag":[],"class_list":{"0":"post-6686","1":"product","2":"type-product","3":"status-publish","4":"has-post-thumbnail","6":"product_cat-identity-pool-fr","8":"first","9":"instock","10":"product-type-simple"},"acf":[],"_links":{"self":[{"href":"https:\/\/sqmosaic.com\/fr\/wp-json\/wp\/v2\/product\/6686","targetHints":{"allow":["GET"]}}],"collection":[{"href":"https:\/\/sqmosaic.com\/fr\/wp-json\/wp\/v2\/product"}],"about":[{"href":"https:\/\/sqmosaic.com\/fr\/wp-json\/wp\/v2\/types\/product"}],"replies":[{"embeddable":true,"href":"https:\/\/sqmosaic.com\/fr\/wp-json\/wp\/v2\/comments?post=6686"}],"wp:featuredmedia":[{"embeddable":true,"href":"https:\/\/sqmosaic.com\/fr\/wp-json\/wp\/v2\/media\/6519"}],"wp:attachment":[{"href":"https:\/\/sqmosaic.com\/fr\/wp-json\/wp\/v2\/media?parent=6686"}],"wp:term":[{"taxonomy":"product_brand","embeddable":true,"href":"https:\/\/sqmosaic.com\/fr\/wp-json\/wp\/v2\/product_brand?post=6686"},{"taxonomy":"product_cat","embeddable":true,"href":"https:\/\/sqmosaic.com\/fr\/wp-json\/wp\/v2\/product_cat?post=6686"},{"taxonomy":"product_tag","embeddable":true,"href":"https:\/\/sqmosaic.com\/fr\/wp-json\/wp\/v2\/product_tag?post=6686"}],"curies":[{"name":"wp","href":"https:\/\/api.w.org\/{rel}","templated":true}]}}