{"id":6685,"date":"2025-09-15T12:36:51","date_gmt":"2025-09-15T10:36:51","guid":{"rendered":"https:\/\/sqmosaic.com\/catalog\/non%20class\u00e9\/calm\/"},"modified":"2025-09-15T13:02:43","modified_gmt":"2025-09-15T11:02:43","slug":"calm","status":"publish","type":"product","link":"https:\/\/sqmosaic.com\/fr\/products\/pool-fr\/essence-fr\/calm\/","title":{"rendered":"Calm"},"content":{"rendered":"<p>Dans une sereine teinte bleu moyen, ce mosa\u00efque combine brillance et texture subtile pour refl\u00e9ter le calme de l\u2019oc\u00e9an. Id\u00e9al pour cr\u00e9er des espaces \u00e9quilibr\u00e9s et harmonieux, il met en valeur la ligne d\u2019eau avec un style \u00e9l\u00e9gant et intemporel.<\/p>\n","protected":false},"excerpt":{"rendered":"<p>Dans une sereine teinte bleu moyen, ce mosa\u00efque combine brillance et texture subtile pour refl\u00e9ter le calme de l\u2019oc\u00e9an. Id\u00e9al pour cr\u00e9er des espaces \u00e9quilibr\u00e9s et harmonieux, il met en valeur la ligne d\u2019eau avec un style \u00e9l\u00e9gant et intemporel.<\/p>\n","protected":false},"featured_media":6456,"comment_status":"closed","ping_status":"open","template":"","meta":{"_acf_changed":false},"product_brand":[],"product_cat":[244],"product_tag":[],"class_list":{"0":"post-6685","1":"product","2":"type-product","3":"status-publish","4":"has-post-thumbnail","6":"product_cat-essence-fr","8":"first","9":"instock","10":"product-type-simple"},"acf":[],"_links":{"self":[{"href":"https:\/\/sqmosaic.com\/fr\/wp-json\/wp\/v2\/product\/6685","targetHints":{"allow":["GET"]}}],"collection":[{"href":"https:\/\/sqmosaic.com\/fr\/wp-json\/wp\/v2\/product"}],"about":[{"href":"https:\/\/sqmosaic.com\/fr\/wp-json\/wp\/v2\/types\/product"}],"replies":[{"embeddable":true,"href":"https:\/\/sqmosaic.com\/fr\/wp-json\/wp\/v2\/comments?post=6685"}],"wp:featuredmedia":[{"embeddable":true,"href":"https:\/\/sqmosaic.com\/fr\/wp-json\/wp\/v2\/media\/6456"}],"wp:attachment":[{"href":"https:\/\/sqmosaic.com\/fr\/wp-json\/wp\/v2\/media?parent=6685"}],"wp:term":[{"taxonomy":"product_brand","embeddable":true,"href":"https:\/\/sqmosaic.com\/fr\/wp-json\/wp\/v2\/product_brand?post=6685"},{"taxonomy":"product_cat","embeddable":true,"href":"https:\/\/sqmosaic.com\/fr\/wp-json\/wp\/v2\/product_cat?post=6685"},{"taxonomy":"product_tag","embeddable":true,"href":"https:\/\/sqmosaic.com\/fr\/wp-json\/wp\/v2\/product_tag?post=6685"}],"curies":[{"name":"wp","href":"https:\/\/api.w.org\/{rel}","templated":true}]}}