{"id":6683,"date":"2025-09-15T13:02:28","date_gmt":"2025-09-15T11:02:28","guid":{"rendered":"https:\/\/sqmosaic.com\/catalog\/non%20class\u00e9\/posidonia\/"},"modified":"2025-09-15T13:02:42","modified_gmt":"2025-09-15T11:02:42","slug":"posidonia","status":"publish","type":"product","link":"https:\/\/sqmosaic.com\/fr\/products\/pool-fr\/essence-fr\/posidonia\/","title":{"rendered":"Posidonia"},"content":{"rendered":"<p>Avec sa teinte vert turquoise vibrante, ce mosa\u00efque allie fra\u00eecheur et dynamisme. Les reflets nacr\u00e9s et la finition brillante cr\u00e9ent un effet visuel unique qui remplit la piscine d\u2019\u00e9nergie, id\u00e9al pour les projets recherchant un caract\u00e8re distinctif.<\/p>\n","protected":false},"excerpt":{"rendered":"<p>Avec sa teinte vert turquoise vibrante, ce mosa\u00efque allie fra\u00eecheur et dynamisme. Les reflets nacr\u00e9s et la finition brillante cr\u00e9ent un effet visuel unique qui remplit la piscine d\u2019\u00e9nergie, id\u00e9al pour les projets recherchant un caract\u00e8re distinctif.<\/p>\n","protected":false},"featured_media":6531,"comment_status":"closed","ping_status":"open","template":"","meta":{"_acf_changed":false},"product_brand":[],"product_cat":[244],"product_tag":[],"class_list":{"0":"post-6683","1":"product","2":"type-product","3":"status-publish","4":"has-post-thumbnail","6":"product_cat-essence-fr","8":"first","9":"instock","10":"product-type-simple"},"acf":[],"_links":{"self":[{"href":"https:\/\/sqmosaic.com\/fr\/wp-json\/wp\/v2\/product\/6683","targetHints":{"allow":["GET"]}}],"collection":[{"href":"https:\/\/sqmosaic.com\/fr\/wp-json\/wp\/v2\/product"}],"about":[{"href":"https:\/\/sqmosaic.com\/fr\/wp-json\/wp\/v2\/types\/product"}],"replies":[{"embeddable":true,"href":"https:\/\/sqmosaic.com\/fr\/wp-json\/wp\/v2\/comments?post=6683"}],"wp:featuredmedia":[{"embeddable":true,"href":"https:\/\/sqmosaic.com\/fr\/wp-json\/wp\/v2\/media\/6531"}],"wp:attachment":[{"href":"https:\/\/sqmosaic.com\/fr\/wp-json\/wp\/v2\/media?parent=6683"}],"wp:term":[{"taxonomy":"product_brand","embeddable":true,"href":"https:\/\/sqmosaic.com\/fr\/wp-json\/wp\/v2\/product_brand?post=6683"},{"taxonomy":"product_cat","embeddable":true,"href":"https:\/\/sqmosaic.com\/fr\/wp-json\/wp\/v2\/product_cat?post=6683"},{"taxonomy":"product_tag","embeddable":true,"href":"https:\/\/sqmosaic.com\/fr\/wp-json\/wp\/v2\/product_tag?post=6683"}],"curies":[{"name":"wp","href":"https:\/\/api.w.org\/{rel}","templated":true}]}}