{"id":6679,"date":"2025-09-15T13:02:28","date_gmt":"2025-09-15T11:02:28","guid":{"rendered":"https:\/\/sqmosaic.com\/catalog\/non%20class\u00e9\/fifty-marine\/"},"modified":"2025-09-15T13:02:37","modified_gmt":"2025-09-15T11:02:37","slug":"fifty-marine","status":"publish","type":"product","link":"https:\/\/sqmosaic.com\/fr\/products\/pool-fr\/essence-fr\/fifty-marine\/","title":{"rendered":"Fifty Marine"},"content":{"rendered":"<p>Avec sa teinte bleu clair et sa finition brillante, ce mosa\u00efque de 50&#215;50 mm apporte fra\u00eecheur et luminosit\u00e9. Les tesselles, avec leur texture d\u00e9licate, \u00e9voquent les eaux les plus cristallines, parfaites pour transformer la piscine en un espace de d\u00e9tente et de clart\u00e9 visuelle.<\/p>\n","protected":false},"excerpt":{"rendered":"<p>Avec sa teinte bleu clair et sa finition brillante, ce mosa\u00efque de 50&#215;50 mm apporte fra\u00eecheur et luminosit\u00e9. Les tesselles, avec leur texture d\u00e9licate, \u00e9voquent les eaux les plus cristallines, parfaites pour transformer la piscine en un espace de d\u00e9tente et de clart\u00e9 visuelle.<\/p>\n","protected":false},"featured_media":6489,"comment_status":"closed","ping_status":"open","template":"","meta":{"_acf_changed":false},"product_brand":[],"product_cat":[244],"product_tag":[],"class_list":{"0":"post-6679","1":"product","2":"type-product","3":"status-publish","4":"has-post-thumbnail","6":"product_cat-essence-fr","8":"first","9":"instock","10":"product-type-simple"},"acf":[],"_links":{"self":[{"href":"https:\/\/sqmosaic.com\/fr\/wp-json\/wp\/v2\/product\/6679","targetHints":{"allow":["GET"]}}],"collection":[{"href":"https:\/\/sqmosaic.com\/fr\/wp-json\/wp\/v2\/product"}],"about":[{"href":"https:\/\/sqmosaic.com\/fr\/wp-json\/wp\/v2\/types\/product"}],"replies":[{"embeddable":true,"href":"https:\/\/sqmosaic.com\/fr\/wp-json\/wp\/v2\/comments?post=6679"}],"wp:featuredmedia":[{"embeddable":true,"href":"https:\/\/sqmosaic.com\/fr\/wp-json\/wp\/v2\/media\/6489"}],"wp:attachment":[{"href":"https:\/\/sqmosaic.com\/fr\/wp-json\/wp\/v2\/media?parent=6679"}],"wp:term":[{"taxonomy":"product_brand","embeddable":true,"href":"https:\/\/sqmosaic.com\/fr\/wp-json\/wp\/v2\/product_brand?post=6679"},{"taxonomy":"product_cat","embeddable":true,"href":"https:\/\/sqmosaic.com\/fr\/wp-json\/wp\/v2\/product_cat?post=6679"},{"taxonomy":"product_tag","embeddable":true,"href":"https:\/\/sqmosaic.com\/fr\/wp-json\/wp\/v2\/product_tag?post=6679"}],"curies":[{"name":"wp","href":"https:\/\/api.w.org\/{rel}","templated":true}]}}