{"id":6677,"date":"2025-09-15T13:02:28","date_gmt":"2025-09-15T11:02:28","guid":{"rendered":"https:\/\/sqmosaic.com\/catalog\/non%20class\u00e9\/fifty-ocean\/"},"modified":"2025-09-15T13:02:34","modified_gmt":"2025-09-15T11:02:34","slug":"fifty-ocean","status":"publish","type":"product","link":"https:\/\/sqmosaic.com\/fr\/products\/pool-fr\/essence-fr\/fifty-ocean\/","title":{"rendered":"Fifty Ocean"},"content":{"rendered":"<p>Dans un bleu fonc\u00e9 profond, ce mosa\u00efque de 50&#215;50 mm apporte une touche de myst\u00e8re et de sophistication. Sa finition brillante et sa texture soign\u00e9e intensifient l\u2019effet miroir de l\u2019eau, parfait pour ceux qui souhaitent un espace \u00e9l\u00e9gant et \u00e0 fort impact visuel.<\/p>\n","protected":false},"excerpt":{"rendered":"<p>Dans un bleu fonc\u00e9 profond, ce mosa\u00efque de 50&#215;50 mm apporte une touche de myst\u00e8re et de sophistication. Sa finition brillante et sa texture soign\u00e9e intensifient l\u2019effet miroir de l\u2019eau, parfait pour ceux qui souhaitent un espace \u00e9l\u00e9gant et \u00e0 fort impact visuel.<\/p>\n","protected":false},"featured_media":6492,"comment_status":"closed","ping_status":"open","template":"","meta":{"_acf_changed":false},"product_brand":[],"product_cat":[244],"product_tag":[],"class_list":{"0":"post-6677","1":"product","2":"type-product","3":"status-publish","4":"has-post-thumbnail","6":"product_cat-essence-fr","8":"first","9":"instock","10":"product-type-simple"},"acf":[],"_links":{"self":[{"href":"https:\/\/sqmosaic.com\/fr\/wp-json\/wp\/v2\/product\/6677","targetHints":{"allow":["GET"]}}],"collection":[{"href":"https:\/\/sqmosaic.com\/fr\/wp-json\/wp\/v2\/product"}],"about":[{"href":"https:\/\/sqmosaic.com\/fr\/wp-json\/wp\/v2\/types\/product"}],"replies":[{"embeddable":true,"href":"https:\/\/sqmosaic.com\/fr\/wp-json\/wp\/v2\/comments?post=6677"}],"wp:featuredmedia":[{"embeddable":true,"href":"https:\/\/sqmosaic.com\/fr\/wp-json\/wp\/v2\/media\/6492"}],"wp:attachment":[{"href":"https:\/\/sqmosaic.com\/fr\/wp-json\/wp\/v2\/media?parent=6677"}],"wp:term":[{"taxonomy":"product_brand","embeddable":true,"href":"https:\/\/sqmosaic.com\/fr\/wp-json\/wp\/v2\/product_brand?post=6677"},{"taxonomy":"product_cat","embeddable":true,"href":"https:\/\/sqmosaic.com\/fr\/wp-json\/wp\/v2\/product_cat?post=6677"},{"taxonomy":"product_tag","embeddable":true,"href":"https:\/\/sqmosaic.com\/fr\/wp-json\/wp\/v2\/product_tag?post=6677"}],"curies":[{"name":"wp","href":"https:\/\/api.w.org\/{rel}","templated":true}]}}