{"id":6676,"date":"2025-09-15T13:02:28","date_gmt":"2025-09-15T11:02:28","guid":{"rendered":"https:\/\/sqmosaic.com\/catalog\/non%20class\u00e9\/fifty-coast-light\/"},"modified":"2025-09-15T13:02:33","modified_gmt":"2025-09-15T11:02:33","slug":"fifty-coast-light","status":"publish","type":"product","link":"https:\/\/sqmosaic.com\/fr\/products\/pool-fr\/essence-fr\/fifty-coast-light\/","title":{"rendered":"Fifty Coast Light"},"content":{"rendered":"<p>Dans une teinte beige-gris sophistiqu\u00e9e, ce mosa\u00efque de 50&#215;50 mm offre une finition chaude et naturelle qui rappelle le sable mouill\u00e9. Parfaite pour ceux qui recherchent un design neutre et \u00e9l\u00e9gant, elle apporte s\u00e9r\u00e9nit\u00e9 et une touche contemporaine \u00e0 l\u2019environnement aquatique.<\/p>\n","protected":false},"excerpt":{"rendered":"<p>Dans une teinte beige-gris sophistiqu\u00e9e, ce mosa\u00efque de 50&#215;50 mm offre une finition chaude et naturelle qui rappelle le sable mouill\u00e9. Parfaite pour ceux qui recherchent un design neutre et \u00e9l\u00e9gant, elle apporte s\u00e9r\u00e9nit\u00e9 et une touche contemporaine \u00e0 l\u2019environnement aquatique.<\/p>\n","protected":false},"featured_media":6474,"comment_status":"closed","ping_status":"open","template":"","meta":{"_acf_changed":false},"product_brand":[],"product_cat":[244],"product_tag":[],"class_list":{"0":"post-6676","1":"product","2":"type-product","3":"status-publish","4":"has-post-thumbnail","6":"product_cat-essence-fr","8":"first","9":"instock","10":"product-type-simple"},"acf":[],"_links":{"self":[{"href":"https:\/\/sqmosaic.com\/fr\/wp-json\/wp\/v2\/product\/6676","targetHints":{"allow":["GET"]}}],"collection":[{"href":"https:\/\/sqmosaic.com\/fr\/wp-json\/wp\/v2\/product"}],"about":[{"href":"https:\/\/sqmosaic.com\/fr\/wp-json\/wp\/v2\/types\/product"}],"replies":[{"embeddable":true,"href":"https:\/\/sqmosaic.com\/fr\/wp-json\/wp\/v2\/comments?post=6676"}],"wp:featuredmedia":[{"embeddable":true,"href":"https:\/\/sqmosaic.com\/fr\/wp-json\/wp\/v2\/media\/6474"}],"wp:attachment":[{"href":"https:\/\/sqmosaic.com\/fr\/wp-json\/wp\/v2\/media?parent=6676"}],"wp:term":[{"taxonomy":"product_brand","embeddable":true,"href":"https:\/\/sqmosaic.com\/fr\/wp-json\/wp\/v2\/product_brand?post=6676"},{"taxonomy":"product_cat","embeddable":true,"href":"https:\/\/sqmosaic.com\/fr\/wp-json\/wp\/v2\/product_cat?post=6676"},{"taxonomy":"product_tag","embeddable":true,"href":"https:\/\/sqmosaic.com\/fr\/wp-json\/wp\/v2\/product_tag?post=6676"}],"curies":[{"name":"wp","href":"https:\/\/api.w.org\/{rel}","templated":true}]}}