{"id":6674,"date":"2025-09-15T13:02:28","date_gmt":"2025-09-15T11:02:28","guid":{"rendered":"https:\/\/sqmosaic.com\/catalog\/non%20class\u00e9\/fifty-gn105\/"},"modified":"2025-09-15T13:02:31","modified_gmt":"2025-09-15T11:02:31","slug":"fifty-gn105","status":"publish","type":"product","link":"https:\/\/sqmosaic.com\/fr\/products\/pool-fr\/genuine-fr\/fifty-gn105\/","title":{"rendered":"Fifty GN105"},"content":{"rendered":"<p>Ce mosa\u00efque, dans une jolie teinte bleu clair avec une finition brillante et un subtil effet nuanc\u00e9, cr\u00e9e une esth\u00e9tique fra\u00eeche et dynamique, parfaite pour les espaces souhaitant ajouter de la couleur et une impression de mouvement.<\/p>\n","protected":false},"excerpt":{"rendered":"<p>Ce mosa\u00efque, dans une jolie teinte bleu clair avec une finition brillante et un subtil effet nuanc\u00e9, cr\u00e9e une esth\u00e9tique fra\u00eeche et dynamique, parfaite pour les espaces souhaitant ajouter de la couleur et une impression de mouvement.<\/p>\n","protected":false},"featured_media":6480,"comment_status":"closed","ping_status":"open","template":"","meta":{"_acf_changed":false},"product_brand":[],"product_cat":[162],"product_tag":[],"class_list":{"0":"post-6674","1":"product","2":"type-product","3":"status-publish","4":"has-post-thumbnail","6":"product_cat-genuine-fr","8":"first","9":"instock","10":"product-type-simple"},"acf":[],"_links":{"self":[{"href":"https:\/\/sqmosaic.com\/fr\/wp-json\/wp\/v2\/product\/6674","targetHints":{"allow":["GET"]}}],"collection":[{"href":"https:\/\/sqmosaic.com\/fr\/wp-json\/wp\/v2\/product"}],"about":[{"href":"https:\/\/sqmosaic.com\/fr\/wp-json\/wp\/v2\/types\/product"}],"replies":[{"embeddable":true,"href":"https:\/\/sqmosaic.com\/fr\/wp-json\/wp\/v2\/comments?post=6674"}],"wp:featuredmedia":[{"embeddable":true,"href":"https:\/\/sqmosaic.com\/fr\/wp-json\/wp\/v2\/media\/6480"}],"wp:attachment":[{"href":"https:\/\/sqmosaic.com\/fr\/wp-json\/wp\/v2\/media?parent=6674"}],"wp:term":[{"taxonomy":"product_brand","embeddable":true,"href":"https:\/\/sqmosaic.com\/fr\/wp-json\/wp\/v2\/product_brand?post=6674"},{"taxonomy":"product_cat","embeddable":true,"href":"https:\/\/sqmosaic.com\/fr\/wp-json\/wp\/v2\/product_cat?post=6674"},{"taxonomy":"product_tag","embeddable":true,"href":"https:\/\/sqmosaic.com\/fr\/wp-json\/wp\/v2\/product_tag?post=6674"}],"curies":[{"name":"wp","href":"https:\/\/api.w.org\/{rel}","templated":true}]}}