{"id":6673,"date":"2025-09-15T13:02:28","date_gmt":"2025-09-15T11:02:28","guid":{"rendered":"https:\/\/sqmosaic.com\/catalog\/non%20class\u00e9\/fifty-gn104\/"},"modified":"2025-09-15T13:02:30","modified_gmt":"2025-09-15T11:02:30","slug":"fifty-gn104","status":"publish","type":"product","link":"https:\/\/sqmosaic.com\/fr\/products\/pool-fr\/genuine-fr\/fifty-gn104\/","title":{"rendered":"Fifty GN104"},"content":{"rendered":"<p>Intense et frappant, ce mosa\u00efque 50&#215;50 mm bleu vif avec une finition brillante et un effet d\u00e9grad\u00e9 ajoute une touche dramatique et moderne \u00e0 tout espace, refl\u00e9tant la lumi\u00e8re de mani\u00e8re spectaculaire.<\/p>\n","protected":false},"excerpt":{"rendered":"<p>Intense et frappant, ce mosa\u00efque 50&#215;50 mm bleu vif avec une finition brillante et un effet d\u00e9grad\u00e9 ajoute une touche dramatique et moderne \u00e0 tout espace, refl\u00e9tant la lumi\u00e8re de mani\u00e8re spectaculaire.<\/p>\n","protected":false},"featured_media":6477,"comment_status":"closed","ping_status":"open","template":"","meta":{"_acf_changed":false},"product_brand":[],"product_cat":[162],"product_tag":[],"class_list":{"0":"post-6673","1":"product","2":"type-product","3":"status-publish","4":"has-post-thumbnail","6":"product_cat-genuine-fr","8":"first","9":"instock","10":"product-type-simple"},"acf":[],"_links":{"self":[{"href":"https:\/\/sqmosaic.com\/fr\/wp-json\/wp\/v2\/product\/6673","targetHints":{"allow":["GET"]}}],"collection":[{"href":"https:\/\/sqmosaic.com\/fr\/wp-json\/wp\/v2\/product"}],"about":[{"href":"https:\/\/sqmosaic.com\/fr\/wp-json\/wp\/v2\/types\/product"}],"replies":[{"embeddable":true,"href":"https:\/\/sqmosaic.com\/fr\/wp-json\/wp\/v2\/comments?post=6673"}],"wp:featuredmedia":[{"embeddable":true,"href":"https:\/\/sqmosaic.com\/fr\/wp-json\/wp\/v2\/media\/6477"}],"wp:attachment":[{"href":"https:\/\/sqmosaic.com\/fr\/wp-json\/wp\/v2\/media?parent=6673"}],"wp:term":[{"taxonomy":"product_brand","embeddable":true,"href":"https:\/\/sqmosaic.com\/fr\/wp-json\/wp\/v2\/product_brand?post=6673"},{"taxonomy":"product_cat","embeddable":true,"href":"https:\/\/sqmosaic.com\/fr\/wp-json\/wp\/v2\/product_cat?post=6673"},{"taxonomy":"product_tag","embeddable":true,"href":"https:\/\/sqmosaic.com\/fr\/wp-json\/wp\/v2\/product_tag?post=6673"}],"curies":[{"name":"wp","href":"https:\/\/api.w.org\/{rel}","templated":true}]}}