{"id":6672,"date":"2025-09-15T13:02:28","date_gmt":"2025-09-15T11:02:28","guid":{"rendered":"https:\/\/sqmosaic.com\/catalog\/non%20class\u00e9\/fifty-gn106\/"},"modified":"2025-09-15T13:02:28","modified_gmt":"2025-09-15T11:02:28","slug":"fifty-gn106","status":"publish","type":"product","link":"https:\/\/sqmosaic.com\/fr\/products\/pool-fr\/genuine-fr\/fifty-gn106\/","title":{"rendered":"Fifty GN106"},"content":{"rendered":"<p>Ce mosa\u00efque bleu fonc\u00e9 de 50&#215;50 mm avec une finition brillante refl\u00e8te la lumi\u00e8re et apporte de la profondeur visuelle gr\u00e2ce \u00e0 son subtil effet nuanc\u00e9. Id\u00e9al pour insuffler \u00e9nergie et chaleur \u00e0 vos espaces.<\/p>\n","protected":false},"excerpt":{"rendered":"<p>Ce mosa\u00efque bleu fonc\u00e9 de 50&#215;50 mm avec une finition brillante refl\u00e8te la lumi\u00e8re et apporte de la profondeur visuelle gr\u00e2ce \u00e0 son subtil effet nuanc\u00e9. Id\u00e9al pour insuffler \u00e9nergie et chaleur \u00e0 vos espaces.<\/p>\n","protected":false},"featured_media":6483,"comment_status":"closed","ping_status":"open","template":"","meta":{"_acf_changed":false},"product_brand":[],"product_cat":[162],"product_tag":[],"class_list":{"0":"post-6672","1":"product","2":"type-product","3":"status-publish","4":"has-post-thumbnail","6":"product_cat-genuine-fr","8":"first","9":"instock","10":"product-type-simple"},"acf":[],"_links":{"self":[{"href":"https:\/\/sqmosaic.com\/fr\/wp-json\/wp\/v2\/product\/6672","targetHints":{"allow":["GET"]}}],"collection":[{"href":"https:\/\/sqmosaic.com\/fr\/wp-json\/wp\/v2\/product"}],"about":[{"href":"https:\/\/sqmosaic.com\/fr\/wp-json\/wp\/v2\/types\/product"}],"replies":[{"embeddable":true,"href":"https:\/\/sqmosaic.com\/fr\/wp-json\/wp\/v2\/comments?post=6672"}],"wp:featuredmedia":[{"embeddable":true,"href":"https:\/\/sqmosaic.com\/fr\/wp-json\/wp\/v2\/media\/6483"}],"wp:attachment":[{"href":"https:\/\/sqmosaic.com\/fr\/wp-json\/wp\/v2\/media?parent=6672"}],"wp:term":[{"taxonomy":"product_brand","embeddable":true,"href":"https:\/\/sqmosaic.com\/fr\/wp-json\/wp\/v2\/product_brand?post=6672"},{"taxonomy":"product_cat","embeddable":true,"href":"https:\/\/sqmosaic.com\/fr\/wp-json\/wp\/v2\/product_cat?post=6672"},{"taxonomy":"product_tag","embeddable":true,"href":"https:\/\/sqmosaic.com\/fr\/wp-json\/wp\/v2\/product_tag?post=6672"}],"curies":[{"name":"wp","href":"https:\/\/api.w.org\/{rel}","templated":true}]}}