{"id":5267,"date":"2023-06-20T09:10:16","date_gmt":"2023-06-20T09:10:16","guid":{"rendered":"http:\/\/sqmosaic.com\/?post_type=product&#038;p=5267"},"modified":"2025-09-15T16:25:04","modified_gmt":"2025-09-15T14:25:04","slug":"ab5-fluor-white-a","status":"publish","type":"product","link":"https:\/\/sqmosaic.com\/fr\/products\/special-finishes-fr\/ab5-fr-2\/ab5-fluor-white-a\/","title":{"rendered":"AB5 Fluor White-A"},"content":{"rendered":"<p>Cette pi\u00e8ce verticale pour coins int\u00e9rieurs prot\u00e8ge non seulement les surfaces mais illumine \u00e9galement son environnement avec un effet luminescent, offrant une finition blanche mate antid\u00e9rapante qui allie s\u00e9curit\u00e9 et style.<\/p>\n","protected":false},"excerpt":{"rendered":"<table class=\"data-table\">\n<tbody>\n<tr>\n<td>R\u00e9f\u00e9rence<\/td>\n<td>4995<\/td>\n<\/tr>\n<tr>\n<td>Format<\/td>\n<td>\n<table class=\"data-table\">\n<tbody>\n<tr>\n<td>5 x 5 cm<\/td>\n<\/tr>\n<\/tbody>\n<\/table>\n<\/td>\n<\/tr>\n<tr>\n<td>Emballage<\/td>\n<td>Sold by unit<\/td>\n<\/tr>\n<\/tbody>\n<\/table>\n<style> \r\n.filter-button, .header-wrapper.stuck {display:none}\r\n.shop-container {width: 85%; margin: auto}\r\n.product-container.has-mask.mask-angled-large {margin-top:600px; background:#fff; padding-top:350px}\r\n.top-color {background-color:#26cad3; height:80px;margin-top:-150px }\r\n.color {background-color:#26cad3; height:300px;  }\r\n.white.mask-angled-large {background-color:#fff; height:300px;}\r\n.product-main {padding: 0; margin:-40px 0}\r\n.product-footer {margin-top:90px}\r\n.col-divided {border-right: 0px solid #ececec;}\r\n.button.icon i {padding-top:4px !important}\r\n.accordion { margin-bottom:30px}\r\n.accordion-title {font-size: 100% !important;}\r\ntable.data-table tr td {padding: .3em;}\r\n.data-table {background-color:#f9f9f9; padding:20px; margin-bottom:30px}\r\n@-moz-document url-prefix() {\r\n.mask-angled-large {\r\n    margin-top: -230px !important;}\r\n.product-main {\r\n   margin: -240px 0 !important;\r\npadding-bottom: 200px;\r\n}\r\n}\r\n<\/style>\n<div class=\"accordion\" rel=\"\">\n<div class=\"accordion-item\"><a href=\"#\" class=\"accordion-title plain\"><button class=\"toggle\"><i class=\"icon-angle-down\"><\/i><\/button><span>Outils de marketing<\/span><\/a><div class=\"accordion-inner\">\n<i class=\"fa fa-file-pdf-o\"><\/i> <a href=\"http:\/\/sqmosaic.com\/wp-content\/uploads\/2023\/06\/Special_Finishes-SQUAMERS.pdf\" target=\"_blank\" rel=\"noopener noreferrer\">Download Serie Brochure<\/a><br \/>\n<\/div><\/div>\n<div class=\"accordion-item\"><a href=\"#\" class=\"accordion-title plain\"><button class=\"toggle\"><i class=\"icon-angle-down\"><\/i><\/button><span>Guides<\/span><\/a><div class=\"accordion-inner\">\n<i class=\"fa fa-file-pdf-o\"><\/i> <a href=\"http:\/\/sqmosaic.com\/wp-content\/uploads\/2023\/06\/Ficha-Tecnica-AngleBind.pdf\" target=\"_blank\" rel=\"noopener noreferrer\">Download Guide<\/a><br \/>\n<\/div><\/div>\n<div class=\"accordion-item\"><a href=\"#\" class=\"accordion-title plain\"><button class=\"toggle\"><i class=\"icon-angle-down\"><\/i><\/button><span>Information technique<\/span><\/a><div class=\"accordion-inner\">\n<i class=\"fa fa-file-text-o\"><\/i> <a href=\"http:\/\/sqmosaic.com\/wp-content\/uploads\/2023\/06\/Ficha-Tecnica-AB1-2-3-4-5-1.pdf\" target=\"_blank\" rel=\"noopener noreferrer\">Download Tech Info<\/a><br \/>\n<\/div><\/div>\n<\/div>\n","protected":false},"featured_media":5568,"comment_status":"closed","ping_status":"closed","template":"","meta":{"_acf_changed":false},"product_brand":[],"product_cat":[213,231],"product_tag":[],"class_list":{"0":"post-5267","1":"product","2":"type-product","3":"status-publish","4":"has-post-thumbnail","6":"product_cat-special-finishes-fr","7":"product_cat-ab5-fr-2","9":"first","10":"instock","11":"shipping-taxable","12":"product-type-simple"},"acf":[],"_links":{"self":[{"href":"https:\/\/sqmosaic.com\/fr\/wp-json\/wp\/v2\/product\/5267","targetHints":{"allow":["GET"]}}],"collection":[{"href":"https:\/\/sqmosaic.com\/fr\/wp-json\/wp\/v2\/product"}],"about":[{"href":"https:\/\/sqmosaic.com\/fr\/wp-json\/wp\/v2\/types\/product"}],"replies":[{"embeddable":true,"href":"https:\/\/sqmosaic.com\/fr\/wp-json\/wp\/v2\/comments?post=5267"}],"wp:featuredmedia":[{"embeddable":true,"href":"https:\/\/sqmosaic.com\/fr\/wp-json\/wp\/v2\/media\/5568"}],"wp:attachment":[{"href":"https:\/\/sqmosaic.com\/fr\/wp-json\/wp\/v2\/media?parent=5267"}],"wp:term":[{"taxonomy":"product_brand","embeddable":true,"href":"https:\/\/sqmosaic.com\/fr\/wp-json\/wp\/v2\/product_brand?post=5267"},{"taxonomy":"product_cat","embeddable":true,"href":"https:\/\/sqmosaic.com\/fr\/wp-json\/wp\/v2\/product_cat?post=5267"},{"taxonomy":"product_tag","embeddable":true,"href":"https:\/\/sqmosaic.com\/fr\/wp-json\/wp\/v2\/product_tag?post=5267"}],"curies":[{"name":"wp","href":"https:\/\/api.w.org\/{rel}","templated":true}]}}