{"id":4294,"date":"2021-11-30T11:40:08","date_gmt":"2021-11-30T11:40:08","guid":{"rendered":"http:\/\/sqmosaic.com\/?post_type=product&#038;p=4294\/"},"modified":"2025-09-15T16:24:32","modified_gmt":"2025-09-15T14:24:32","slug":"jenysia","status":"publish","type":"product","link":"https:\/\/sqmosaic.com\/fr\/products\/pool-fr\/identity-pool-fr\/jenysia\/","title":{"rendered":"Jenysia"},"content":{"rendered":"<p>Artistique et rafra\u00eechissant, ce mosa\u00efque dans des tons de vert turquoise et de bleu avec une finition brillante et une texture rappelant une aquarelle peinte \u00e0 la main apporte cr\u00e9ativit\u00e9 et l\u00e9g\u00e8ret\u00e9 \u00e0 tout espace.<\/p>\n","protected":false},"excerpt":{"rendered":"<table class=\"data-table\">\n<tbody>\n<tr>\n<td>R\u00e9f\u00e9rence<\/td>\n<td>5630<\/td>\n<\/tr>\n<tr>\n<td>Format<\/td>\n<td>25 x 25 mm<\/td>\n<\/tr>\n<tr>\n<td>Dimension des plaques<\/td>\n<td>311 x 467 mm<\/td>\n<\/tr>\n<tr>\n<td>M2\/caisse<\/td>\n<td>2,03 m2<\/td>\n<\/tr>\n<tr>\n<td>Support<\/td>\n<td>Dot Link<\/td>\n<\/tr>\n<tr>\n<td>Emballage<\/td>\n<td>Un<\/td>\n<\/tr>\n<\/tbody>\n<\/table>\n<style> \r\n.filter-button, .header-wrapper.stuck {display:none}\r\n.shop-container {width: 85%; margin: auto}\r\n.product-container.has-mask.mask-angled-large {margin-top:600px; background:#fff; padding-top:350px}\r\n.top-color {background-color:#26cad3; height:80px;margin-top:-150px }\r\n.color {background-color:#26cad3; height:300px;  }\r\n.white.mask-angled-large {background-color:#fff; height:300px;}\r\n.product-main {padding: 0; margin:-40px 0}\r\n.product-footer {margin-top:90px}\r\n.col-divided {border-right: 0px solid #ececec;}\r\n.button.icon i {padding-top:4px !important}\r\n.accordion { margin-bottom:30px}\r\n.accordion-title {font-size: 100% !important;}\r\ntable.data-table tr td {padding: .3em;}\r\n.data-table {background-color:#f9f9f9; padding:20px; margin-bottom:30px}\r\n@-moz-document url-prefix() {\r\n.mask-angled-large {\r\n    margin-top: -230px !important;}\r\n.product-main {\r\n   margin: -240px 0 !important;\r\npadding-bottom: 200px;\r\n}\r\n}\r\n<\/style>\n<div class=\"accordion\" rel=\"\">\n<div class=\"accordion-item\"><a href=\"#\" class=\"accordion-title plain\"><button class=\"toggle\"><i class=\"icon-angle-down\"><\/i><\/button><span>Outils de marketing<\/span><\/a><div class=\"accordion-inner\">\n<i class=\"fa fa-file-pdf-o\"><\/i> <a href=\"http:\/\/sqmosaic.com\/wp-content\/uploads\/2022\/05\/Identity_Pool-SQUAMERS.pdf\" target=\"_blank\" rel=\"noopener noreferrer\">Download Serie Brochure<\/a><br \/>\n<\/div><\/div>\n<div class=\"accordion-item\"><a href=\"#\" class=\"accordion-title plain\"><button class=\"toggle\"><i class=\"icon-angle-down\"><\/i><\/button><span>Guides<\/span><\/a><div class=\"accordion-inner\">\n<i class=\"fa fa-file-pdf-o\"><\/i> <a href=\"http:\/\/sqmosaic.com\/wp-content\/uploads\/2017\/03\/Consejos-de-Aplicacio\u0301n.pdf\" target=\"_blank\" rel=\"noopener noreferrer\">Download Guide<\/a><br \/>\n<\/div><\/div>\n<div class=\"accordion-item\"><a href=\"#\" class=\"accordion-title plain\"><button class=\"toggle\"><i class=\"icon-angle-down\"><\/i><\/button><span>Information technique<\/span><\/a><div class=\"accordion-inner\">\n<i class=\"fa fa-file-text-o\"><\/i> <a href=\"http:\/\/sqmosaic.com\/wp-content\/uploads\/2017\/05\/SQUAMERS_Tech_Info_Packing_ONE.pdf\" target=\"_blank\" rel=\"noopener noreferrer\">Download Tech Info<\/a><br \/>\n<\/div><\/div>\n<\/div>\n","protected":false},"featured_media":5739,"comment_status":"closed","ping_status":"closed","template":"","meta":{"_acf_changed":false},"product_brand":[],"product_cat":[161,164],"product_tag":[],"class_list":{"0":"post-4294","1":"product","2":"type-product","3":"status-publish","4":"has-post-thumbnail","6":"product_cat-pool-fr","7":"product_cat-identity-pool-fr","9":"first","10":"instock","11":"shipping-taxable","12":"product-type-simple"},"acf":[],"_links":{"self":[{"href":"https:\/\/sqmosaic.com\/fr\/wp-json\/wp\/v2\/product\/4294","targetHints":{"allow":["GET"]}}],"collection":[{"href":"https:\/\/sqmosaic.com\/fr\/wp-json\/wp\/v2\/product"}],"about":[{"href":"https:\/\/sqmosaic.com\/fr\/wp-json\/wp\/v2\/types\/product"}],"replies":[{"embeddable":true,"href":"https:\/\/sqmosaic.com\/fr\/wp-json\/wp\/v2\/comments?post=4294"}],"wp:featuredmedia":[{"embeddable":true,"href":"https:\/\/sqmosaic.com\/fr\/wp-json\/wp\/v2\/media\/5739"}],"wp:attachment":[{"href":"https:\/\/sqmosaic.com\/fr\/wp-json\/wp\/v2\/media?parent=4294"}],"wp:term":[{"taxonomy":"product_brand","embeddable":true,"href":"https:\/\/sqmosaic.com\/fr\/wp-json\/wp\/v2\/product_brand?post=4294"},{"taxonomy":"product_cat","embeddable":true,"href":"https:\/\/sqmosaic.com\/fr\/wp-json\/wp\/v2\/product_cat?post=4294"},{"taxonomy":"product_tag","embeddable":true,"href":"https:\/\/sqmosaic.com\/fr\/wp-json\/wp\/v2\/product_tag?post=4294"}],"curies":[{"name":"wp","href":"https:\/\/api.w.org\/{rel}","templated":true}]}}