{"id":3313,"date":"2019-01-16T15:29:22","date_gmt":"2019-01-16T15:29:22","guid":{"rendered":"http:\/\/sqmosaic.com\/?post_type=product&#038;p=3313\/"},"modified":"2025-09-15T16:24:15","modified_gmt":"2025-09-15T14:24:15","slug":"emperor","status":"publish","type":"product","link":"https:\/\/sqmosaic.com\/fr\/products\/pool-fr\/genuine-fr\/emperor\/","title":{"rendered":"Emperor"},"content":{"rendered":"<p>Exquis et unique, ce mosa\u00efque vert et blanc avec une finition brillante et des d\u00e9tails nacr\u00e9s ajoute une touche de luxe et de sophistication, parfait pour mettre en valeur les zones sp\u00e9ciales.<\/p>\n","protected":false},"excerpt":{"rendered":"<table class=\"data-table\">\n<tbody>\n<tr>\n<td>R\u00e9f\u00e9rence<\/td>\n<td>5589<\/td>\n<\/tr>\n<tr>\n<td>Format<\/td>\n<td>25 x 25 mm<\/td>\n<\/tr>\n<tr>\n<td>Dimension des plaques<\/td>\n<td>311 x 467 mm<\/td>\n<\/tr>\n<tr>\n<td>M2\/caisse<\/td>\n<td>2,03 m2<\/td>\n<\/tr>\n<tr>\n<td>Support<\/td>\n<td>Dot Link<\/td>\n<\/tr>\n<tr>\n<td>Emballage<\/td>\n<td>Un<\/td>\n<\/tr>\n<\/tbody>\n<\/table>\n<style> \r\n.filter-button, .header-wrapper.stuck {display:none}\r\n.shop-container {width: 85%; margin: auto}\r\n.product-container.has-mask.mask-angled-large {margin-top:600px; background:#fff; padding-top:350px}\r\n.top-color {background-color:#26cad3; height:80px;margin-top:-150px }\r\n.color {background-color:#26cad3; height:300px;  }\r\n.white.mask-angled-large {background-color:#fff; height:300px;}\r\n.product-main {padding: 0; margin:-40px 0}\r\n.product-footer {margin-top:90px}\r\n.col-divided {border-right: 0px solid #ececec;}\r\n.button.icon i {padding-top:4px !important}\r\n.accordion { margin-bottom:30px}\r\n.accordion-title {font-size: 100% !important;}\r\ntable.data-table tr td {padding: .3em;}\r\n.data-table {background-color:#f9f9f9; padding:20px; margin-bottom:30px}\r\n@-moz-document url-prefix() {\r\n.mask-angled-large {\r\n    margin-top: -230px !important;}\r\n.product-main {\r\n   margin: -240px 0 !important;\r\npadding-bottom: 200px;\r\n}\r\n}\r\n<\/style>\n<div class=\"accordion\" rel=\"\">\n<div class=\"accordion-item\"><a href=\"#\" class=\"accordion-title plain\"><button class=\"toggle\"><i class=\"icon-angle-down\"><\/i><\/button><span>Outils de marketing<\/span><\/a><div class=\"accordion-inner\">\n<i class=\"fa fa-file-pdf-o\"><\/i> <a href=\"http:\/\/sqmosaic.com\/wp-content\/uploads\/2022\/05\/Spirit_Pool-SQUAMERS.pdf\" target=\"_blank\" rel=\"noopener noreferrer\">Download Serie Brochure<\/a><br \/>\n<\/div><\/div>\n<div class=\"accordion-item\"><a href=\"#\" class=\"accordion-title plain\"><button class=\"toggle\"><i class=\"icon-angle-down\"><\/i><\/button><span>Guides<\/span><\/a><div class=\"accordion-inner\">\n<i class=\"fa fa-file-pdf-o\"><\/i> <a href=\"http:\/\/sqmosaic.com\/wp-content\/uploads\/2017\/03\/Consejos-de-Aplicacio\u0301n.pdf\" target=\"_blank\" rel=\"noopener noreferrer\">Download Guide<\/a><br \/>\n<\/div><\/div>\n<div class=\"accordion-item\"><a href=\"#\" class=\"accordion-title plain\"><button class=\"toggle\"><i class=\"icon-angle-down\"><\/i><\/button><span>Information technique<\/span><\/a><div class=\"accordion-inner\">\n<i class=\"fa fa-file-text-o\"><\/i> <a href=\"http:\/\/sqmosaic.com\/wp-content\/uploads\/2017\/05\/SQUAMERS_Tech_Info_Packing_ONE.pdf\" target=\"_blank\" rel=\"noopener noreferrer\">Download Tech Info<\/a><br \/>\n<\/div><\/div>\n<\/div>\n","protected":false},"featured_media":5643,"comment_status":"closed","ping_status":"closed","template":"","meta":{"_acf_changed":false},"product_brand":[],"product_cat":[161,162],"product_tag":[],"class_list":{"0":"post-3313","1":"product","2":"type-product","3":"status-publish","4":"has-post-thumbnail","6":"product_cat-pool-fr","7":"product_cat-genuine-fr","9":"first","10":"instock","11":"shipping-taxable","12":"product-type-simple"},"acf":[],"_links":{"self":[{"href":"https:\/\/sqmosaic.com\/fr\/wp-json\/wp\/v2\/product\/3313","targetHints":{"allow":["GET"]}}],"collection":[{"href":"https:\/\/sqmosaic.com\/fr\/wp-json\/wp\/v2\/product"}],"about":[{"href":"https:\/\/sqmosaic.com\/fr\/wp-json\/wp\/v2\/types\/product"}],"replies":[{"embeddable":true,"href":"https:\/\/sqmosaic.com\/fr\/wp-json\/wp\/v2\/comments?post=3313"}],"wp:featuredmedia":[{"embeddable":true,"href":"https:\/\/sqmosaic.com\/fr\/wp-json\/wp\/v2\/media\/5643"}],"wp:attachment":[{"href":"https:\/\/sqmosaic.com\/fr\/wp-json\/wp\/v2\/media?parent=3313"}],"wp:term":[{"taxonomy":"product_brand","embeddable":true,"href":"https:\/\/sqmosaic.com\/fr\/wp-json\/wp\/v2\/product_brand?post=3313"},{"taxonomy":"product_cat","embeddable":true,"href":"https:\/\/sqmosaic.com\/fr\/wp-json\/wp\/v2\/product_cat?post=3313"},{"taxonomy":"product_tag","embeddable":true,"href":"https:\/\/sqmosaic.com\/fr\/wp-json\/wp\/v2\/product_tag?post=3313"}],"curies":[{"name":"wp","href":"https:\/\/api.w.org\/{rel}","templated":true}]}}