{"id":3980,"date":"2020-06-02T11:43:33","date_gmt":"2020-06-02T11:43:33","guid":{"rendered":"http:\/\/sqmosaic.com\/?page_id=3980\/"},"modified":"2025-05-20T16:59:30","modified_gmt":"2025-05-20T14:59:30","slug":"annonce-legale","status":"publish","type":"page","link":"https:\/\/sqmosaic.com\/fr\/annonce-legale\/","title":{"rendered":"Annonce L\u00e9gale"},"content":{"rendered":"  <section class=\"section\" id=\"section_530133687\">\n      <div class=\"bg section-bg fill bg-fill  bg-loaded\" >\n\n        \n        \n        \n        \n        \n        \n\n      <\/div><!-- .section-bg -->\n\n      <div class=\"section-content relative\">\n        \n<div class=\"gap-element\" style=\"display:block; height:auto; padding-top:300px\" class=\"clearfix\"><\/div>\n      <\/div><!-- .section-content -->\n\n      \n<style scope=\"scope\">\n\n#section_530133687 {\n  padding-top: 30px;\n  padding-bottom: 30px;\n  background-color: #26CAD3;\n}\n<\/style>\n  <\/section>\n  \n  <section class=\"section has-mask mask-angled-large\" id=\"section_2091816944\">\n      <div class=\"bg section-bg fill bg-fill  bg-loaded\" >\n\n        \n        \n        \n        \n        \n        \n\n      <\/div><!-- .section-bg -->\n\n      <div class=\"section-content relative\">\n        \n<div class=\"gap-element\" style=\"display:block; height:auto; padding-top:120px\" class=\"clearfix\"><\/div>\n<div class=\"row row-firefox1\" style=\"max-width:80%\" id=\"row-1404511510\">\n<div class=\"col small-12 large-12\"  ><div class=\"col-inner\"  >\n<h2 style=\"text-align: right;\"><span style=\"font-size: 200%; line-height: .8em;\">ANNONCE<\/span><br \/>\n<span style=\"font-size: 200%; line-height: .8em;\"><strong>L\u00c9GALE<\/strong>\/<\/span><\/h2>\n<\/div><\/div>\n\n<style scope=\"scope\">\n\n<\/style>\n<\/div>\n<div class=\"row row-firefox2\" style=\"max-width:80%\" id=\"row-1130139506\">\n<div class=\"col medium-10 small-12 large-10\"  ><div class=\"col-inner\" style=\"margin:0px 0px 0px 0px;\" >\n<div class=\"gap-element\" style=\"display:block; height:auto; padding-top:30px\" class=\"clearfix\"><\/div>\n<h2 class=\"p1\"><b><\/b><span class=\"s1\"><b>\/PROTECTION DES DONNEES ET DES RENSEIGNEMENTS PERSONNELS <\/b><\/span><\/h2>\n<p class=\"p3\">Squamers Mosaic, S.L.U. est une entreprise dans laquelle la transparence de l&rsquo;information est essentielle pour \u00e9tablir des relations de confiance avec les personnes qui composent notre projet et avec nos fournisseurs et clients, et la protection des donn\u00e9es personnelles de ceux qui nous font confiance est d&rsquo;une importance capitale. C&rsquo;est pourquoi nous souhaitons que la pr\u00e9sente politique de confidentialit\u00e9 et de protection des donn\u00e9es personnelles vous informe sur la mani\u00e8re dont nous recueillons, traitons et utilisons les donn\u00e9es.<\/p>\n<p class=\"p3\">La pr\u00e9sente politique de confidentialit\u00e9 et de protection des donn\u00e9es personnelles \u00e9tablit les bases sur lesquelles la soci\u00e9t\u00e9 Squamers Mosaic, S.L.U., dont le si\u00e8ge social est situ\u00e9 \u00e0 Traves\u00eda 3\u00aa Camino Viejo, S\/N, Onda 12200, Castell\u00f3n (Spain), traite les donn\u00e9es personnelles que nos utilisateurs nous envoient volontairement par le biais du site web.<\/p>\n<p class=\"p3\">Cette politique sera toujours applicable lorsque les donn\u00e9es seront envoy\u00e9es \u00e0 Squamers Mosaic, S.L.U., qui sera responsable de vos donn\u00e9es (Contr\u00f4leur des donn\u00e9es), y compris les donn\u00e9es saisies dans l&rsquo;un des formulaires de contact ou d&rsquo;abonnement qui recueillent des donn\u00e9es personnelles (nom, courriel, etc.).<\/p>\n<h3 class=\"p2\"><span class=\"s1\"><b>\/NOTRE ENGAGEMENT<\/b><\/span><\/h3>\n<ul class=\"ul1\">\n<li class=\"li4\">Respecter la confidentialit\u00e9 de nos utilisateurs et traiter leurs donn\u00e9es personnelles avec leur consentement.<\/li>\n<li class=\"li4\">Traiter les donn\u00e9es personnelles dont nous avons strictement besoin pour fournir le service demand\u00e9 et traiter les donn\u00e9es de mani\u00e8re s\u00fbre et confidentielle, en prenant les mesures n\u00e9cessaires pour emp\u00eacher tout acc\u00e8s non autoris\u00e9 et toute utilisation abusive de celles-ci.<\/li>\n<li class=\"li4\">Ne pas utiliser les donn\u00e9es personnelles \u00e0 des fins pour lesquelles nous n&rsquo;avons pas obtenu de consentement pr\u00e9alable<\/li>\n<li class=\"li4\">Ne pas envoyer d&rsquo;informations personnelles \u00e0 des tiers ni partager ces donn\u00e9es.<\/li>\n<li class=\"li4\">Garder les donn\u00e9es personnelles aussi longtemps que cela est strictement n\u00e9cessaire pour le but sp\u00e9cifique pour lequel les donn\u00e9es ont \u00e9t\u00e9 fournies, avec une r\u00e9vision r\u00e9guli\u00e8re de ces besoins et la suppression des donn\u00e9es qui ne sont pas n\u00e9cessaires.<\/li>\n<\/ul>\n<h3 class=\"p2\"><span class=\"s1\"><b>\/QUELLES SONT LES RENSEIGNEMENTS PERSONNELS QUE NOUS UTILISONS?<\/b><\/span><\/h3>\n<p class=\"p2\">Par le biais de notre site web, nous pouvons recueillir des donn\u00e9es personnelles \u00e0 diff\u00e9rentes fins:<\/p>\n<ul class=\"ul1\">\n<li class=\"li4\">Demande d&rsquo;information de l&rsquo;utilisateur.<\/li>\n<\/ul>\n<p class=\"p3\">En fonction de l&rsquo;objectif pour lequel les donn\u00e9es sont fournies, seules les donn\u00e9es strictement n\u00e9cessaires seront demand\u00e9es.<\/p>\n<p class=\"p3\">Il est important que l&rsquo;utilisateur soit conscient des donn\u00e9es fournies et de la finalit\u00e9 pour laquelle elles sont fournies car, ce faisant, il nous autorise \u00e0 collecter, stocker et utiliser ces donn\u00e9es pour la finalit\u00e9 requise et il peut \u00e0 tout moment retirer le consentement fourni par les voies appropri\u00e9es, le consentement de l&rsquo;int\u00e9ress\u00e9 \u00e9tant la base juridique et la l\u00e9gitimit\u00e9 du traitement de ses donn\u00e9es personnelles.<\/p>\n<h3 class=\"p2\"><span class=\"s1\"><b>\/EXACTITUDE ET V\u00c9RACIT\u00c9 DES DONN\u00c9ES<\/b><\/span><\/h3>\n<p class=\"p3\">L&rsquo;utilisateur, lorsqu&rsquo;il fournit les donn\u00e9es requises dans les formulaires, est le seul responsable de la v\u00e9racit\u00e9 des donn\u00e9es soumises. Il garantit et est responsable de l&rsquo;exactitude, de la validit\u00e9 et de l&rsquo;authenticit\u00e9 des donn\u00e9es personnelles fournies et s&rsquo;engage \u00e0 les tenir \u00e0 jour.<\/p>\n<h3 class=\"p2\"><span class=\"s1\"><b>\/QUELS SONT VOS DROITS SUR LES DONN\u00c9ES PERSONNELLES FOURNIES?<\/b><\/span><\/h3>\n<p class=\"p3\">Une fois que les donn\u00e9es personnelles sont fournies, vous aurez le droit de:<\/p>\n<ul class=\"ul1\">\n<li class=\"li4\">poser toute question et d&rsquo;\u00eatre inform\u00e9 de la mani\u00e8re dont nous utilisons les donn\u00e9es et d&rsquo;obtenir <b>l&rsquo;ACC\u00c8S<\/b> \u00e0 ces donn\u00e9es<\/li>\n<li class=\"li4\">demander que vos donn\u00e9es soient corrig\u00e9es ou <b>SUPPRIM\u00c9ES<\/b> ou que des <b>RESTRICTIONS<\/b> soient impos\u00e9es \u00e0 leur traitement<\/li>\n<li class=\"li4\">vous <b>OPPOSER<\/b> au traitement de vos donn\u00e9es<\/li>\n<li class=\"li4\"><b>RETIREZ<\/b> votre consentement sous r\u00e9serve de restrictions l\u00e9gales ou contractuelles<\/li>\n<li class=\"li4\">demander<b> LA PORTABILIT\u00c9 DES DONN\u00c9ES<\/b><\/li>\n<\/ul>\n<p class=\"p3\">Vous pouvez exercer ces droits \u00e0 tout moment, par \u00e9crit, accompagn\u00e9 d&rsquo;une preuve de votre identit\u00e9, adress\u00e9e \u00e0 Squamers Mosaic, S.L.U., Traves\u00eda 3\u00aa Camino Viejo, S\/N, Onda 12200, Castell\u00f3n (Spain), ou en utilisant l&rsquo;adresse \u00e9lectronique :rrhh@squamers.com<\/p>\n<p class=\"p3\">Vous pouvez \u00e9galement d\u00e9poser une plainte aupr\u00e8s de l&rsquo;autorit\u00e9 de contr\u00f4le, en l&rsquo;occurrence l&rsquo;Agence espagnole de protection des donn\u00e9es, si vous estimez que le traitement de vos donn\u00e9es \u00e0 caract\u00e8re personnel viole la l\u00e9gislation applicable.<\/p>\n<h3 class=\"p2\"><span class=\"s1\"><b>\/S\u00c9CURIT\u00c9 ET STOCKAGE DES DONN\u00c9ES<\/b><\/span><\/h3>\n<p class=\"p3\">Nous conserverons les donn\u00e9es pendant le temps strictement n\u00e9cessaire \u00e0 la fourniture du service demand\u00e9 et aussi longtemps que le propri\u00e9taire ne demande pas leur suppression, en adoptant les mesures techniques et organisationnelles appropri\u00e9es contre tout traitement non autoris\u00e9 ou ill\u00e9gal et contre toute perte, destruction ou d\u00e9t\u00e9rioration accidentelle, et en faisant tout ce qui est possible pour prot\u00e9ger et conserver les donn\u00e9es en toute s\u00e9curit\u00e9.<\/p>\n<h3 class=\"p2\"><b>\/LES DESTINATAIRES DES DONN\u00c9ES \u00c0 CARACT\u00c8RE PERSONNEL:<\/b><\/h3>\n<p class=\"p3\">Il n&rsquo;est pas permis d&rsquo;autoriser le transfert de donn\u00e9es, sauf dans les cas o\u00f9 une obligation l\u00e9gale est contraignante. Le transfert international de donn\u00e9es n&rsquo;est pas pr\u00e9vu.<\/p>\n<h3 class=\"p4\"><span class=\"s1\"><b>\/ANNONCE L\u00c9GALE LSSI &#8211; CE <\/b><\/span><\/h3>\n<p class=\"p9\">Conform\u00e9ment \u00e0 la loi 34\/2002 du 11 juillet, relative aux Services de la Soci\u00e9t\u00e9 de l&rsquo;Information et le Commerce \u00c9lectronique, la personne morale informe qu&rsquo;elle est propri\u00e9taire du site web.<span class=\"Apple-converted-space\"><\/span>Conform\u00e9ment aux dispositions de l&rsquo;article 10, sous r\u00e9serve de la loi susmentionn\u00e9e, elle informe de ce qui suit :<\/p>\n<p class=\"p10\">Le propri\u00e9taire du site web est : Squamers Mosaic, S.L.U.<\/p>\n<p class=\"p10\">Num\u00e9ro d&rsquo;identification fiscale: B12512729<\/p>\n<p class=\"p10\">Adresse du si\u00e8ge social : Traves\u00eda 3\u00aa Camino Viejo, S\/N, Onda 12200, Castell\u00f3n (Spain)<\/p>\n<h3 class=\"p2\"><span class=\"s1\"><b>\/UTILISATEURS <\/b><\/span><\/h3>\n<p class=\"p9\">L&rsquo;acc\u00e8s et\/ou l&rsquo;utilisation du site vous conf\u00e8re la condition d&rsquo;UTILISATEUR, que vous acceptez, conform\u00e9ment aux conditions g\u00e9n\u00e9rales d&rsquo;utilisation \u00e9nonc\u00e9es ci-apr\u00e8s.<span class=\"Apple-converted-space\"><\/span>Ces conditions seront appliqu\u00e9es ind\u00e9pendamment des conditions g\u00e9n\u00e9rales d&rsquo;utilisation qui, dans votre cas, sont obligatoires.<\/p>\n<h3 class=\"p2\"><span class=\"s1\"><b>\/L&rsquo;UTILISATION DU SITE WEB<\/b><\/span><\/h3>\n<p class=\"p3\">La page web donne acc\u00e8s \u00e0 une vaste quantit\u00e9 d&rsquo;informations, de services, de programmes ou de donn\u00e9es (ci-apr\u00e8s, \u00ab\u00a0les contenus\u00a0\u00bb) sur Internet appartenant \u00e0 Squamers Mosaic, S.L.U. ou \u00e0 ses conc\u00e9dants de licence auxquels l&rsquo;UTILISATEUR peut avoir acc\u00e8s.<span class=\"Apple-converted-space\"><\/span>L&rsquo;UTILISATEUR assume la responsabilit\u00e9 de l&rsquo;utilisation du site web.<span class=\"Apple-converted-space\"><\/span>Cette responsabilit\u00e9 s&rsquo;\u00e9tend \u00e0 l&rsquo;enregistrement n\u00e9cessaire pour acc\u00e9der \u00e0 certains services ou contenus.<\/p>\n<p class=\"p9\">Dans ce registre, l&rsquo;UTILISATEUR sera responsable de fournir une information v\u00e9ridique et l\u00e9gale. En cons\u00e9quence de cet enregistrement, l&rsquo;UTILISATEUR peut se voir attribuer un mot de passe dont il sera responsable, en s&rsquo;engageant \u00e0 en faire un usage diligent et confidentiel. L&rsquo;UTILISATEUR s&rsquo;engage \u00e0 faire un usage correct des contenus et services qui Squamers Mosaic, S.L.U. offre \u00e0 travers son site web et qui sont significatifs mais non limitatifs et qui ne doivent pas \u00eatre utilis\u00e9s pour:<\/p>\n<ol class=\"ol1\">\n<li class=\"li12\">R\u00e9aliser des activit\u00e9s illicites, ill\u00e9gales ou contraires \u00e0 la bonne foi et \u00e0 l&rsquo;ordre public.<\/li>\n<li class=\"li12\">Diffuser des contenus ou de la propagande consid\u00e9r\u00e9s comme racistes, x\u00e9nophobes, pornographiques ou ill\u00e9gaux, d&rsquo;apologie du terrorisme ou de tentative de violation des droits de l&rsquo;homme.<\/li>\n<li class=\"li12\">Provoquer des dommages sur les syst\u00e8mes physiques ou informatiques de Squamers Mosaic, S.L.U., de ses fournisseurs ou de tiers, introduire ou diffuser des virus informatiques sur le web ou tout autre syst\u00e8me physique ou informatique pouvant causer des dommages tels que ceux mentionn\u00e9s pr\u00e9c\u00e9demment.<\/li>\n<li class=\"li12\">Tenter d&rsquo;acc\u00e9der et, \u00e9ventuellement, d&rsquo;utiliser les comptes de courrier \u00e9lectronique d&rsquo;autres utilisateurs et de modifier ou de manipuler leurs messages. Squamers Mosaic, S.L.U. se r\u00e9serve le droit de retirer tous les commentaires et contributions qui violent le respect de la dignit\u00e9 de la personne, qui sont discriminatoires, x\u00e9nophobes, racistes, pornographiques, qui portent atteinte \u00e0 la jeunesse ou \u00e0 l&rsquo;enfance, \u00e0 l&rsquo;ordre ou \u00e0 la s\u00e9curit\u00e9 publique ou qui, \u00e0 son avis, ne sont pas appropri\u00e9s pour sa publication. Dans tous les cas, Squamers Mosaic, S.L.U. ne sera pas responsable des opinions exprim\u00e9es par les utilisateurs \u00e0 travers les forums, chats ou autres outils de participation.<\/li>\n<\/ol>\n<h3 class=\"p2\"><span class=\"s1\"><b>\/PROPRI\u00c9T\u00c9 INTELLECTUELLE ET INDUSTRIELLE<\/b><\/span><\/h3>\n<p class=\"p3\">Squamers Mosaic, S.L.U. sera titulaire de tous les droits de propri\u00e9t\u00e9 industrielle et intellectuelle de sa page web, ainsi que des \u00e9l\u00e9ments qu&rsquo;elle contient (images, son, audio, vid\u00e9o, logiciel ou textes, marques ou logos, combinaison de couleurs, structure et design, s\u00e9lection des mat\u00e9riaux utilis\u00e9s, programmes informatiques n\u00e9cessaires \u00e0 son fonctionnement, acc\u00e8s et utilisation, etc.)<\/p>\n<p class=\"p3\">Tous droits r\u00e9serv\u00e9s. Conform\u00e9ment aux articles 8 et 32.1, deuxi\u00e8me paragraphe, de la loi sur la propri\u00e9t\u00e9 intellectuelle, la reproduction, la distribution et la communication publique sont express\u00e9ment interdites, y compris la mise \u00e0 disposition, totale ou partielle, du contenu de cette page web, \u00e0 des fins commerciales, par tout support ou moyen technique, sans l&rsquo;autorisation de Squamers Mosaic, S.L.U.. L&rsquo;UTILISATEUR s&rsquo;engage \u00e0 respecter les droits de propri\u00e9t\u00e9 intellectuelle et industrielle, propri\u00e9t\u00e9 de Squamers Mosaic, S.L.U.. Il pourra visualiser les \u00e9l\u00e9ments du site, y compris les imprimer, les copier ou les stocker dans le disque dur ou dans l&rsquo;ordinateur ou tout autre support physique, \u00e0 condition que ce soit uniquement et exclusivement pour son usage personnel et priv\u00e9. L&rsquo;UTILISATEUR s&rsquo;abstiendra de supprimer, alt\u00e9rer, \u00e9luder ou manipuler tout dispositif de protection ou syst\u00e8me de s\u00e9curit\u00e9 install\u00e9 dans les pages de Squamers Mosaic, S.L.U.<\/p>\n<h3 class=\"p2\"><span class=\"s1\"><b>\/EXCLUSION DES GARANTIES ET DES RESPONSABILIT\u00c9S<\/b><\/span><\/h3>\n<p class=\"p3\">Squamers Mosaic, S.L.U. n&rsquo;est en aucun cas responsable des dommages de toute nature qui pourraient causer, \u00e0 titre d&rsquo;illustration: des erreurs ou des omissions dans les contenus, un manque de disponibilit\u00e9 du site ou la transmission de virus ou de programmes malveillants ou nuisibles dans les contenus, bien qu&rsquo;elle ait adopt\u00e9 toutes les mesures technologiques n\u00e9cessaires pour \u00e9viter cela.<\/p>\n<h3 class=\"p2\"><span class=\"s1\"><b>\/MODIFICATIONS<\/b><\/span><\/h3>\n<p class=\"p3\">Squamers Mosaic, S.L.U. se r\u00e9serve le droit, sans avis pr\u00e9alable, d&rsquo;effectuer les modifications qu&rsquo;elle consid\u00e8re n\u00e9cessaires, pouvant ainsi changer, \u00e9liminer ou ajouter non seulement les contenus et services rendus par elle mais aussi la mani\u00e8re dont ils sont pr\u00e9sent\u00e9s ou situ\u00e9s dans le site.<\/p>\n<h3 class=\"p3\"><span class=\"s1\"><b>\/LIENS<\/b><\/span><\/h3>\n<p class=\"p3\">Dans le cas o\u00f9 la page web contiendrait des liens ou des hyperliens vers d&rsquo;autres sites Internet, Squamers Mosaic, S.L.U. n&rsquo;effectuera aucun type de contr\u00f4le de ces sites et de leur contenu. Squamers Mosaic, S.L.U. n&rsquo;assumera en aucun cas la responsabilit\u00e9 du contenu d&rsquo;un lien appartenant \u00e0 un autre site web, ni ne garantira la disponibilit\u00e9 technique, la qualit\u00e9, la fiabilit\u00e9, l&rsquo;exactitude, la v\u00e9racit\u00e9, la validit\u00e9 ou la constitutionnalit\u00e9 de tout mat\u00e9riel ou information contenu dans aucun de ces hyperliens ou autres sites Internet<\/p>\n<p class=\"p3\">De m\u00eame, l&rsquo;inclusion de ces connexions externes n&rsquo;impliquera aucun type d&rsquo;association, de fusion ou de participation avec les entit\u00e9s connect\u00e9es.<\/p>\n<h3 class=\"p2\"><span class=\"s1\"><b>\/DROIT D&rsquo;EXCLUSION<\/b><\/span><\/h3>\n<p class=\"p3\">Squamers Mosaic, S.L.U. se r\u00e9serve le droit de refuser ou de retirer l&rsquo;acc\u00e8s au site et\/ou aux services offerts, sans notification pr\u00e9alable, par elle-m\u00eame ou par un tiers, aux utilisateurs qui ne respectent pas les pr\u00e9sentes Conditions G\u00e9n\u00e9rales d&rsquo;Utilisation.<\/p>\n<h3 class=\"p3\"><span class=\"s1\"><b>\/G\u00c9N\u00c9RALIT\u00c9S<\/b><\/span><\/h3>\n<p class=\"p3\">Squamers Mosaic, S.L.U. poursuivra le non-respect des pr\u00e9sentes conditions, ainsi que toute utilisation douteuse de son site en exer\u00e7ant toutes les actions civiles et p\u00e9nales qui pourraient correspondre.<\/p>\n<h3 class=\"p2\"><span class=\"s1\"><b>\/MODIFICATION DES CONDITIONS ET DE LA DUR\u00c9E ACTUELLES<\/b><\/span><\/h3>\n<p class=\"p3\">Squamers Mosaic, S.L.U. pourra modifier \u00e0 tout moment les conditions d\u00e9termin\u00e9es ici, \u00e9tant d\u00fbment publi\u00e9es telles qu&rsquo;elles figurent dans le pr\u00e9sent document.<\/p>\n<p class=\"p3\">La validit\u00e9 des conditions mentionn\u00e9es d\u00e9pendra de leur exposition et sera en vigueur jusqu&rsquo;\u00e0 ce qu&rsquo;elles soient modifi\u00e9es par d&rsquo;autres conditions d\u00fbment publi\u00e9es.<\/p>\n<h3 class=\"p2\"><span class=\"s1\"><b>\/DROIT APPLICABLE ET COMP\u00c9TENCE JURIDICTIONNELLE<\/b><\/span><\/h3>\n<p class=\"p3\">La relation entre Squamers Mosaic, S.L.U. et l&rsquo;UTILISATEUR sera r\u00e9gie par la r\u00e9glementation espagnole en vigueur et toute controverse sera soumise aux tribunaux de la ville du pays.<\/p>\n<\/div><\/div>\n<div class=\"col medium-6 small-12 large-6\"  ><div class=\"col-inner text-right\"  >\n<div class=\"gap-element\" style=\"display:block; height:auto; padding-top:70px\" class=\"clearfix\"><\/div>\n<\/div><\/div>\n\n<style scope=\"scope\">\n\n<\/style>\n<\/div>\n      <\/div><!-- .section-content -->\n\n      \n<style scope=\"scope\">\n\n#section_2091816944 {\n  padding-top: 0px;\n  padding-bottom: 0px;\n  background-color: rgb(255,255,255);\n}\n<\/style>\n  <\/section>\n  \n","protected":false},"excerpt":{"rendered":"","protected":false},"author":3,"featured_media":0,"parent":0,"menu_order":0,"comment_status":"closed","ping_status":"closed","template":"page-transparent-header-light.php","meta":{"_acf_changed":false,"footnotes":""},"class_list":["post-3980","page","type-page","status-publish","hentry"],"acf":[],"_links":{"self":[{"href":"https:\/\/sqmosaic.com\/fr\/wp-json\/wp\/v2\/pages\/3980","targetHints":{"allow":["GET"]}}],"collection":[{"href":"https:\/\/sqmosaic.com\/fr\/wp-json\/wp\/v2\/pages"}],"about":[{"href":"https:\/\/sqmosaic.com\/fr\/wp-json\/wp\/v2\/types\/page"}],"author":[{"embeddable":true,"href":"https:\/\/sqmosaic.com\/fr\/wp-json\/wp\/v2\/users\/3"}],"replies":[{"embeddable":true,"href":"https:\/\/sqmosaic.com\/fr\/wp-json\/wp\/v2\/comments?post=3980"}],"version-history":[{"count":6,"href":"https:\/\/sqmosaic.com\/fr\/wp-json\/wp\/v2\/pages\/3980\/revisions"}],"predecessor-version":[{"id":6260,"href":"https:\/\/sqmosaic.com\/fr\/wp-json\/wp\/v2\/pages\/3980\/revisions\/6260"}],"wp:attachment":[{"href":"https:\/\/sqmosaic.com\/fr\/wp-json\/wp\/v2\/media?parent=3980"}],"curies":[{"name":"wp","href":"https:\/\/api.w.org\/{rel}","templated":true}]}}