{"id":3039,"date":"2017-05-22T09:36:48","date_gmt":"2017-05-22T09:36:48","guid":{"rendered":"http:\/\/sqmosaic.com\/?page_id=3039\/"},"modified":"2025-09-15T13:55:06","modified_gmt":"2025-09-15T11:55:06","slug":"a-notre-propos","status":"publish","type":"page","link":"https:\/\/sqmosaic.com\/fr\/a-notre-propos\/","title":{"rendered":"\u00c0 Notre Propos"},"content":{"rendered":"  <section class=\"section has-parallax\" id=\"section_156026292\">\n      <div class=\"bg section-bg fill bg-fill  \" data-parallax-container=\".section\" data-parallax-background data-parallax=\"-4\">\n\n        \n        \n        \n        \n        \n        \n\t<div class=\"is-border\"\n\t\tstyle=\"border-width:1px 0px 1px 0px;\">\n\t<\/div>\n\n      <\/div><!-- .section-bg -->\n\n      <div class=\"section-content relative\">\n        \n  <div class=\"banner-grid-wrapper\">\n  <div id=\"banner-grid-1547218873\" class=\"banner-grid row row-grid row-collapse row-full-width\" data-packery-options=\"\">\n                      \n<div class=\"col grid-col large-12 grid-col-2-3\" ><div class=\"col-inner\">\n<div class=\"is-divider divider clearfix\" style=\"margin-top:6em;margin-bottom:6em;height:0px;\"><\/div><!-- .divider -->\n<\/div><\/div>\n            <\/div><!-- .banner-grid .row .grid -->\n    <style scope=\"scope\">\n    #banner-grid-1547218873 .grid-col-1{height: 600px}\n    #banner-grid-1547218873 .grid-col-1-2{height: 300px}\n    #banner-grid-1547218873 .grid-col-1-3{height:200px}\n    #banner-grid-1547218873 .grid-col-2-3{height: 400px}\n    #banner-grid-1547218873 .grid-col-1-4{height: 150px}\n    #banner-grid-1547218873 .grid-col-3-4{height: 450px}\n\n    \n      <\/style>\n    <\/div><!-- .banner-grid-wrapper -->\n  \n      <\/div><!-- .section-content -->\n\n      \n<style scope=\"scope\">\n\n#section_156026292 {\n  padding-top: 0px;\n  padding-bottom: 0px;\n  min-height: 800px;\n  background-color: #00385B;\n}\n#section_156026292 .section-bg.bg-loaded {\n  background-image: url(https:\/\/sqmosaic.com\/wp-content\/uploads\/2017\/02\/hero-about-us.jpg);\n}\n<\/style>\n  <\/section>\n  \n  <section class=\"section has-mask mask-angled-large\" id=\"section_1014183463\">\n      <div class=\"bg section-bg fill bg-fill  bg-loaded\" >\n\n        \n        \n        \n        \n        \n        \n\n      <\/div><!-- .section-bg -->\n\n      <div class=\"section-content relative\">\n        \n<div class=\"row row-large about-height\" style=\"max-width:80%\" id=\"row-1700377800\">\n<div class=\"col small-12 large-12\"  ><div class=\"col-inner text-right dark\" style=\"padding:90px 0px 0px 0px;\" >\n<div class=\"is-divider divider clearfix\" style=\"margin-top:3em;margin-bottom:3em;height:0px;\"><\/div><!-- .divider -->\n<h2><span style=\"font-size: 200%; line-height: .8em;\">\u00c0 NOTRE<\/span><br \/>\n<span style=\"font-size: 200%; line-height: .8em;\"><strong>PROPOS<\/strong>\/<\/span><\/h2>\n<\/div><\/div>\n\n<style scope=\"scope\">\n\n<\/style>\n<\/div>\n<div class=\"row row-large row4firefox\" style=\"max-width:80%\" id=\"row-970692595\">\n<div class=\"col medium-6 small-12 large-6\"  ><div class=\"col-inner dark\"  >\n<h3 class=\"p1\" style=\"text-align: justify;\"><strong><span lang=\"EN-US\">\/DES PISCINES DESIGN POUR TOUT LE MONDE<\/span><\/strong><\/h3>\n<p class=\"p1\" style=\"text-align: justify;\">Oui, vous avez bien lu. Nous disons que c\u2019est pour tout le monde car Squamers est vraiment pour tout le monde. D\u2019un grand avocat \u00e0 la voisine qui aime baigner son chien \u00e0 c\u00f4t\u00e9 de ses petits-enfants.<\/p>\n<p class=\"p1\" style=\"text-align: justify;\">Si quelqu\u2019un a d\u00e9j\u00e0 imagin\u00e9 avoir sa propre fantaisie, que ce soient des \u00e9cailles de poisson, une perle des Cara\u00efbes ou le logo de son groupe de rock pr\u00e9f\u00e9r\u00e9 au fond de sa piscine, nous avons ce que vous cherchez.<\/p>\n<p class=\"p1\" style=\"text-align: justify;\"><strong>Pour cela, nous b\u00e9n\u00e9ficions d\u2019une \u00e9quipe de conception formidable.<\/strong>. Peu importe ce que vous avez en t\u00eate, ils en feront une r\u00e9alit\u00e9.<\/p>\n<\/div><\/div>\n<div class=\"col medium-6 small-12 large-6\"  ><div class=\"col-inner dark\"  >\n<h3 class=\"p1\" style=\"text-align: justify;\"><strong><span lang=\"EN-US\">&nbsp;<\/span><\/strong><\/h3>\n<p class=\"p1\" style=\"text-align: justify;\">Plongez chez Squamers et rejoignez la r\u00e9volution du design. Tout le monde a le droit de cr\u00e9er son propre art \u00e0 un prix abordable.<br \/>\n<\/strong><\/p>\n<p>Et maintenant vous le savez, ne dites pas \u201cpool\u201d, dites \u201ccool\u201d.<\/p>\n<a href=\"https:\/\/sqmosaic.com\/fr\/contact\/\" target=\"_self\" class=\"button white is-outline\"  >\n    <span>CONTACTEZ NOUS<\/span>\n  <\/a>\n\n<\/div><\/div>\n\n<style scope=\"scope\">\n\n<\/style>\n<\/div>\n<div class=\"is-divider divider clearfix\" style=\"margin-top:2em;margin-bottom:2em;height:0px;\"><\/div><!-- .divider -->\n      <\/div><!-- .section-content -->\n\n      \n<style scope=\"scope\">\n\n#section_1014183463 {\n  padding-top: 60px;\n  padding-bottom: 60px;\n  min-height: 800px;\n  background-color: rgb(26, 56, 84);\n}\n<\/style>\n  <\/section>\n  \n  <section class=\"section has-mask mask-angled-large has-parallax\" id=\"section_817580113\">\n      <div class=\"bg section-bg fill bg-fill  \" data-parallax-container=\".section\" data-parallax-background data-parallax=\"-4\">\n\n        \n        \n        \n        \n        \n        \n\t<div class=\"is-border\"\n\t\tstyle=\"border-width:1px 0px 1px 0px;\">\n\t<\/div>\n\n      <\/div><!-- .section-bg -->\n\n      <div class=\"section-content relative\">\n        \n  <div class=\"banner-grid-wrapper\">\n  <div id=\"banner-grid-898917242\" class=\"banner-grid row row-grid row-collapse row-full-width\" data-packery-options=\"\">\n                      \n<div class=\"col grid-col large-12 grid-col-2-3\" ><div class=\"col-inner\">\n<\/div><\/div>\n            <\/div><!-- .banner-grid .row .grid -->\n    <style scope=\"scope\">\n    #banner-grid-898917242 .grid-col-1{height: 800px}\n    #banner-grid-898917242 .grid-col-1-2{height: 400px}\n    #banner-grid-898917242 .grid-col-1-3{height:266.66666666667px}\n    #banner-grid-898917242 .grid-col-2-3{height: 533.33333333333px}\n    #banner-grid-898917242 .grid-col-1-4{height: 200px}\n    #banner-grid-898917242 .grid-col-3-4{height: 600px}\n\n    \n      <\/style>\n    <\/div><!-- .banner-grid-wrapper -->\n  \n      <\/div><!-- .section-content -->\n\n      \n<style scope=\"scope\">\n\n#section_817580113 {\n  padding-top: 0px;\n  padding-bottom: 0px;\n  background-color: #00385B;\n}\n#section_817580113 .section-bg.bg-loaded {\n  background-image: url(https:\/\/sqmosaic.com\/wp-content\/uploads\/2017\/03\/about-us-1.jpg);\n}\n<\/style>\n  <\/section>\n  \n  <section class=\"section\" id=\"section_1089722336\">\n      <div class=\"bg section-bg fill bg-fill  bg-loaded\" >\n\n        \n        \n        \n        \n        \n        \n\t<div class=\"is-border\"\n\t\tstyle=\"border-width:0px 0px 0px 0px;\">\n\t<\/div>\n\n      <\/div><!-- .section-bg -->\n\n      <div class=\"section-content relative\">\n        \n  <div class=\"banner-grid-wrapper\">\n  <div id=\"banner-grid-151168017\" class=\"banner-grid row row-grid row-collapse row-full-width\" data-packery-options=\"\">\n                      \n<div class=\"col grid-col large-6 grid-col-1-3\" ><div class=\"col-inner\">\n\n  <div class=\"banner has-hover\" id=\"banner-1871520823\">\n          <div class=\"banner-inner fill\">\n        <div class=\"banner-bg fill\" >\n            <div class=\"bg fill bg-fill \"><\/div>\n                                    \n                    <\/div><!-- bg-layers -->\n        <div class=\"banner-layers container\">\n            <div class=\"fill banner-link\"><\/div>            \n   <div id=\"text-box-301433561\" class=\"text-box banner-layer x50 md-x50 lg-x50 y50 md-y50 lg-y50 res-text\">\n                                <div class=\"text dark\">\n              \n              <div class=\"text-inner text-left\">\n                  \n<h3 class=\"uppercase\"><strong>\/LA R\u00c9VOLUTION QUI EMBRASSE LA DIFF\u00c9RENCE<\/strong><\/h3>\n<p><strong><span style=\"font-size: 150%;\" data-line-height=\"s\">L\u2019heure est venue de refl\u00e9ter sa personnalit\u00e9 dans les piscines, salles de bain, spas, salles \u00e0 manger, salons\u2026 Dans toutes les pi\u00e8ces. L\u2019heure est venue de personnaliser chaque coin de la maison.<br \/>\n<\/span><\/strong><\/p>\n              <\/div>\n           <\/div><!-- text-box-inner -->\n                            \n<style scope=\"scope\">\n\n#text-box-301433561 {\n  width: 70%;\n}\n#text-box-301433561 .text {\n  font-size: 100%;\n}\n<\/style>\n    <\/div><!-- text-box -->\n \n        <\/div><!-- .banner-layers -->\n      <\/div><!-- .banner-inner -->\n\n            \n<style scope=\"scope\">\n\n#banner-1871520823 {\n  padding-top: 500px;\n}\n<\/style>\n  <\/div><!-- .banner -->\n\n\n<\/div><\/div>\n<div class=\"col grid-col large-6 grid-col-1-3\" ><div class=\"col-inner\">\n\n  <div class=\"banner has-hover\" id=\"banner-1365704085\">\n          <div class=\"banner-inner fill\">\n        <div class=\"banner-bg fill\" >\n            <div class=\"bg fill bg-fill \"><\/div>\n                                    \n                    <\/div><!-- bg-layers -->\n        <div class=\"banner-layers container\">\n            <div class=\"fill banner-link\"><\/div>            \n   <div id=\"text-box-160186261\" class=\"text-box banner-layer x50 md-x50 lg-x50 y50 md-y50 lg-y50 res-text\">\n                                <div class=\"text \">\n              \n              <div class=\"text-inner text-right\">\n                  \n<h3 class=\"uppercase\"><strong>\/UNE PISCINE N\u00c9CESSITE DES TEXTURES ET NOUS, NOUS LES AVONS<\/strong><\/h3>\n<p><strong><span style=\"font-size: 150%;\" data-line-height=\"s\">Si elle n\u2019existe pas, notre \u00e9quipe de conception vous aidera \u00e0 cr\u00e9er tout ce que vous imaginez. Alors si voulez quelque chose de plus qu\u2019une simple piscine \u00e0 carreaux bleus, nous sommes exactement ce que vous cherchez.<\/span><\/strong><\/p>\n              <\/div>\n           <\/div><!-- text-box-inner -->\n                            \n<style scope=\"scope\">\n\n#text-box-160186261 {\n  width: 70%;\n}\n#text-box-160186261 .text {\n  font-size: 100%;\n}\n<\/style>\n    <\/div><!-- text-box -->\n \n        <\/div><!-- .banner-layers -->\n      <\/div><!-- .banner-inner -->\n\n            \n<style scope=\"scope\">\n\n#banner-1365704085 {\n  padding-top: 500px;\n  background-color: rgb(255,255,255);\n}\n<\/style>\n  <\/div><!-- .banner -->\n\n\n<\/div><\/div>\n<div class=\"col grid-col large-6 grid-col-1-3\" ><div class=\"col-inner\">\n\n  <div class=\"banner has-hover\" id=\"banner-2022660283\">\n          <div class=\"banner-inner fill\">\n        <div class=\"banner-bg fill\" >\n            <div class=\"bg fill bg-fill \"><\/div>\n                                    \n                    <\/div><!-- bg-layers -->\n        <div class=\"banner-layers container\">\n            <div class=\"fill banner-link\"><\/div>            \n   <div id=\"text-box-464051398\" class=\"text-box banner-layer x50 md-x50 lg-x50 y50 md-y50 lg-y50 res-text\">\n                                <div class=\"text dark\">\n              \n              <div class=\"text-inner text-right\">\n                  \n<h3 class=\"uppercase\"><strong>\/NOTRE R\u00c9GION A TOUT POUR PLAIRE<\/strong><\/h3>\n<p><strong><span style=\"font-size: 150%;\" data-line-height=\"s\">Nous repr\u00e9sentons la passion, le caract\u00e8re et plein de contrastes qui stimulent notre cr\u00e9ativit\u00e9. Nous concevons et fabriquons en Espagne, comme en t\u00e9moigne la qualit\u00e9 de la mosa\u00efque Vitreo.<\/span><\/strong><\/p>\n              <\/div>\n           <\/div><!-- text-box-inner -->\n                            \n<style scope=\"scope\">\n\n#text-box-464051398 {\n  width: 70%;\n}\n#text-box-464051398 .text {\n  font-size: 100%;\n}\n<\/style>\n    <\/div><!-- text-box -->\n \n        <\/div><!-- .banner-layers -->\n      <\/div><!-- .banner-inner -->\n\n            \n<style scope=\"scope\">\n\n#banner-2022660283 {\n  padding-top: 500px;\n  background-color: rgb(255,255,255);\n}\n#banner-2022660283 .bg.bg-loaded {\n  background-image: url(https:\/\/sqmosaic.com\/wp-content\/uploads\/2017\/02\/about-us-tierra.jpg);\n}\n<\/style>\n  <\/div><!-- .banner -->\n\n\n<\/div><\/div>\n<div class=\"col grid-col large-6 grid-col-1-3\" ><div class=\"col-inner\">\n\n  <div class=\"banner has-hover\" id=\"banner-1069869347\">\n          <div class=\"banner-inner fill\">\n        <div class=\"banner-bg fill\" >\n            <div class=\"bg fill bg-fill \"><\/div>\n                                    \n                    <\/div><!-- bg-layers -->\n        <div class=\"banner-layers container\">\n            <div class=\"fill banner-link\"><\/div>            \n   <div id=\"text-box-1263677775\" class=\"text-box banner-layer x50 md-x50 lg-x50 y50 md-y50 lg-y50 res-text\">\n                                <div class=\"text \">\n              \n              <div class=\"text-inner text-center\">\n                  \n<a href=\"https:\/\/sqmosaic.com\/fr\/products\/\" target=\"_self\" class=\"button success is-outline is-xlarge\"  >\n    <span>Voir les produits<\/span>\n  <\/a>\n\n              <\/div>\n           <\/div><!-- text-box-inner -->\n                            \n<style scope=\"scope\">\n\n#text-box-1263677775 {\n  width: 60%;\n}\n#text-box-1263677775 .text {\n  font-size: 100%;\n}\n<\/style>\n    <\/div><!-- text-box -->\n \n        <\/div><!-- .banner-layers -->\n      <\/div><!-- .banner-inner -->\n\n            \n<style scope=\"scope\">\n\n#banner-1069869347 {\n  padding-top: 500px;\n  background-color: rgb(255,255,255);\n}\n#banner-1069869347 .bg.bg-loaded {\n  background-image: url(https:\/\/sqmosaic.com\/wp-content\/uploads\/2017\/02\/about-us-producto.jpg);\n}\n<\/style>\n  <\/div><!-- .banner -->\n\n\n<\/div><\/div>\n<div class=\"col grid-col large-6 grid-col-1-3\" ><div class=\"col-inner\">\n\n  <div class=\"banner has-hover\" id=\"banner-548571775\">\n          <div class=\"banner-inner fill\">\n        <div class=\"banner-bg fill\" >\n            <div class=\"bg fill bg-fill \"><\/div>\n                                    \n                    <\/div><!-- bg-layers -->\n        <div class=\"banner-layers container\">\n            <div class=\"fill banner-link\"><\/div>            \n   <div id=\"text-box-2010645855\" class=\"text-box banner-layer x50 md-x50 lg-x50 y50 md-y50 lg-y50 res-text\">\n                                <div class=\"text \">\n              \n              <div class=\"text-inner text-left\">\n                  \n<h3 class=\"uppercase\"><strong>\/ NOUS SOMMES \u00c9COLOS. C\u2019EST LOGIQUE, N\u2019EST-CE PAS ?<\/strong><\/h3>\n<p><strong><span style=\"font-size: 150%;\" data-line-height=\"s\">Tout comme vous recyclez chez vous, nous aussi nous prot\u00e9geons l\u2019environnement. C\u2019est pourquoi nous avons l\u2019esprit \u00e9cologique. Depuis la production jusqu\u2019\u00e0 l\u2019emballage de nos produits.<\/span><\/strong><\/p>\n              <\/div>\n           <\/div><!-- text-box-inner -->\n                            \n<style scope=\"scope\">\n\n#text-box-2010645855 {\n  width: 60%;\n}\n#text-box-2010645855 .text {\n  font-size: 100%;\n}\n<\/style>\n    <\/div><!-- text-box -->\n \n        <\/div><!-- .banner-layers -->\n      <\/div><!-- .banner-inner -->\n\n            \n<style scope=\"scope\">\n\n#banner-548571775 {\n  padding-top: 500px;\n  background-color: rgb(255,255,255);\n}\n<\/style>\n  <\/div><!-- .banner -->\n\n\n<\/div><\/div>\n<div class=\"col grid-col large-6 grid-col-1-3\" ><div class=\"col-inner\">\n\n  <div class=\"banner has-hover\" id=\"banner-1485873004\">\n          <div class=\"banner-inner fill\">\n        <div class=\"banner-bg fill\" >\n            <div class=\"bg fill bg-fill \"><\/div>\n                                    \n                    <\/div><!-- bg-layers -->\n        <div class=\"banner-layers container\">\n            <div class=\"fill banner-link\"><\/div>            \n   <div id=\"text-box-136844860\" class=\"text-box banner-layer x50 md-x50 lg-x50 y50 md-y50 lg-y50 res-text\">\n                                <div class=\"text dark\">\n              \n              <div class=\"text-inner text-right\">\n                  \n<h3 class=\"uppercase\"><strong>\/NOTRE DESIGN EST POUR-TOUT-LE-MOOONDE ! <br \/>\n<\/strong><\/h3>\n<p><strong><span style=\"font-size: 150%;\" data-line-height=\"s\">Changez d\u2019\u00e9tat d\u2019esprit, car aujourd\u2019hui lorsque vous pensez \u00e0 des piscines design, vous ne pensez pas \u00e0 un produit premium. Pour un peu plus, vous pouvez avoir cette touche sp\u00e9ciale qui \u00e9tonnera tout le monde.<\/span><\/strong><\/p>\n              <\/div>\n           <\/div><!-- text-box-inner -->\n                            \n<style scope=\"scope\">\n\n#text-box-136844860 {\n  width: 60%;\n}\n#text-box-136844860 .text {\n  font-size: 100%;\n}\n<\/style>\n    <\/div><!-- text-box -->\n \n        <\/div><!-- .banner-layers -->\n      <\/div><!-- .banner-inner -->\n\n            \n<style scope=\"scope\">\n\n#banner-1485873004 {\n  padding-top: 500px;\n}\n<\/style>\n  <\/div><!-- .banner -->\n\n\n<\/div><\/div>\n            <\/div><!-- .banner-grid .row .grid -->\n    <style scope=\"scope\">\n    #banner-grid-151168017 .grid-col-1{height: 700px}\n    #banner-grid-151168017 .grid-col-1-2{height: 350px}\n    #banner-grid-151168017 .grid-col-1-3{height:233.33333333333px}\n    #banner-grid-151168017 .grid-col-2-3{height: 466.66666666667px}\n    #banner-grid-151168017 .grid-col-1-4{height: 175px}\n    #banner-grid-151168017 .grid-col-3-4{height: 525px}\n\n    \n      <\/style>\n    <\/div><!-- .banner-grid-wrapper -->\n  \n      <\/div><!-- .section-content -->\n\n      \n<style scope=\"scope\">\n\n#section_1089722336 {\n  padding-top: 0px;\n  padding-bottom: 0px;\n  background-color: rgb(241, 241, 241);\n}\n<\/style>\n  <\/section>\n  \n","protected":false},"excerpt":{"rendered":"<style>@-moz-document url-prefix() {\n.is-divider.divider.clearfix {display:none !important}\n.about-height {margin-top:-120px}\n.row4firefox {padding-bottom:200px;}\n.fish-height {height:600px;}\n}<\/style>\n","protected":false},"author":2,"featured_media":0,"parent":0,"menu_order":0,"comment_status":"closed","ping_status":"closed","template":"page-transparent-header-light.php","meta":{"_acf_changed":false,"footnotes":""},"class_list":["post-3039","page","type-page","status-publish","hentry"],"acf":[],"_links":{"self":[{"href":"https:\/\/sqmosaic.com\/fr\/wp-json\/wp\/v2\/pages\/3039","targetHints":{"allow":["GET"]}}],"collection":[{"href":"https:\/\/sqmosaic.com\/fr\/wp-json\/wp\/v2\/pages"}],"about":[{"href":"https:\/\/sqmosaic.com\/fr\/wp-json\/wp\/v2\/types\/page"}],"author":[{"embeddable":true,"href":"https:\/\/sqmosaic.com\/fr\/wp-json\/wp\/v2\/users\/2"}],"replies":[{"embeddable":true,"href":"https:\/\/sqmosaic.com\/fr\/wp-json\/wp\/v2\/comments?post=3039"}],"version-history":[{"count":6,"href":"https:\/\/sqmosaic.com\/fr\/wp-json\/wp\/v2\/pages\/3039\/revisions"}],"predecessor-version":[{"id":6706,"href":"https:\/\/sqmosaic.com\/fr\/wp-json\/wp\/v2\/pages\/3039\/revisions\/6706"}],"wp:attachment":[{"href":"https:\/\/sqmosaic.com\/fr\/wp-json\/wp\/v2\/media?parent=3039"}],"curies":[{"name":"wp","href":"https:\/\/api.w.org\/{rel}","templated":true}]}}