{"id":3035,"date":"2017-05-22T09:20:46","date_gmt":"2017-05-22T09:20:46","guid":{"rendered":"http:\/\/sqmosaic.com\/?page_id=3035\/"},"modified":"2025-05-20T16:46:58","modified_gmt":"2025-05-20T14:46:58","slug":"contact","status":"publish","type":"page","link":"https:\/\/sqmosaic.com\/fr\/contact\/","title":{"rendered":"Contact"},"content":{"rendered":"  <section class=\"section\" id=\"section_935061889\">\n      <div class=\"bg section-bg fill bg-fill  bg-loaded\" >\n\n        \n        \n        \n        \n        \n        \n\n      <\/div><!-- .section-bg -->\n\n      <div class=\"section-content relative\">\n        \n<div class=\"gap-element\" style=\"display:block; height:auto; padding-top:300px\" class=\"clearfix\"><\/div>\n      <\/div><!-- .section-content -->\n\n      \n<style scope=\"scope\">\n\n#section_935061889 {\n  padding-top: 30px;\n  padding-bottom: 30px;\n  background-color: #26CAD3;\n}\n<\/style>\n  <\/section>\n  \n  <section class=\"section has-mask mask-angled-large\" id=\"section_1936689365\">\n      <div class=\"bg section-bg fill bg-fill  bg-loaded\" >\n\n        \n        \n        \n        \n        \n        \n\n      <\/div><!-- .section-bg -->\n\n      <div class=\"section-content relative\">\n        \n<div class=\"gap-element\" style=\"display:block; height:auto; padding-top:120px\" class=\"clearfix\"><\/div>\n<div class=\"row row-firefox1\" style=\"max-width:80%\" id=\"row-399719081\">\n<div class=\"col small-12 large-12\"  ><div class=\"col-inner\"  >\n<h2 style=\"text-align: right;\"><span style=\"font-size: 200%; line-height: .8em;\">CONTACTEZ<\/span><br \/>\n<span style=\"font-size: 200%; line-height: .8em;\"><strong>NOUS<\/strong>\/<\/span><\/h2>\n<\/div><\/div>\n\n<style scope=\"scope\">\n\n<\/style>\n<\/div>\n<div class=\"row row-firefox2\" style=\"max-width:80%\" id=\"row-1406138545\">\n<div class=\"col medium-6 small-12 large-6\"  ><div class=\"col-inner\" style=\"margin:0px 0px 0px 0px;\" >\n<div class=\"gap-element\" style=\"display:block; height:auto; padding-top:30px\" class=\"clearfix\"><\/div>\n<h2>\/DIS <strong>BONJOUR<\/strong><\/h2>\n\n<div class=\"wpcf7 no-js\" id=\"wpcf7-f3037-o1\" lang=\"\" dir=\"ltr\" data-wpcf7-id=\"3037\">\n<div class=\"screen-reader-response\"><p role=\"status\" aria-live=\"polite\" aria-atomic=\"true\"><\/p> <ul><\/ul><\/div>\n<form action=\"\/fr\/wp-json\/wp\/v2\/pages\/3035#wpcf7-f3037-o1\" method=\"post\" class=\"wpcf7-form init\" aria-label=\"Formulaire de contact\" novalidate=\"novalidate\" data-status=\"init\">\n<fieldset class=\"hidden-fields-container\"><input type=\"hidden\" name=\"_wpcf7\" value=\"3037\" \/><input type=\"hidden\" name=\"_wpcf7_version\" value=\"6.1.5\" \/><input type=\"hidden\" name=\"_wpcf7_locale\" value=\"\" \/><input type=\"hidden\" name=\"_wpcf7_unit_tag\" value=\"wpcf7-f3037-o1\" \/><input type=\"hidden\" name=\"_wpcf7_container_post\" value=\"0\" \/><input type=\"hidden\" name=\"_wpcf7_posted_data_hash\" value=\"\" \/><input type=\"hidden\" name=\"_wpcf7_recaptcha_response\" value=\"\" \/>\n<\/fieldset>\n<div class=\"half\">\n\t<p><label> Nom (obligatoire)<br \/>\n<span class=\"wpcf7-form-control-wrap\" data-name=\"your-name\"><input size=\"40\" maxlength=\"400\" class=\"wpcf7-form-control wpcf7-text wpcf7-validates-as-required\" aria-required=\"true\" aria-invalid=\"false\" value=\"\" type=\"text\" name=\"your-name\" \/><\/span> <\/label>\n\t<\/p>\n<\/div>\n<div class=\"half\">\n\t<p><label> Compagnie (obligatoire)<br \/>\n<span class=\"wpcf7-form-control-wrap\" data-name=\"your-company\"><input size=\"40\" maxlength=\"400\" class=\"wpcf7-form-control wpcf7-text wpcf7-validates-as-required\" aria-required=\"true\" aria-invalid=\"false\" value=\"\" type=\"text\" name=\"your-company\" \/><\/span> <\/label>\n\t<\/p>\n<\/div>\n<div class=\"half\">\n\t<p><label> T\u00e9l\u00e9phone<br \/>\n(obligatoire)<br \/>\n<span class=\"wpcf7-form-control-wrap\" data-name=\"your-phone-number\"><input size=\"40\" maxlength=\"400\" class=\"wpcf7-form-control wpcf7-text wpcf7-validates-as-required\" aria-required=\"true\" aria-invalid=\"false\" value=\"\" type=\"text\" name=\"your-phone-number\" \/><\/span> <\/label>\n\t<\/p>\n<\/div>\n<div class=\"half\">\n\t<p><label> Votre email (obligatoire)<br \/>\n<span class=\"wpcf7-form-control-wrap\" data-name=\"your-email\"><input size=\"40\" maxlength=\"400\" class=\"wpcf7-form-control wpcf7-email wpcf7-validates-as-required wpcf7-text wpcf7-validates-as-email\" aria-required=\"true\" aria-invalid=\"false\" value=\"\" type=\"email\" name=\"your-email\" \/><\/span> <\/label>\n\t<\/p>\n<\/div>\n<p><label> Votre message<br \/>\n<span class=\"wpcf7-form-control-wrap\" data-name=\"your-message\"><textarea cols=\"40\" rows=\"10\" maxlength=\"2000\" class=\"wpcf7-form-control wpcf7-textarea\" aria-invalid=\"false\" name=\"your-message\"><\/textarea><\/span> <\/label>\n<\/p>\n<p><span class=\"wpcf7-form-control-wrap\" data-name=\"checkbox-246\"><span class=\"wpcf7-form-control wpcf7-checkbox wpcf7-validates-as-required\"><span class=\"wpcf7-list-item first last\"><label><input type=\"checkbox\" name=\"checkbox-246[]\" value=\"J&#039;accepte les conditions d&#039;utilisation du formulaire de contact.\" \/><span class=\"wpcf7-list-item-label\">J&#039;accepte les conditions d&#039;utilisation du formulaire de contact.<\/span><\/label><\/span><\/span><\/span><br \/>\n<span class=\"wpcf7-form-control-wrap\" data-name=\"checkbox-177\"><span class=\"wpcf7-form-control wpcf7-checkbox\"><span class=\"wpcf7-list-item first last\"><label><input type=\"checkbox\" name=\"checkbox-177[]\" value=\"J&#039;accepte que mes donn\u00e9es d&#039;identification soient incluses pour des raisons commerciales.\" \/><span class=\"wpcf7-list-item-label\">J&#039;accepte que mes donn\u00e9es d&#039;identification soient incluses pour des raisons commerciales.<\/span><\/label><\/span><\/span><\/span>\n<\/p>\n<p style=\"font-size: 70%\">PRINCIPES GENERAUX DE PROTECTION DES DONNEES: Afin de remplir notre mission d'information des int\u00e9ress\u00e9s sur les circonstances et les conditions de traitement de leurs donn\u00e9es et sur leurs droits correspondants, nous vous informons de ce qui suit :\n<\/p>\n<p style=\"font-size: 70%\">RESPONSABLE DE LA PROTECTION DES DONN\u00c9ES: Squamers Mosaic, S.L.U.\n<\/p>\n<p style=\"font-size: 70%\">OBJET DE LA GESTION DES DONN\u00c9ES: G\u00e9rer et r\u00e9pondre \u00e0 toutes les demandes.\n<\/p>\n<p style=\"font-size: 70%\">FICHIER DE DONN\u00c9ES: Les donn\u00e9es seront class\u00e9es et gard\u00e9es dans notre syst\u00e8me pendant le temps n\u00e9cessaire durant notre relation et conform\u00e9ment \u00e0 la loi, \u00e9tant entendu qu'elles seront d\u00e9truites apr\u00e8s cette p\u00e9riode par des proc\u00e9dures s\u00fbres de notre organisation.\n<\/p>\n<p style=\"font-size: 70%\">L\u00c9GITIMIT\u00c9 DU TRAITEMENT DES DONN\u00c9ES: Int\u00e9r\u00eat l\u00e9gitime des parties int\u00e9ress\u00e9es \u00e0 r\u00e9pondre au formulaire d'information.\n<\/p>\n<p style=\"font-size: 70%\">DESTINATAIRES DES DONN\u00c9ES \u00c0 CARACT\u00c8RE PERSONNEL: le transfert de donn\u00e9es n\u2019est pas permis, sauf dans les cas o\u00f9 une obligation l\u00e9gale est contraignante. Le transfert international de donn\u00e9es n'est pas pr\u00e9vu.\n<\/p>\n<p style=\"font-size: 70%\">VOS DROITS: Les parties peuvent r\u00e9voquer l'accord et exercer leurs droits d'acc\u00e8s, de rectification, d'opposition, de limitation, de possession et de suppression des donn\u00e9es, en \u00e9crivant \u00e0 Traves\u00eda 3\u00aa Camino Viejo, S\/N Onda 12200, Castell\u00f3n, \u00e0 l'exception de la pr\u00e9sentation \u00e0 l'autorit\u00e9 de contr\u00f4le comp\u00e9tente (AEPD).\n<\/p>\n\n<p><input class=\"wpcf7-form-control wpcf7-submit has-spinner\" type=\"submit\" value=\"Envoyez\" \/>\n<\/p><div class=\"wpcf7-response-output\" aria-hidden=\"true\"><\/div>\n<\/form>\n<\/div>\n\n<\/div><\/div>\n<div class=\"col medium-6 small-12 large-6\"  ><div class=\"col-inner text-right\"  >\n<div class=\"gap-element\" style=\"display:block; height:auto; padding-top:70px\" class=\"clearfix\"><\/div>\n<p>Traves\u00eda 3\u00aa Camino Viejo, S\/N<br \/>\nOnda 12200, Castell\u00f3n (Spain)<br \/>\ntel. +34 964 910 910<br \/>\nemail: info@squamers.com<\/p>\n<a href=\"https:\/\/www.google.com\/maps\/place\/SQUAMERS\/@39.9613092,-0.2237452,17z\/data=!3m1!4b1!4m5!3m4!1s0x0:0x454ee78a1c1cb76c!8m2!3d39.9613092!4d-0.2215565\" target=\"_blank\" class=\"button primary is-small\" rel=\"noopener\">\n    <span>Carte<\/span>\n  <\/a>\n\n<\/div><\/div>\n\n<style scope=\"scope\">\n\n<\/style>\n<\/div>\n      <\/div><!-- .section-content -->\n\n      \n<style scope=\"scope\">\n\n#section_1936689365 {\n  padding-top: 0px;\n  padding-bottom: 0px;\n  background-color: rgb(255,255,255);\n}\n<\/style>\n  <\/section>\n  \n<div class=\"gap-element\" style=\"display:block; height:auto; padding-top:150px\" class=\"clearfix\"><\/div>\n  <section class=\"section has-mask mask-angled-large\" id=\"section_329010522\">\n      <div class=\"bg section-bg fill bg-fill  \" >\n\n        \n        \n        \n        \n        \n        \n\n      <\/div><!-- .section-bg -->\n\n      <div class=\"section-content relative\">\n        \n<div class=\"gap-element\" style=\"display:block; height:auto; padding-top:0px\" class=\"clearfix\"><\/div>\n<div class=\"row\" style=\"max-width:80%\" id=\"row-1246488755\">\n<div class=\"col small-12 large-12\"  ><div class=\"col-inner text-right\"  >\n<h3 style=\"text-align: right; margin-top: -200px;\"><strong><span style=\"font-size: 200%; line-height: .8em;\">\/CATALOGUE DE<\/span><\/strong><br \/>\n<span style=\"font-size: 200%; line-height: .8em;\">PRODUITS<\/span><\/h3>\n<div class=\"gap-element\" style=\"display:block; height:auto; padding-top:20px\" class=\"clearfix\"><\/div>\n<a href=\"http:\/\/sqmosaic.com\/wp-content\/uploads\/2024\/11\/SQUAMERS_Catalogo2024_LQ.pdf\" target=\"_blank\" class=\"button white is-small\">\n    <span>DOWNLOAD PDF<\/span>\n  <\/a>\n\n<\/div><\/div>\n\n<style scope=\"scope\">\n\n<\/style>\n<\/div>\n      <\/div><!-- .section-content -->\n\n      \n<style scope=\"scope\">\n\n#section_329010522 {\n  padding-top: 30px;\n  padding-bottom: 30px;\n  min-height: 700px;\n  background-color: #26CAD3;\n}\n#section_329010522 .section-bg.bg-loaded {\n  background-image: url(https:\/\/sqmosaic.com\/wp-content\/uploads\/2017\/03\/mockup-catalog.jpg);\n}\n<\/style>\n  <\/section>\n  \n","protected":false},"excerpt":{"rendered":"<style>@-moz-document url-prefix() {\n.row-firefox1 {margin-top:-80px; padding-top:100px;}\n.row-firefox2 {margin-top:-80px; padding-bottom:150px;}\n.mask-angled-large {\n    margin-top: -250px !important;}\n}<\/style>\n","protected":false},"author":2,"featured_media":0,"parent":0,"menu_order":0,"comment_status":"closed","ping_status":"closed","template":"page-transparent-header-light.php","meta":{"_acf_changed":false,"footnotes":""},"class_list":["post-3035","page","type-page","status-publish","hentry"],"acf":[],"_links":{"self":[{"href":"https:\/\/sqmosaic.com\/fr\/wp-json\/wp\/v2\/pages\/3035","targetHints":{"allow":["GET"]}}],"collection":[{"href":"https:\/\/sqmosaic.com\/fr\/wp-json\/wp\/v2\/pages"}],"about":[{"href":"https:\/\/sqmosaic.com\/fr\/wp-json\/wp\/v2\/types\/page"}],"author":[{"embeddable":true,"href":"https:\/\/sqmosaic.com\/fr\/wp-json\/wp\/v2\/users\/2"}],"replies":[{"embeddable":true,"href":"https:\/\/sqmosaic.com\/fr\/wp-json\/wp\/v2\/comments?post=3035"}],"version-history":[{"count":11,"href":"https:\/\/sqmosaic.com\/fr\/wp-json\/wp\/v2\/pages\/3035\/revisions"}],"predecessor-version":[{"id":6272,"href":"https:\/\/sqmosaic.com\/fr\/wp-json\/wp\/v2\/pages\/3035\/revisions\/6272"}],"wp:attachment":[{"href":"https:\/\/sqmosaic.com\/fr\/wp-json\/wp\/v2\/media?parent=3035"}],"curies":[{"name":"wp","href":"https:\/\/api.w.org\/{rel}","templated":true}]}}