{"id":6945,"date":"2025-09-16T10:26:51","date_gmt":"2025-09-16T08:26:51","guid":{"rendered":"https:\/\/sqmosaic.com\/catalog\/sin%20categor\u00eda\/hex-tech-landa-a\/"},"modified":"2025-09-16T10:26:53","modified_gmt":"2025-09-16T08:26:53","slug":"hex-tech-landa-a","status":"publish","type":"product","link":"https:\/\/sqmosaic.com\/es\/products\/pool-es\/lithos-matte-es\/hex-tech-landa-a\/","title":{"rendered":"Hex Tech Landa-A"},"content":{"rendered":"<p>Este mosaico ofrece un acabado mate antideslizante en un elegante blanco con vetas de gris y beige, imitando a la perfecci\u00f3n la nobleza del m\u00e1rmol. Ideal para espacios que requieren un toque de sofisticaci\u00f3n sin sacrificar la funcionalidad.<\/p>\n","protected":false},"excerpt":{"rendered":"<p>Este mosaico ofrece un acabado mate antideslizante en un elegante blanco con vetas de gris y beige, imitando a la perfecci\u00f3n la nobleza del m\u00e1rmol. Ideal para espacios que requieren un toque de sofisticaci\u00f3n sin sacrificar la funcionalidad.<\/p>\n","protected":false},"featured_media":6511,"comment_status":"closed","ping_status":"open","template":"","meta":{"_acf_changed":false},"product_brand":[],"product_cat":[260],"product_tag":[],"class_list":{"0":"post-6945","1":"product","2":"type-product","3":"status-publish","4":"has-post-thumbnail","6":"product_cat-lithos-matte-es","8":"first","9":"instock","10":"product-type-simple"},"acf":[],"_links":{"self":[{"href":"https:\/\/sqmosaic.com\/es\/wp-json\/wp\/v2\/product\/6945","targetHints":{"allow":["GET"]}}],"collection":[{"href":"https:\/\/sqmosaic.com\/es\/wp-json\/wp\/v2\/product"}],"about":[{"href":"https:\/\/sqmosaic.com\/es\/wp-json\/wp\/v2\/types\/product"}],"replies":[{"embeddable":true,"href":"https:\/\/sqmosaic.com\/es\/wp-json\/wp\/v2\/comments?post=6945"}],"wp:featuredmedia":[{"embeddable":true,"href":"https:\/\/sqmosaic.com\/es\/wp-json\/wp\/v2\/media\/6511"}],"wp:attachment":[{"href":"https:\/\/sqmosaic.com\/es\/wp-json\/wp\/v2\/media?parent=6945"}],"wp:term":[{"taxonomy":"product_brand","embeddable":true,"href":"https:\/\/sqmosaic.com\/es\/wp-json\/wp\/v2\/product_brand?post=6945"},{"taxonomy":"product_cat","embeddable":true,"href":"https:\/\/sqmosaic.com\/es\/wp-json\/wp\/v2\/product_cat?post=6945"},{"taxonomy":"product_tag","embeddable":true,"href":"https:\/\/sqmosaic.com\/es\/wp-json\/wp\/v2\/product_tag?post=6945"}],"curies":[{"name":"wp","href":"https:\/\/api.w.org\/{rel}","templated":true}]}}