{"id":6642,"date":"2025-09-15T12:36:51","date_gmt":"2025-09-15T10:36:51","guid":{"rendered":"https:\/\/sqmosaic.com\/catalog\/sin%20categor\u00eda\/rectangle-reef\/"},"modified":"2025-09-15T12:42:47","modified_gmt":"2025-09-15T10:42:47","slug":"rectangle-reef","status":"publish","type":"product","link":"https:\/\/sqmosaic.com\/es\/products\/pool-es\/identity-pool-es\/rectangle-reef\/","title":{"rendered":"Rectangle Reef"},"content":{"rendered":"<p>En un atractivo tono verde turquesa y formato 25&#215;50 mm, este mosaico combina destellos brillantes, texturas y sutiles efectos perlados para lograr un acabado fresco y vibrante, perfecto para destacar la l\u00ednea de agua de las piscinas con un car\u00e1cter \u00fanico.<\/p>\n","protected":false},"excerpt":{"rendered":"<p>En un atractivo tono verde turquesa y formato 25&#215;50 mm, este mosaico combina destellos brillantes, texturas y sutiles efectos perlados para lograr un acabado fresco y vibrante, perfecto para destacar la l\u00ednea de agua de las piscinas con un car\u00e1cter \u00fanico.<\/p>\n","protected":false},"featured_media":6532,"comment_status":"closed","ping_status":"open","template":"","meta":{"_acf_changed":false},"product_brand":[],"product_cat":[152],"product_tag":[],"class_list":{"0":"post-6642","1":"product","2":"type-product","3":"status-publish","4":"has-post-thumbnail","6":"product_cat-identity-pool-es","8":"first","9":"instock","10":"product-type-simple"},"acf":[],"_links":{"self":[{"href":"https:\/\/sqmosaic.com\/es\/wp-json\/wp\/v2\/product\/6642","targetHints":{"allow":["GET"]}}],"collection":[{"href":"https:\/\/sqmosaic.com\/es\/wp-json\/wp\/v2\/product"}],"about":[{"href":"https:\/\/sqmosaic.com\/es\/wp-json\/wp\/v2\/types\/product"}],"replies":[{"embeddable":true,"href":"https:\/\/sqmosaic.com\/es\/wp-json\/wp\/v2\/comments?post=6642"}],"wp:featuredmedia":[{"embeddable":true,"href":"https:\/\/sqmosaic.com\/es\/wp-json\/wp\/v2\/media\/6532"}],"wp:attachment":[{"href":"https:\/\/sqmosaic.com\/es\/wp-json\/wp\/v2\/media?parent=6642"}],"wp:term":[{"taxonomy":"product_brand","embeddable":true,"href":"https:\/\/sqmosaic.com\/es\/wp-json\/wp\/v2\/product_brand?post=6642"},{"taxonomy":"product_cat","embeddable":true,"href":"https:\/\/sqmosaic.com\/es\/wp-json\/wp\/v2\/product_cat?post=6642"},{"taxonomy":"product_tag","embeddable":true,"href":"https:\/\/sqmosaic.com\/es\/wp-json\/wp\/v2\/product_tag?post=6642"}],"curies":[{"name":"wp","href":"https:\/\/api.w.org\/{rel}","templated":true}]}}