{"id":6638,"date":"2025-09-15T12:36:51","date_gmt":"2025-09-15T10:36:51","guid":{"rendered":"https:\/\/sqmosaic.com\/catalog\/sin%20categor\u00eda\/posidonia\/"},"modified":"2025-09-15T12:42:43","modified_gmt":"2025-09-15T10:42:43","slug":"posidonia","status":"publish","type":"product","link":"https:\/\/sqmosaic.com\/es\/products\/pool-es\/essence-es\/posidonia\/","title":{"rendered":"Posidonia"},"content":{"rendered":"<p>Con su vibrante tono verde turquesa, este mosaico fusiona frescura y dinamismo. Los reflejos perlados y el acabado brillante generan un juego visual \u00fanico que llena de energ\u00eda la piscina, ideal para proyectos que buscan un car\u00e1cter distintivo.<\/p>\n","protected":false},"excerpt":{"rendered":"<p>Con su vibrante tono verde turquesa, este mosaico fusiona frescura y dinamismo. Los reflejos perlados y el acabado brillante generan un juego visual \u00fanico que llena de energ\u00eda la piscina, ideal para proyectos que buscan un car\u00e1cter distintivo.<\/p>\n","protected":false},"featured_media":6529,"comment_status":"closed","ping_status":"open","template":"","meta":{"_acf_changed":false},"product_brand":[],"product_cat":[243],"product_tag":[],"class_list":{"0":"post-6638","1":"product","2":"type-product","3":"status-publish","4":"has-post-thumbnail","6":"product_cat-essence-es","8":"first","9":"instock","10":"product-type-simple"},"acf":[],"_links":{"self":[{"href":"https:\/\/sqmosaic.com\/es\/wp-json\/wp\/v2\/product\/6638","targetHints":{"allow":["GET"]}}],"collection":[{"href":"https:\/\/sqmosaic.com\/es\/wp-json\/wp\/v2\/product"}],"about":[{"href":"https:\/\/sqmosaic.com\/es\/wp-json\/wp\/v2\/types\/product"}],"replies":[{"embeddable":true,"href":"https:\/\/sqmosaic.com\/es\/wp-json\/wp\/v2\/comments?post=6638"}],"wp:featuredmedia":[{"embeddable":true,"href":"https:\/\/sqmosaic.com\/es\/wp-json\/wp\/v2\/media\/6529"}],"wp:attachment":[{"href":"https:\/\/sqmosaic.com\/es\/wp-json\/wp\/v2\/media?parent=6638"}],"wp:term":[{"taxonomy":"product_brand","embeddable":true,"href":"https:\/\/sqmosaic.com\/es\/wp-json\/wp\/v2\/product_brand?post=6638"},{"taxonomy":"product_cat","embeddable":true,"href":"https:\/\/sqmosaic.com\/es\/wp-json\/wp\/v2\/product_cat?post=6638"},{"taxonomy":"product_tag","embeddable":true,"href":"https:\/\/sqmosaic.com\/es\/wp-json\/wp\/v2\/product_tag?post=6638"}],"curies":[{"name":"wp","href":"https:\/\/api.w.org\/{rel}","templated":true}]}}