{"id":6636,"date":"2025-09-15T12:36:51","date_gmt":"2025-09-15T10:36:51","guid":{"rendered":"https:\/\/sqmosaic.com\/catalog\/sin%20categor\u00eda\/coast-light\/"},"modified":"2025-09-15T12:42:41","modified_gmt":"2025-09-15T10:42:41","slug":"coast-light","status":"publish","type":"product","link":"https:\/\/sqmosaic.com\/es\/products\/pool-es\/essence-es\/coast-light\/","title":{"rendered":"Coast Light"},"content":{"rendered":"<p>En un sofisticado tono beige gris\u00e1ceo, esta mosaico ofrece un acabado c\u00e1lido y natural que recuerda a la arena mojada. Perfecta para quienes buscan un dise\u00f1o neutro y elegante, aporta serenidad y un toque contempor\u00e1neo al entorno acu\u00e1tico.<\/p>\n","protected":false},"excerpt":{"rendered":"<p>En un sofisticado tono beige gris\u00e1ceo, esta mosaico ofrece un acabado c\u00e1lido y natural que recuerda a la arena mojada. Perfecta para quienes buscan un dise\u00f1o neutro y elegante, aporta serenidad y un toque contempor\u00e1neo al entorno acu\u00e1tico.<\/p>\n","protected":false},"featured_media":6466,"comment_status":"closed","ping_status":"open","template":"","meta":{"_acf_changed":false},"product_brand":[],"product_cat":[243],"product_tag":[],"class_list":{"0":"post-6636","1":"product","2":"type-product","3":"status-publish","4":"has-post-thumbnail","6":"product_cat-essence-es","8":"first","9":"instock","10":"product-type-simple"},"acf":[],"_links":{"self":[{"href":"https:\/\/sqmosaic.com\/es\/wp-json\/wp\/v2\/product\/6636","targetHints":{"allow":["GET"]}}],"collection":[{"href":"https:\/\/sqmosaic.com\/es\/wp-json\/wp\/v2\/product"}],"about":[{"href":"https:\/\/sqmosaic.com\/es\/wp-json\/wp\/v2\/types\/product"}],"replies":[{"embeddable":true,"href":"https:\/\/sqmosaic.com\/es\/wp-json\/wp\/v2\/comments?post=6636"}],"wp:featuredmedia":[{"embeddable":true,"href":"https:\/\/sqmosaic.com\/es\/wp-json\/wp\/v2\/media\/6466"}],"wp:attachment":[{"href":"https:\/\/sqmosaic.com\/es\/wp-json\/wp\/v2\/media?parent=6636"}],"wp:term":[{"taxonomy":"product_brand","embeddable":true,"href":"https:\/\/sqmosaic.com\/es\/wp-json\/wp\/v2\/product_brand?post=6636"},{"taxonomy":"product_cat","embeddable":true,"href":"https:\/\/sqmosaic.com\/es\/wp-json\/wp\/v2\/product_cat?post=6636"},{"taxonomy":"product_tag","embeddable":true,"href":"https:\/\/sqmosaic.com\/es\/wp-json\/wp\/v2\/product_tag?post=6636"}],"curies":[{"name":"wp","href":"https:\/\/api.w.org\/{rel}","templated":true}]}}