{"id":6635,"date":"2025-09-15T12:36:51","date_gmt":"2025-09-15T10:36:51","guid":{"rendered":"https:\/\/sqmosaic.com\/catalog\/sin%20categor\u00eda\/fifty-calm\/"},"modified":"2025-09-15T12:42:40","modified_gmt":"2025-09-15T10:42:40","slug":"fifty-calm","status":"publish","type":"product","link":"https:\/\/sqmosaic.com\/es\/products\/pool-es\/essence-es\/fifty-calm\/","title":{"rendered":"Fifty Calm"},"content":{"rendered":"<p>En un sereno tono azul medio y formato disponible en 50&#215;50 mm, este mosaico combina brillo y textura sutil para reflejar la calma del oc\u00e9ano. Ideal para crear espacios equilibrados y llenos de armon\u00eda, realza la l\u00ednea de agua con un estilo elegante y atemporal.<\/p>\n","protected":false},"excerpt":{"rendered":"<p>En un sereno tono azul medio y formato disponible en 50&#215;50 mm, este mosaico combina brillo y textura sutil para reflejar la calma del oc\u00e9ano. Ideal para crear espacios equilibrados y llenos de armon\u00eda, realza la l\u00ednea de agua con un estilo elegante y atemporal.<\/p>\n","protected":false},"featured_media":6469,"comment_status":"closed","ping_status":"open","template":"","meta":{"_acf_changed":false},"product_brand":[],"product_cat":[243],"product_tag":[],"class_list":{"0":"post-6635","1":"product","2":"type-product","3":"status-publish","4":"has-post-thumbnail","6":"product_cat-essence-es","8":"first","9":"instock","10":"product-type-simple"},"acf":[],"_links":{"self":[{"href":"https:\/\/sqmosaic.com\/es\/wp-json\/wp\/v2\/product\/6635","targetHints":{"allow":["GET"]}}],"collection":[{"href":"https:\/\/sqmosaic.com\/es\/wp-json\/wp\/v2\/product"}],"about":[{"href":"https:\/\/sqmosaic.com\/es\/wp-json\/wp\/v2\/types\/product"}],"replies":[{"embeddable":true,"href":"https:\/\/sqmosaic.com\/es\/wp-json\/wp\/v2\/comments?post=6635"}],"wp:featuredmedia":[{"embeddable":true,"href":"https:\/\/sqmosaic.com\/es\/wp-json\/wp\/v2\/media\/6469"}],"wp:attachment":[{"href":"https:\/\/sqmosaic.com\/es\/wp-json\/wp\/v2\/media?parent=6635"}],"wp:term":[{"taxonomy":"product_brand","embeddable":true,"href":"https:\/\/sqmosaic.com\/es\/wp-json\/wp\/v2\/product_brand?post=6635"},{"taxonomy":"product_cat","embeddable":true,"href":"https:\/\/sqmosaic.com\/es\/wp-json\/wp\/v2\/product_cat?post=6635"},{"taxonomy":"product_tag","embeddable":true,"href":"https:\/\/sqmosaic.com\/es\/wp-json\/wp\/v2\/product_tag?post=6635"}],"curies":[{"name":"wp","href":"https:\/\/api.w.org\/{rel}","templated":true}]}}