{"id":3961,"date":"2020-06-02T11:39:43","date_gmt":"2020-06-02T11:39:43","guid":{"rendered":"http:\/\/sqmosaic.com\/?page_id=3961\/"},"modified":"2025-05-20T16:52:50","modified_gmt":"2025-05-20T14:52:50","slug":"aviso-legal","status":"publish","type":"page","link":"https:\/\/sqmosaic.com\/es\/aviso-legal\/","title":{"rendered":"Aviso Legal"},"content":{"rendered":"  <section class=\"section\" id=\"section_754335604\">\n      <div class=\"bg section-bg fill bg-fill  bg-loaded\" >\n\n        \n        \n        \n        \n        \n        \n\n      <\/div><!-- .section-bg -->\n\n      <div class=\"section-content relative\">\n        \n<div class=\"gap-element\" style=\"display:block; height:auto; padding-top:300px\" class=\"clearfix\"><\/div>\n      <\/div><!-- .section-content -->\n\n      \n<style scope=\"scope\">\n\n#section_754335604 {\n  padding-top: 30px;\n  padding-bottom: 30px;\n  background-color: #26CAD3;\n}\n<\/style>\n  <\/section>\n  \n  <section class=\"section has-mask mask-angled-large\" id=\"section_2034258666\">\n      <div class=\"bg section-bg fill bg-fill  bg-loaded\" >\n\n        \n        \n        \n        \n        \n        \n\n      <\/div><!-- .section-bg -->\n\n      <div class=\"section-content relative\">\n        \n<div class=\"gap-element\" style=\"display:block; height:auto; padding-top:120px\" class=\"clearfix\"><\/div>\n<div class=\"row row-firefox1\" style=\"max-width:80%\" id=\"row-1302606191\">\n<div class=\"col small-12 large-12\"  ><div class=\"col-inner\"  >\n<h1 style=\"text-align: right;\"><span style=\"font-size: 200%; line-height: .8em;\">AVISO<\/span><br \/>\n<span style=\"font-size: 200%; line-height: .8em;\"><strong>LEGAL<\/strong>\/<\/span><\/h1>\n<\/div><\/div>\n\n<style scope=\"scope\">\n\n<\/style>\n<\/div>\n<div class=\"row row-firefox2\" style=\"max-width:80%\" id=\"row-459220591\">\n<div class=\"col medium-10 small-12 large-10\"  ><div class=\"col-inner\" style=\"margin:0px 0px 0px 0px;\" >\n<div class=\"gap-element\" style=\"display:block; height:auto; padding-top:30px\" class=\"clearfix\"><\/div>\n<h2 class=\"p1\"><b>\/POL\u00cdTICA DE PRIVACIDAD Y AVISO LEGAL WEB<\/b><\/h2>\n<h3 class=\"p1\"><span class=\"s1\"><b>\/POL\u00cdTICA DE PRIVACIDAD Y PROTECCI\u00d3N DE DATOS DEL SITIO WEB<\/b><\/span><\/h3>\n<p class=\"p2\" style=\"text-align: justify;\">Squamers Mosaic, S.L.U. es una empresa en la que la transparencia en la informaci\u00f3n es fundamental para establecer una relaci\u00f3n de confianza con las personas que forman nuestro proyecto y con nuestros proveedores y clientes, siendo la protecci\u00f3n de los datos personales de las personas que conf\u00edan en nosotros de vital importancia, por lo que queremos mediante la presente Pol\u00edtica de privacidad y protecci\u00f3n de datos personales, informarte de c\u00f3mo recabamos y c\u00f3mo tratamos o utilizamos dichos datos.<\/p>\n<p class=\"p2\" style=\"text-align: justify;\">En esta pol\u00edtica de privacidad y protecci\u00f3n de datos personales se establecen las bases sobre las que Squamers Mosaic, S.L.U., con domicilio en Traves\u00eda 3\u00aa Camino Viejo, S\/N, Onda 12200, Castell\u00f3n (Spain), trata los datos de car\u00e1cter personal que voluntariamente nos facilitan nuestros usuarios a trav\u00e9s de la p\u00e1gina web.<\/p>\n<p class=\"p2\" style=\"text-align: justify;\">Esta Pol\u00edtica siempre ser\u00e1 aplicable cuando se faciliten datos a Squamers Mosaic, S.L.U., el cual ser\u00e1 responsable de sus datos (Responsable del Tratamiento de los Datos), y a trav\u00e9s de cualquiera de los formularios de contacto o suscripci\u00f3n donde se recojan datos de car\u00e1cter personal (nombre, email, etc.).<\/p>\n<h3 class=\"p1\"><span class=\"s1\"><b>\/A QU\u00c9 NOS COMPROMETEMOS<\/b><\/span><\/h3>\n<ul class=\"ul1\">\n<li class=\"li3\" style=\"text-align: justify;\">A respetar la privacidad de nuestros usuarios y tratar los datos personales con el consentimiento de los mismos.<\/li>\n<li class=\"li3\" style=\"text-align: justify;\">A tratar los datos personales que estrictamente necesitemos para dar el servicio solicitado, y tratarlos de forma segura y confidencial, tomando las medidas necesarias para evitar el acceso no autorizado y el uso indebido de los mismos.<\/li>\n<li class=\"li3\" style=\"text-align: justify;\">A no utilizar los datos personales para finalidades para las que no hemos obtenido previamente el consentimiento.<\/li>\n<li class=\"li3\" style=\"text-align: justify;\">A no dar los datos personales a terceros ni compartirlos.<\/li>\n<li class=\"li3\" style=\"text-align: justify;\">A conservar los datos personales durante el tiempo estrictamente necesario para la finalidad concreta para la que han sido proporcionados.<\/li>\n<\/ul>\n<h3 class=\"p1\"><span class=\"s1\"><b>\/QU\u00c9 DATOS PERSONALES UTILIZAMOS<\/b><\/span><\/h3>\n<p class=\"p1\" style=\"text-align: justify;\">A trav\u00e9s de nuestra p\u00e1gina web podemos recabar datos personales para diferentes finalidades:<\/p>\n<ul class=\"ul1\" style=\"text-align: justify;\">\n<li class=\"li3\">Solicitud de informaci\u00f3n por parte del usuario<\/li>\n<\/ul>\n<p class=\"p2\" style=\"text-align: justify;\">Dependiendo de la finalidad para la que se aportan los datos, ser\u00e1n requeridos los datos estrictamente necesarios.<\/p>\n<p class=\"p2\" style=\"text-align: justify;\">Es importante que el usuario sea consciente de los datos que aporta y la finalidad para la que lo hace porque en el momento que los facilita, est\u00e1 aceptando que recopilemos, almacenemos y usemos dichos datos para la finalidad requerida, pudiendo en cualquier momento retirar el consentimiento prestado por los cauces oportunos siendo el consentimiento del interesado la base legal y legitimaci\u00f3n para el tratamiento de sus datos personales.<\/p>\n<h3 class=\"p1\"><span class=\"s1\"><b>\/EXACTITUD Y VERACIDAD DE LOS DATOS<\/b><\/span><\/h3>\n<p class=\"p2\" style=\"text-align: justify;\">El usuario, al aportar los datos requeridos en los formularios es el \u00fanico responsable de la veracidad de los datos remitidos, garantizando y respondiendo de la exactitud, vigencia y autenticidad de los datos personales facilitados, comprometi\u00e9ndose a mantenerlos debidamente actualizados.<\/p>\n<h3 class=\"p1\"><span class=\"s1\"><b>\/QU\u00c9 DERECHOS TIENE SOBRE LOS DATOS PERSONALES APORTADOS<\/b><\/span><\/h3>\n<p class=\"p1\" style=\"text-align: justify;\">Una vez aportados los datos personales tendr\u00e1 derecho a:<\/p>\n<ul class=\"ul1\" style=\"text-align: justify;\">\n<li class=\"li3\">consultar cualquier duda y a que se le informe de c\u00f3mo usamos los datos y a obtener <b>ACCESO<\/b> a los mismos.<\/li>\n<li class=\"li3\">que se <b>RECTIFIQUE<\/b> o borre su informaci\u00f3n o a imponer <b>LIMITACIONES <\/b>en el tratamiento de la misma.<\/li>\n<li class=\"li3\"><b>CANCELACI\u00d3N <\/b>de los datos.<\/li>\n<li class=\"li3\"><b>OPONERSE<\/b> al tratamiento de sus datos.<\/li>\n<li class=\"li3\"><b>PORTABILIDAD<\/b> de los datos.<\/li>\n<\/ul>\n<p class=\"p2\" style=\"text-align: justify;\">En cualquier momento, podr\u00e1 ejercitar estos Derechos, mediante un escrito y acreditando su personalidad dirigido a Squamers Mosaic, S.L.U., en Traves\u00eda 3\u00aa Camino Viejo, S\/N, Onda 12200, Castell\u00f3n (Spain) o a trav\u00e9s de la direcci\u00f3n de correo electr\u00f3nico: rrhh@squamers.com.<\/p>\n<p class=\"p2\" style=\"text-align: justify;\">Adem\u00e1s, podr\u00e1 presentar una reclamaci\u00f3n ante la autoridad de control, en este caso, la Agencia Espa\u00f1ola de Protecci\u00f3n de Datos, si considera que el tratamiento de datos personales infringe la legislaci\u00f3n aplicable.<\/p>\n<h3 class=\"p1\"><span class=\"s1\"><b>\/SEGURIDAD Y ALMACENAMIENTO DE LOS DATOS<\/b><\/span><\/h3>\n<p class=\"p2\" style=\"text-align: justify;\">Mantendremos los datos durante el tiempo estrictamente necesario para la prestaci\u00f3n del servicio solicitado y mientras el titular no solicite su eliminaci\u00f3n, adoptando las medidas adecuadas de car\u00e1cter t\u00e9cnico y organizativo contra el tratamiento no autorizado o il\u00edcito y contra su p\u00e9rdida, destrucci\u00f3n o da\u00f1o accidentales, haciendo todo lo posible por protegerlos y mantenerlos de forma segura.<\/p>\n<h3 class=\"p1\"><span class=\"s1\"><b>\/QU\u00c9 DATOS PERSONALES COMPARTIMOS CON TERCEROS<\/b><\/span><\/h3>\n<p class=\"p2\" style=\"text-align: justify;\">No se prev\u00e9n cesiones de datos salvo en aquellos casos en que exista una obligaci\u00f3n legal. No hay previsi\u00f3n de transferencias de datos internacionales.<\/p>\n<h3 class=\"p1\"><span class=\"s1\"><b>\/AVISO LEGAL LSSI \u2013 CE <\/b> <\/span><\/h3>\n<p class=\"p7\" style=\"text-align: justify;\">En cumplimiento de la Ley 34\/2002, de 11 de julio, de Servicios de la Sociedad de la Informaci\u00f3n y de Comercio Electr\u00f3nico (LSSI-CE), la entidad Squamers Mosaic, S.L.U. le informa que es titular del sitio web. De acuerdo con la exigencia del art\u00edculo 10 de la citada Ley, informa de los siguientes datos:<\/p>\n<p class=\"p9\" style=\"text-align: justify;\">El titular de este sitio web es: Squamers Mosaic, S.L.U.<\/p>\n<p class=\"p9\" style=\"text-align: justify;\">NIF: B12982799<\/p>\n<p class=\"p9\" style=\"text-align: justify;\">Domicilio social:<\/p>\n<p class=\"p9\" style=\"text-align: justify;\">Traves\u00eda 3\u00aa Camino Viejo, S\/N, Onda 12200, Castell\u00f3n (Spain)<\/p>\n<h3 class=\"p1\"><span class=\"s1\"><b>\/USUARIOS<\/b><\/span><\/h3>\n<p class=\"p7\" style=\"text-align: justify;\">El acceso y\/o uso de este portal le atribuye la condici\u00f3n de USUARIO, que acepta, desde dicho acceso y\/o uso, las Condiciones Generales de Uso aqu\u00ed reflejadas. Las citadas Condiciones ser\u00e1n de aplicaci\u00f3n independientemente de las Condiciones Generales de Contrataci\u00f3n que en su caso resulten de obligado cumplimiento.<\/p>\n<h3 class=\"p1\"><span class=\"s1\"><b>\/USO DEL PORTAL<\/b><\/span><\/h3>\n<p class=\"p2\" style=\"text-align: justify;\">La p\u00e1gina web proporciona el acceso a multitud de informaciones, servicios, programas o datos (en adelante, \u201clos contenidos\u201d) en Internet pertenecientes a Squamers Mosaic, S.L.U. o a sus licenciantes a los que el USUARIO pueda tener acceso. El USUARIO asume la responsabilidad del uso del portal. Dicha responsabilidad se extiende al registro que fuese necesario para acceder a determinados servicios o contenidos.<\/p>\n<p class=\"p7\" style=\"text-align: justify;\">En dicho registro el USUARIO ser\u00e1 responsable de aportar informaci\u00f3n veraz y l\u00edcita. Como consecuencia de este registro, al USUARIO se le puede proporcionar una contrase\u00f1a de la que ser\u00e1 responsable, comprometi\u00e9ndose a hacer un uso diligente y confidencial de la misma. El USUARIO se compromete a hacer un uso adecuado de los contenidos y servicios que Squamers Mosaic, S.L.U. ofrece a trav\u00e9s de su portal y con car\u00e1cter enunciativo pero no limitativo, a no emplearlos para:<\/p>\n<ol class=\"ol1\">\n<li class=\"li11\" style=\"text-align: justify;\">incurrir en actividades il\u00edcitas, ilegales o contrarias a la buena fe y al orden p\u00fablico<\/li>\n<li class=\"li11\" style=\"text-align: justify;\">difundir contenidos o propaganda de car\u00e1cter racista, xen\u00f3fobo, pornogr\u00e1fico-ilegal, de apolog\u00eda del terrorismo o atentatorio contra los derechos humanos<\/li>\n<li class=\"li11\" style=\"text-align: justify;\">provocar da\u00f1os en los sistemas f\u00edsicos y l\u00f3gicos de Squamers Mosaic, S.L.U., de sus proveedores o de terceras personas, introducir o difundir en la red virus inform\u00e1ticos o cualesquiera otros sistemas f\u00edsicos o l\u00f3gicos que sean susceptibles de provocar los da\u00f1os anteriormente mencionados;<\/li>\n<li class=\"li11\" style=\"text-align: justify;\">intentar acceder y, en su caso, utilizar las cuentas de correo electr\u00f3nico de otros usuarios y modificar manipular sus mensajes. Squamers Mosaic, S.L.U. se reserva el derecho de retirar todos aquellos comentarios y aportaciones que vulneren el respeto a la dignidad de la persona, que sean discriminatorios, xen\u00f3fobos, racistas, pornogr\u00e1ficos, que atenten contra la juventud o la infancia, el orden o la seguridad p\u00fablica o que, a su juicio, no resultaran adecuados para su publicaci\u00f3n. En cualquier caso, Squamers Mosaic, S.L.U. no ser\u00e1 responsable de las opiniones vertidas por los usuarios a trav\u00e9s de los foros, chats, u otras herramientas de participaci\u00f3n.<\/li>\n<\/ol>\n<h3 class=\"p1\"><span class=\"s1\"><b>\/PROPIEDAD INTELECTUAL E INDUSTRIAL<\/b><\/span><\/h3>\n<p class=\"p2\" style=\"text-align: justify;\">Squamers Mosaic, S.L.U. ser\u00e1 titular de todos los derechos de propiedad intelectual e industrial de su p\u00e1gina web, as\u00ed como de los elementos contenidos en la misma (a t\u00edtulo enunciativo, im\u00e1genes, sonido, audio, v\u00eddeo, software o textos; marcas o logotipos, combinaciones de colores, estructura y dise\u00f1o, selecci\u00f3n de materiales usados, programas de ordenador necesarios para su funcionamiento, acceso y uso, etc.).<\/p>\n<p class=\"p2\" style=\"text-align: justify;\">Todos los derechos reservados. En virtud de lo dispuesto en los art\u00edculos 8 y 32.1, p\u00e1rrafo segundo, de la Ley de Propiedad Intelectual, quedan expresamente prohibidas la reproducci\u00f3n, la distribuci\u00f3n y la comunicaci\u00f3n p\u00fablica, incluida su modalidad de puesta a disposici\u00f3n, de la totalidad o parte de los contenidos de esta p\u00e1gina web, con fines comerciales, en cualquier soporte y por cualquier medio t\u00e9cnico, sin la autorizaci\u00f3n de Squamers Mosaic, S.L.U. El USUARIO se compromete a respetar los derechos de Propiedad Intelectual e Industrial titularidad de Squamers Mosaic, S.L.U. Podr\u00e1 visualizar los elementos del portal e incluso imprimirlos, copiarlos y almacenarlos en el disco duro de su ordenador o en cualquier otro soporte f\u00edsico siempre y cuando sea, \u00fanica y exclusivamente, para su uso personal y privado. El USUARIO deber\u00e1 abstenerse de suprimir, alterar, eludir o manipular cualquier dispositivo de protecci\u00f3n o sistema de seguridad que estuviera instalado en el las p\u00e1ginas de Squamers Mosaic, S.L.U.<\/p>\n<h3 class=\"p1\"><span class=\"s1\"><b>\/EXCLUSI\u00d3N DE GARANT\u00cdAS Y RESPONSABILIDAD<\/b><\/span><\/h3>\n<p class=\"p2\" style=\"text-align: justify;\">Squamers Mosaic, S.L.U. no se hace responsable, en ning\u00fan caso, de los da\u00f1os y perjuicios de cualquier naturaleza que pudieran ocasionar, a t\u00edtulo enunciativo: errores u omisiones en los contenidos, falta de disponibilidad del portal o la transmisi\u00f3n de virus o programas maliciosos o lesivos en los contenidos, a pesar de haber adoptado todas las medidas tecnol\u00f3gicas necesarias para evitarlo.<\/p>\n<h3 class=\"p1\"><span class=\"s1\"><b>\/MODIFICACIONES<\/b><\/span><\/h3>\n<p class=\"p2\" style=\"text-align: justify;\">Squamers Mosaic, S.L.U. se reserva el derecho de efectuar sin previo aviso las modificaciones que considere oportunas en su portal, pudiendo cambiar, suprimir o a\u00f1adir tanto los contenidos y servicios que se presten a trav\u00e9s de la misma como la forma en la que \u00e9stos aparezcan presentados o localizados en su portal.<\/p>\n<h3 class=\"p1\"><span class=\"s1\"><b>\/ENLACES<\/b><\/span><\/h3>\n<p class=\"p2\" style=\"text-align: justify;\">En el caso de que en la p\u00e1gina web se dispusiesen enlaces o hiperv\u00ednculos hac\u00eda otros sitios de Internet, Squamers Mosaic, S.L.U. no ejercer\u00e1 ning\u00fan tipo de control sobre dichos sitios y contenidos. En ning\u00fan caso Squamers Mosaic, S.L.U. asumir\u00e1 responsabilidad alguna por los contenidos de alg\u00fan enlace perteneciente a un sitio web ajeno, ni garantizar\u00e1 la disponibilidad t\u00e9cnica, calidad, fiabilidad, exactitud, amplitud, veracidad, validez y constitucionalidad de cualquier material o informaci\u00f3n contenida en ninguno de dichos hiperv\u00ednculos u otros sitios de Internet.<\/p>\n<p class=\"p2\" style=\"text-align: justify;\">Igualmente, la inclusi\u00f3n de estas conexiones externas no implicar\u00e1 ning\u00fan tipo de asociaci\u00f3n, fusi\u00f3n o participaci\u00f3n con las entidades conectadas.<\/p>\n<h3 class=\"p1\"><span class=\"s1\"><b>\/DERECHO DE EXCLUSI\u00d3N<\/b><\/span><\/h3>\n<p class=\"p2\" style=\"text-align: justify;\">Squamers Mosaic, S.L.U. se reserva el derecho a denegar o retirar el acceso a portal y\/o los servicios ofrecidos sin necesidad de preaviso, a instancia propia o de un tercero, a aquellos usuarios que incumplan las presentes Condiciones Generales de Uso.<\/p>\n<h3 class=\"p1\"><span class=\"s1\"><b>\/GENERALIDADES<\/b><\/span><\/h3>\n<p class=\"p2\" style=\"text-align: justify;\">Squamers Mosaic, S.L.U. perseguir\u00e1 el incumplimiento de las presentes condiciones, as\u00ed como cualquier utilizaci\u00f3n indebida de su portal ejerciendo todas las acciones civiles y penales que le puedan corresponder en derecho.<\/p>\n<h3 class=\"p1\"><span class=\"s1\"><b>\/MODIFICACI\u00d3N DE LAS PRESENTES CONDICIONES Y DURACI\u00d3N<\/b><\/span><\/h3>\n<p class=\"p2\" style=\"text-align: justify;\">Squamers Mosaic, S.L.U. podr\u00e1 modificar en cualquier momento las condiciones aqu\u00ed determinadas, siendo debidamente publicadas como aqu\u00ed aparecen.<\/p>\n<p class=\"p2\" style=\"text-align: justify;\">La vigencia de las citadas condiciones ir\u00e1 en funci\u00f3n de su exposici\u00f3n y estar\u00e1n vigentes hasta que sean modificadas por otras debidamente publicadas.<\/p>\n<h3 class=\"p1\"><span class=\"s1\"><b>\/LEGISLACI\u00d3N APLICABLE Y JURISDICCI\u00d3N<\/b><\/span><\/h3>\n<p class=\"p2\">La relaci\u00f3n entre Squamers Mosaic, S.L.U. y el USUARIO se regir\u00e1 por la normativa espa\u00f1ola vigente y cualquier controversia se someter\u00e1 a los Juzgados y tribunales de la ciudad anteriormente indicada.<\/p>\n<\/div><\/div>\n<div class=\"col medium-6 small-12 large-6\"  ><div class=\"col-inner text-right\"  >\n<div class=\"gap-element\" style=\"display:block; height:auto; padding-top:70px\" class=\"clearfix\"><\/div>\n<\/div><\/div>\n\n<style scope=\"scope\">\n\n<\/style>\n<\/div>\n      <\/div><!-- .section-content -->\n\n      \n<style scope=\"scope\">\n\n#section_2034258666 {\n  padding-top: 0px;\n  padding-bottom: 0px;\n  background-color: rgb(255,255,255);\n}\n<\/style>\n  <\/section>\n  \n","protected":false},"excerpt":{"rendered":"","protected":false},"author":3,"featured_media":0,"parent":0,"menu_order":0,"comment_status":"closed","ping_status":"closed","template":"page-transparent-header-light.php","meta":{"_acf_changed":false,"footnotes":""},"class_list":["post-3961","page","type-page","status-publish","hentry"],"acf":[],"_links":{"self":[{"href":"https:\/\/sqmosaic.com\/es\/wp-json\/wp\/v2\/pages\/3961","targetHints":{"allow":["GET"]}}],"collection":[{"href":"https:\/\/sqmosaic.com\/es\/wp-json\/wp\/v2\/pages"}],"about":[{"href":"https:\/\/sqmosaic.com\/es\/wp-json\/wp\/v2\/types\/page"}],"author":[{"embeddable":true,"href":"https:\/\/sqmosaic.com\/es\/wp-json\/wp\/v2\/users\/3"}],"replies":[{"embeddable":true,"href":"https:\/\/sqmosaic.com\/es\/wp-json\/wp\/v2\/comments?post=3961"}],"version-history":[{"count":22,"href":"https:\/\/sqmosaic.com\/es\/wp-json\/wp\/v2\/pages\/3961\/revisions"}],"predecessor-version":[{"id":6261,"href":"https:\/\/sqmosaic.com\/es\/wp-json\/wp\/v2\/pages\/3961\/revisions\/6261"}],"wp:attachment":[{"href":"https:\/\/sqmosaic.com\/es\/wp-json\/wp\/v2\/media?parent=3961"}],"curies":[{"name":"wp","href":"https:\/\/api.w.org\/{rel}","templated":true}]}}