{"id":2942,"date":"2017-05-19T10:47:45","date_gmt":"2017-05-19T10:47:45","guid":{"rendered":"http:\/\/sqmosaic.com\/?page_id=2942"},"modified":"2025-11-07T11:44:13","modified_gmt":"2025-11-07T10:44:13","slug":"contactar","status":"publish","type":"page","link":"https:\/\/sqmosaic.com\/es\/contactar\/","title":{"rendered":"Contactar"},"content":{"rendered":"  <section class=\"section\" id=\"section_1205154790\">\n      <div class=\"bg section-bg fill bg-fill  bg-loaded\" >\n\n        \n        \n        \n        \n        \n        \n\n      <\/div><!-- .section-bg -->\n\n      <div class=\"section-content relative\">\n        \n<div class=\"gap-element\" style=\"display:block; height:auto; padding-top:300px\" class=\"clearfix\"><\/div>\n      <\/div><!-- .section-content -->\n\n      \n<style scope=\"scope\">\n\n#section_1205154790 {\n  padding-top: 30px;\n  padding-bottom: 30px;\n  background-color: #26CAD3;\n}\n<\/style>\n  <\/section>\n  \n  <section class=\"section has-mask mask-angled-large\" id=\"section_1409250995\">\n      <div class=\"bg section-bg fill bg-fill  bg-loaded\" >\n\n        \n        \n        \n        \n        \n        \n\n      <\/div><!-- .section-bg -->\n\n      <div class=\"section-content relative\">\n        \n<div class=\"gap-element\" style=\"display:block; height:auto; padding-top:120px\" class=\"clearfix\"><\/div>\n<div class=\"row row-firefox1\" style=\"max-width:80%\" id=\"row-234734327\">\n<div class=\"col small-12 large-12\"  ><div class=\"col-inner\"  >\n<h1 style=\"text-align: right;\"><span style=\"font-size: 200%; line-height: .8em;\">CONTACTA CON<\/span><br \/>\n<span style=\"font-size: 200%; line-height: .8em;\"><strong>NOSOTROS<\/strong>\/<\/span><\/h1>\n<\/div><\/div>\n\n<style scope=\"scope\">\n\n<\/style>\n<\/div>\n<div class=\"row row-firefox2\" style=\"max-width:80%\" id=\"row-1936363222\">\n<div class=\"col medium-6 small-12 large-6\"  ><div class=\"col-inner\" style=\"margin:0px 0px 0px 0px;\" >\n<div class=\"gap-element\" style=\"display:block; height:auto; padding-top:30px\" class=\"clearfix\"><\/div>\n<h2>\/DI <strong>HOLA<\/strong><\/h2>\n\n<div class=\"wpcf7 no-js\" id=\"wpcf7-f2945-o1\" lang=\"\" dir=\"ltr\" data-wpcf7-id=\"2945\">\n<div class=\"screen-reader-response\"><p role=\"status\" aria-live=\"polite\" aria-atomic=\"true\"><\/p> <ul><\/ul><\/div>\n<form action=\"\/es\/wp-json\/wp\/v2\/pages\/2942#wpcf7-f2945-o1\" method=\"post\" class=\"wpcf7-form init\" aria-label=\"Formulario de contacto\" novalidate=\"novalidate\" data-status=\"init\">\n<fieldset class=\"hidden-fields-container\"><input type=\"hidden\" name=\"_wpcf7\" value=\"2945\" \/><input type=\"hidden\" name=\"_wpcf7_version\" value=\"6.1.5\" \/><input type=\"hidden\" name=\"_wpcf7_locale\" value=\"\" \/><input type=\"hidden\" name=\"_wpcf7_unit_tag\" value=\"wpcf7-f2945-o1\" \/><input type=\"hidden\" name=\"_wpcf7_container_post\" value=\"0\" \/><input type=\"hidden\" name=\"_wpcf7_posted_data_hash\" value=\"\" \/><input type=\"hidden\" name=\"_wpcf7_recaptcha_response\" value=\"\" \/>\n<\/fieldset>\n<div class=\"half\">\n\t<p><label> Nombre (requerido)<br \/>\n<span class=\"wpcf7-form-control-wrap\" data-name=\"your-name\"><input size=\"40\" maxlength=\"400\" class=\"wpcf7-form-control wpcf7-text wpcf7-validates-as-required\" aria-required=\"true\" aria-invalid=\"false\" value=\"\" type=\"text\" name=\"your-name\" \/><\/span> <\/label>\n\t<\/p>\n<\/div>\n<div class=\"half\">\n\t<p><label> Empresa (requerido)<br \/>\n<span class=\"wpcf7-form-control-wrap\" data-name=\"your-company\"><input size=\"40\" maxlength=\"400\" class=\"wpcf7-form-control wpcf7-text wpcf7-validates-as-required\" aria-required=\"true\" aria-invalid=\"false\" value=\"\" type=\"text\" name=\"your-company\" \/><\/span> <\/label>\n\t<\/p>\n<\/div>\n<div class=\"half\">\n\t<p><label> Tel\u00e9fono (requerido)<br \/>\n<span class=\"wpcf7-form-control-wrap\" data-name=\"your-phone-number\"><input size=\"40\" maxlength=\"400\" class=\"wpcf7-form-control wpcf7-text wpcf7-validates-as-required\" aria-required=\"true\" aria-invalid=\"false\" value=\"\" type=\"text\" name=\"your-phone-number\" \/><\/span> <\/label>\n\t<\/p>\n<\/div>\n<div class=\"half\">\n\t<p><label> Tu email (requerido)<br \/>\n<span class=\"wpcf7-form-control-wrap\" data-name=\"your-email\"><input size=\"40\" maxlength=\"400\" class=\"wpcf7-form-control wpcf7-email wpcf7-validates-as-required wpcf7-text wpcf7-validates-as-email\" aria-required=\"true\" aria-invalid=\"false\" value=\"\" type=\"email\" name=\"your-email\" \/><\/span> <\/label>\n\t<\/p>\n<\/div>\n<p><label> Tus comentarios<br \/>\n<span class=\"wpcf7-form-control-wrap\" data-name=\"your-message\"><textarea cols=\"40\" rows=\"10\" maxlength=\"2000\" class=\"wpcf7-form-control wpcf7-textarea\" aria-invalid=\"false\" name=\"your-message\"><\/textarea><\/span> <\/label>\n<\/p>\n<p><span class=\"wpcf7-form-control-wrap\" data-name=\"checkbox-246\"><span class=\"wpcf7-form-control wpcf7-checkbox wpcf7-validates-as-required\"><span class=\"wpcf7-list-item first last\"><label><input type=\"checkbox\" name=\"checkbox-246[]\" value=\"Acepto las condiciones de uso del formulario de contacto\" \/><span class=\"wpcf7-list-item-label\">Acepto las condiciones de uso del formulario de contacto<\/span><\/label><\/span><\/span><\/span><br \/>\n<span class=\"wpcf7-form-control-wrap\" data-name=\"checkbox-177\"><span class=\"wpcf7-form-control wpcf7-checkbox\"><span class=\"wpcf7-list-item first last\"><label><input type=\"checkbox\" name=\"checkbox-177[]\" value=\"Acepto que mis datos identificativos sean incluidos para finalidades comerciales de Squamers Mosaic, S.L.U.\" \/><span class=\"wpcf7-list-item-label\">Acepto que mis datos identificativos sean incluidos para finalidades comerciales de Squamers Mosaic, S.L.U.<\/span><\/label><\/span><\/span><\/span><br \/>\n<label style=\"font-size: 70%\"><br \/>\n<\/label>\n<\/p>\n<p style=\"font-size: 70%\"><strong>INFORMACI\u00d3N B\u00c1SICA DE PROTECCI\u00d3N DE DATOS:<\/strong> En cumplimiento del deber de informar a los interesados de las circunstancias y condiciones del tratamiento de sus datos y de los derechos que le asisten, ponemos a su disposici\u00f3n la siguiente informaci\u00f3n.\n<\/p>\n<p style=\"font-size: 70%\"><strong>RESPONSABLE DE TRATAMIENTO:<\/strong> Squamers Mosaic, S.L.U.\n<\/p>\n<p style=\"font-size: 70%\"><strong>FINALIDAD DEL TRATAMIENTO DE SUS DATOS:<\/strong> Gestionar y responder su consulta.\n<\/p>\n<p style=\"font-size: 70%\"><strong>CONSERVACI\u00d3N DE LOS DATOS:<\/strong> Los datos se conservan el tiempo estrictamente necesario para la relaci\u00f3n y lo que le es exigible legalmente, siendo destruidos posteriormente mediante los procesos seguros de la organizaci\u00f3n.\n<\/p>\n<p style=\"font-size: 70%\"><strong>LEGITIMACI\u00d3N PARA EL TRATAMIENTO:<\/strong> Inter\u00e9s leg\u00edtimo de las partes para dar respuesta a la solicitud de informaci\u00f3n.\n<\/p>\n<p style=\"font-size: 70%\"><strong>DESTINATARIOS DE SUS DATOS PERSONALES:<\/strong> No se prev\u00e9n cesiones de datos salvo en aquellos casos en que exista una obligaci\u00f3n legal. No hay previsi\u00f3n de transferencias de datos internacionales.\n<\/p>\n<p style=\"font-size: 70%\"><strong>SUS DERECHOS:<\/strong> Puede revocar el consentimiento y ejercer sus Derechos a acceder, rectificar, oponerse, limitar, portar y suprimir los datos, escribiendo a Squamers Mosaic, S.L.U., en Traves\u00eda 3\u00aa Camino Viejo, S\/N Onda 12200, Castell\u00f3n, adem\u00e1s de acudir a la autoridad de control competente (AEPD).\n<\/p>\n\n<p><input class=\"wpcf7-form-control wpcf7-submit has-spinner\" type=\"submit\" value=\"Enviar\" \/>\n<\/p><div class=\"wpcf7-response-output\" aria-hidden=\"true\"><\/div>\n<\/form>\n<\/div>\n\n<\/div><\/div>\n<div class=\"col medium-6 small-12 large-6\"  ><div class=\"col-inner text-right\"  >\n<div class=\"gap-element\" style=\"display:block; height:auto; padding-top:70px\" class=\"clearfix\"><\/div>\n<p>Traves\u00eda 3\u00aa Camino Viejo, S\/N<br \/>\nOnda 12200, Castell\u00f3n (Spain)<br \/>\ntel. +34 964 910 910<br \/>\nemail: info@squamers.com<\/p>\n<a href=\"https:\/\/www.google.com\/maps\/place\/SQUAMERS\/@39.9613092,-0.2237452,17z\/data=!3m1!4b1!4m5!3m4!1s0x0:0x454ee78a1c1cb76c!8m2!3d39.9613092!4d-0.2215565\" target=\"_blank\" class=\"button primary is-small\" rel=\"noopener\">\n    <span>Mapa<\/span>\n  <\/a>\n\n<\/div><\/div>\n\n<style scope=\"scope\">\n\n<\/style>\n<\/div>\n      <\/div><!-- .section-content -->\n\n      \n<style scope=\"scope\">\n\n#section_1409250995 {\n  padding-top: 0px;\n  padding-bottom: 0px;\n  background-color: rgb(255,255,255);\n}\n<\/style>\n  <\/section>\n  \n<div class=\"gap-element\" style=\"display:block; height:auto; padding-top:150px\" class=\"clearfix\"><\/div>\n  <section class=\"section has-mask mask-angled-large\" id=\"section_1863488177\">\n      <div class=\"bg section-bg fill bg-fill  \" >\n\n        \n        \n        \n        \n        \n        \n\n      <\/div><!-- .section-bg -->\n\n      <div class=\"section-content relative\">\n        \n<div class=\"gap-element\" style=\"display:block; height:auto; padding-top:0px\" class=\"clearfix\"><\/div>\n<div class=\"row\" style=\"max-width:80%\" id=\"row-1075229701\">\n<div class=\"col small-12 large-12\"  ><div class=\"col-inner text-right\"  >\n<h3 style=\"text-align: right; margin-top: -200px;\"><strong><span style=\"font-size: 200%; line-height: .8em;\">\/CAT\u00c1LOGO DE<\/span><\/strong><br \/>\n<span style=\"font-size: 200%; line-height: .8em;\">PRODUCTO<\/span><\/h3>\n<div class=\"gap-element\" style=\"display:block; height:auto; padding-top:20px\" class=\"clearfix\"><\/div>\n<a href=\"http:\/\/sqmosaic.com\/wp-content\/uploads\/2024\/11\/SQUAMERS_Catalogo2024_LQ.pdf\" target=\"_blank\" class=\"button white is-small\">\n    <span>DESCARGAR PDF<\/span>\n  <\/a>\n\n<\/div><\/div>\n\n<style scope=\"scope\">\n\n<\/style>\n<\/div>\n      <\/div><!-- .section-content -->\n\n      \n<style scope=\"scope\">\n\n#section_1863488177 {\n  padding-top: 30px;\n  padding-bottom: 30px;\n  min-height: 700px;\n  background-color: #26CAD3;\n}\n#section_1863488177 .section-bg.bg-loaded {\n  background-image: url(https:\/\/sqmosaic.com\/wp-content\/uploads\/2017\/03\/mockup-catalog.jpg);\n}\n<\/style>\n  <\/section>\n  \n","protected":false},"excerpt":{"rendered":"<style>@-moz-document url-prefix() {\n.row-firefox1 {margin-top:-80px; padding-top:100px;}\n.row-firefox2 {margin-top:-80px; padding-bottom:150px;}\n.mask-angled-large {\n    margin-top: -250px !important;}\n}<\/style>\n","protected":false},"author":2,"featured_media":0,"parent":0,"menu_order":0,"comment_status":"closed","ping_status":"closed","template":"page-transparent-header-light.php","meta":{"_acf_changed":false,"footnotes":""},"class_list":["post-2942","page","type-page","status-publish","hentry"],"acf":[],"_links":{"self":[{"href":"https:\/\/sqmosaic.com\/es\/wp-json\/wp\/v2\/pages\/2942","targetHints":{"allow":["GET"]}}],"collection":[{"href":"https:\/\/sqmosaic.com\/es\/wp-json\/wp\/v2\/pages"}],"about":[{"href":"https:\/\/sqmosaic.com\/es\/wp-json\/wp\/v2\/types\/page"}],"author":[{"embeddable":true,"href":"https:\/\/sqmosaic.com\/es\/wp-json\/wp\/v2\/users\/2"}],"replies":[{"embeddable":true,"href":"https:\/\/sqmosaic.com\/es\/wp-json\/wp\/v2\/comments?post=2942"}],"version-history":[{"count":10,"href":"https:\/\/sqmosaic.com\/es\/wp-json\/wp\/v2\/pages\/2942\/revisions"}],"predecessor-version":[{"id":6404,"href":"https:\/\/sqmosaic.com\/es\/wp-json\/wp\/v2\/pages\/2942\/revisions\/6404"}],"wp:attachment":[{"href":"https:\/\/sqmosaic.com\/es\/wp-json\/wp\/v2\/media?parent=2942"}],"curies":[{"name":"wp","href":"https:\/\/api.w.org\/{rel}","templated":true}]}}