{"id":2940,"date":"2017-05-19T10:13:11","date_gmt":"2017-05-19T10:13:11","guid":{"rendered":"http:\/\/sqmosaic.com\/?page_id=2940"},"modified":"2025-11-07T11:47:25","modified_gmt":"2025-11-07T10:47:25","slug":"sobre-nosotros","status":"publish","type":"page","link":"https:\/\/sqmosaic.com\/es\/sobre-nosotros\/","title":{"rendered":"Sobre nosotros"},"content":{"rendered":"  <section class=\"section has-parallax\" id=\"section_753126608\">\n      <div class=\"bg section-bg fill bg-fill  \" data-parallax-container=\".section\" data-parallax-background data-parallax=\"-4\">\n\n        \n        \n        \n        \n        \n        \n\t<div class=\"is-border\"\n\t\tstyle=\"border-width:1px 0px 1px 0px;\">\n\t<\/div>\n\n      <\/div><!-- .section-bg -->\n\n      <div class=\"section-content relative\">\n        \n  <div class=\"banner-grid-wrapper\">\n  <div id=\"banner-grid-487062333\" class=\"banner-grid row row-grid row-collapse row-full-width\" data-packery-options=\"\">\n                      \n<div class=\"col grid-col large-12 grid-col-2-3\" ><div class=\"col-inner\">\n<div class=\"is-divider divider clearfix\" style=\"margin-top:6em;margin-bottom:6em;height:0px;\"><\/div><!-- .divider -->\n<\/div><\/div>\n            <\/div><!-- .banner-grid .row .grid -->\n    <style scope=\"scope\">\n    #banner-grid-487062333 .grid-col-1{height: 600px}\n    #banner-grid-487062333 .grid-col-1-2{height: 300px}\n    #banner-grid-487062333 .grid-col-1-3{height:200px}\n    #banner-grid-487062333 .grid-col-2-3{height: 400px}\n    #banner-grid-487062333 .grid-col-1-4{height: 150px}\n    #banner-grid-487062333 .grid-col-3-4{height: 450px}\n\n    \n      <\/style>\n    <\/div><!-- .banner-grid-wrapper -->\n  \n      <\/div><!-- .section-content -->\n\n      \n<style scope=\"scope\">\n\n#section_753126608 {\n  padding-top: 0px;\n  padding-bottom: 0px;\n  min-height: 800px;\n  background-color: #00385B;\n}\n#section_753126608 .section-bg.bg-loaded {\n  background-image: url(https:\/\/sqmosaic.com\/wp-content\/uploads\/2017\/02\/hero-about-us.jpg);\n}\n<\/style>\n  <\/section>\n  \n  <section class=\"section has-mask mask-angled-large\" id=\"section_315596537\">\n      <div class=\"bg section-bg fill bg-fill  bg-loaded\" >\n\n        \n        \n        \n        \n        \n        \n\n      <\/div><!-- .section-bg -->\n\n      <div class=\"section-content relative\">\n        \n<div class=\"row row-large about-height\" style=\"max-width:80%\" id=\"row-160212828\">\n<div class=\"col small-12 large-12\"  ><div class=\"col-inner text-right dark\" style=\"padding:90px 0px 0px 0px;\" >\n<div class=\"is-divider divider clearfix\" style=\"margin-top:3em;margin-bottom:3em;height:0px;\"><\/div><!-- .divider -->\n<h1><span style=\"font-size: 200%; line-height: .8em;\">SOBRE<\/span><br \/>\n<span style=\"font-size: 200%; line-height: .8em;\"><strong>NOSOTROS<\/strong>\/<\/span><\/h1>\n<\/div><\/div>\n\n<style scope=\"scope\">\n\n<\/style>\n<\/div>\n<div class=\"row row-large row4firefox\" style=\"max-width:80%\" id=\"row-1175679825\">\n<div class=\"col medium-6 small-12 large-6\"  ><div class=\"col-inner dark\"  >\n<h3 class=\"p1\" style=\"text-align: justify;\"><strong><span lang=\"EN-US\">\/PISCINAS DE DISE\u00d1O PARA TODO EL MUNDO<\/span><\/strong><\/h3>\n<p class=\"p1\" style=\"text-align: justify;\">S\u00ed, has le\u00eddo bien. Decimos \u00abpiscinas de dise\u00f1o para todo el mundo\u00bb porque Squamers es realmente para todo el mundo. Desde un gran abogado hasta la vecina que disfruta ba\u00f1ando a su perro junto a sus nietos.<\/p>\n<p class=\"p1\" style=\"text-align: justify;\">Si alguien ha imaginado alguna vez tener su propia fantas\u00eda, tanto si son escamas de pez, una perla del Caribe o el logotipo de su banda de rock favorita en el fondo de su piscina, nosotros tenemos lo que busca.<\/p>\n<p class=\"p1\" style=\"text-align: justify;\"><strong>Para ello contamos con un fant\u00e1stico equipo de dise\u00f1o. No importa lo que tengas en mente, ellos lo hacen realidad.<\/strong><\/p>\n<\/div><\/div>\n<div class=\"col medium-5 small-12 large-5\"  ><div class=\"col-inner dark\"  >\n<p class=\"p1\" style=\"text-align: justify;\">Sum\u00e9rgete en Squamers y \u00fanete a la revoluci\u00f3n del dise\u00f1o. Todo el mundo tiene derecho a crear su propio arte a un <strong>precio asequible.<\/strong><\/p>\n<p>Y ya sabes, no digas \u201cpool\u201d, di \u201ccool\u201d.<\/p>\n<a href=\"https:\/\/sqmosaic.com\/es\/contactar\/\" target=\"_self\" class=\"button white is-outline\"  >\n    <span>CONT\u00c1CTANOS<\/span>\n  <\/a>\n\n<\/div><\/div>\n\n<style scope=\"scope\">\n\n<\/style>\n<\/div>\n<div class=\"is-divider divider clearfix\" style=\"margin-top:2em;margin-bottom:2em;height:0px;\"><\/div><!-- .divider -->\n      <\/div><!-- .section-content -->\n\n      \n<style scope=\"scope\">\n\n#section_315596537 {\n  padding-top: 60px;\n  padding-bottom: 60px;\n  min-height: 800px;\n  background-color: rgb(26, 56, 84);\n}\n<\/style>\n  <\/section>\n  \n  <section class=\"section has-mask mask-angled-large has-parallax\" id=\"section_1889548510\">\n      <div class=\"bg section-bg fill bg-fill  \" data-parallax-container=\".section\" data-parallax-background data-parallax=\"-4\">\n\n        \n        \n        \n        \n        \n        \n\t<div class=\"is-border\"\n\t\tstyle=\"border-width:1px 0px 1px 0px;\">\n\t<\/div>\n\n      <\/div><!-- .section-bg -->\n\n      <div class=\"section-content relative\">\n        \n  <div class=\"banner-grid-wrapper\">\n  <div id=\"banner-grid-398363560\" class=\"banner-grid row row-grid row-collapse row-full-width\" data-packery-options=\"\">\n                      \n<div class=\"col grid-col large-12 grid-col-2-3\" ><div class=\"col-inner\">\n<\/div><\/div>\n            <\/div><!-- .banner-grid .row .grid -->\n    <style scope=\"scope\">\n    #banner-grid-398363560 .grid-col-1{height: 800px}\n    #banner-grid-398363560 .grid-col-1-2{height: 400px}\n    #banner-grid-398363560 .grid-col-1-3{height:266.66666666667px}\n    #banner-grid-398363560 .grid-col-2-3{height: 533.33333333333px}\n    #banner-grid-398363560 .grid-col-1-4{height: 200px}\n    #banner-grid-398363560 .grid-col-3-4{height: 600px}\n\n    \n      <\/style>\n    <\/div><!-- .banner-grid-wrapper -->\n  \n      <\/div><!-- .section-content -->\n\n      \n<style scope=\"scope\">\n\n#section_1889548510 {\n  padding-top: 0px;\n  padding-bottom: 0px;\n  background-color: #00385B;\n}\n#section_1889548510 .section-bg.bg-loaded {\n  background-image: url(https:\/\/sqmosaic.com\/wp-content\/uploads\/2017\/03\/about-us-1.jpg);\n}\n<\/style>\n  <\/section>\n  \n  <section class=\"section\" id=\"section_401995317\">\n      <div class=\"bg section-bg fill bg-fill  bg-loaded\" >\n\n        \n        \n        \n        \n        \n        \n\t<div class=\"is-border\"\n\t\tstyle=\"border-width:0px 0px 0px 0px;\">\n\t<\/div>\n\n      <\/div><!-- .section-bg -->\n\n      <div class=\"section-content relative\">\n        \n  <div class=\"banner-grid-wrapper\">\n  <div id=\"banner-grid-1598539301\" class=\"banner-grid row row-grid row-collapse row-full-width\" data-packery-options=\"\">\n                      \n<div class=\"col grid-col large-6 grid-col-1-3\" ><div class=\"col-inner\">\n\n  <div class=\"banner has-hover\" id=\"banner-1636866260\">\n          <div class=\"banner-inner fill\">\n        <div class=\"banner-bg fill\" >\n            <div class=\"bg fill bg-fill \"><\/div>\n                                    \n                    <\/div><!-- bg-layers -->\n        <div class=\"banner-layers container\">\n            <div class=\"fill banner-link\"><\/div>            \n   <div id=\"text-box-400495467\" class=\"text-box banner-layer x50 md-x50 lg-x50 y50 md-y50 lg-y50 res-text\">\n                                <div class=\"text dark\">\n              \n              <div class=\"text-inner text-left\">\n                  \n<h3 class=\"uppercase\"><strong>\/La revoluci\u00f3n que abraza la diferencia<\/strong><\/h3>\n<p><strong><span style=\"font-size: 150%;\" data-line-height=\"s\">Ha llegado la hora de reflejar la propia personalidad en piscinas, ba\u00f1os, spas, comedores, salones\u2026 En todas las estancias. Es la hora de personalizar cada rinc\u00f3n de la casa.<br \/>\n<\/span><\/strong><\/p>\n              <\/div>\n           <\/div><!-- text-box-inner -->\n                            \n<style scope=\"scope\">\n\n#text-box-400495467 {\n  width: 70%;\n}\n#text-box-400495467 .text {\n  font-size: 100%;\n}\n<\/style>\n    <\/div><!-- text-box -->\n \n        <\/div><!-- .banner-layers -->\n      <\/div><!-- .banner-inner -->\n\n            \n<style scope=\"scope\">\n\n#banner-1636866260 {\n  padding-top: 500px;\n}\n<\/style>\n  <\/div><!-- .banner -->\n\n\n<\/div><\/div>\n<div class=\"col grid-col large-6 grid-col-1-3\" ><div class=\"col-inner\">\n\n  <div class=\"banner has-hover\" id=\"banner-1303665219\">\n          <div class=\"banner-inner fill\">\n        <div class=\"banner-bg fill\" >\n            <div class=\"bg fill bg-fill \"><\/div>\n                                    \n                    <\/div><!-- bg-layers -->\n        <div class=\"banner-layers container\">\n            <div class=\"fill banner-link\"><\/div>            \n   <div id=\"text-box-2041250287\" class=\"text-box banner-layer x50 md-x50 lg-x50 y50 md-y50 lg-y50 res-text\">\n                                <div class=\"text \">\n              \n              <div class=\"text-inner text-right\">\n                  \n<h3 class=\"uppercase\"><strong>\/UNA PISCINA NECESITA TEXTURAS, Y NOSOTROS LAS TENEMOS<\/strong><\/h3>\n<p><strong><span style=\"font-size: 150%;\" data-line-height=\"s\">Si no existe, nuestro equipo de dise\u00f1o te ayudar\u00e1 a crear todo lo que imagines. Si buscas algo m\u00e1s que una sencilla piscina de azulejos azules, somos exactamente lo que necesitas.<\/span><\/strong><\/p>\n              <\/div>\n           <\/div><!-- text-box-inner -->\n                            \n<style scope=\"scope\">\n\n#text-box-2041250287 {\n  width: 70%;\n}\n#text-box-2041250287 .text {\n  font-size: 100%;\n}\n<\/style>\n    <\/div><!-- text-box -->\n \n        <\/div><!-- .banner-layers -->\n      <\/div><!-- .banner-inner -->\n\n            \n<style scope=\"scope\">\n\n#banner-1303665219 {\n  padding-top: 500px;\n  background-color: rgb(255,255,255);\n}\n<\/style>\n  <\/div><!-- .banner -->\n\n\n<\/div><\/div>\n<div class=\"col grid-col large-6 grid-col-1-3\" ><div class=\"col-inner\">\n\n  <div class=\"banner has-hover\" id=\"banner-585066664\">\n          <div class=\"banner-inner fill\">\n        <div class=\"banner-bg fill\" >\n            <div class=\"bg fill bg-fill \"><\/div>\n                                    \n                    <\/div><!-- bg-layers -->\n        <div class=\"banner-layers container\">\n            <div class=\"fill banner-link\"><\/div>            \n   <div id=\"text-box-1373795883\" class=\"text-box banner-layer x50 md-x50 lg-x50 y50 md-y50 lg-y50 res-text\">\n                                <div class=\"text dark\">\n              \n              <div class=\"text-inner text-right\">\n                  \n<h3 class=\"uppercase\"><strong>\/NUESTRA TIERRA LO TIENE TODO<\/strong><\/h3>\n<p><strong><span style=\"font-size: 150%;\" data-line-height=\"s\">Representamos su pasi\u00f3n, car\u00e1cter y amplitud de contrastes; de ah\u00ed nace nuestra creatividad. Dise\u00f1amos y fabricamos en Espa\u00f1a, lo que se percibe en la calidad de nuestro mosaico v\u00edtreo.<\/span><\/strong><\/p>\n              <\/div>\n           <\/div><!-- text-box-inner -->\n                            \n<style scope=\"scope\">\n\n#text-box-1373795883 {\n  width: 70%;\n}\n#text-box-1373795883 .text {\n  font-size: 100%;\n}\n<\/style>\n    <\/div><!-- text-box -->\n \n        <\/div><!-- .banner-layers -->\n      <\/div><!-- .banner-inner -->\n\n            \n<style scope=\"scope\">\n\n#banner-585066664 {\n  padding-top: 500px;\n  background-color: rgb(255,255,255);\n}\n#banner-585066664 .bg.bg-loaded {\n  background-image: url(https:\/\/sqmosaic.com\/wp-content\/uploads\/2017\/02\/about-us-tierra.jpg);\n}\n<\/style>\n  <\/div><!-- .banner -->\n\n\n<\/div><\/div>\n<div class=\"col grid-col large-6 grid-col-1-3\" ><div class=\"col-inner\">\n\n  <div class=\"banner has-hover\" id=\"banner-1058151252\">\n          <div class=\"banner-inner fill\">\n        <div class=\"banner-bg fill\" >\n            <div class=\"bg fill bg-fill \"><\/div>\n                                    \n                    <\/div><!-- bg-layers -->\n        <div class=\"banner-layers container\">\n            <div class=\"fill banner-link\"><\/div>            \n   <div id=\"text-box-990428036\" class=\"text-box banner-layer x50 md-x50 lg-x50 y50 md-y50 lg-y50 res-text\">\n                                <div class=\"text \">\n              \n              <div class=\"text-inner text-center\">\n                  \n<a href=\"https:\/\/sqmosaic.com\/es\/productos\/\" target=\"_self\" class=\"button success is-outline is-xlarge\"  >\n    <span>Ver los productos<\/span>\n  <\/a>\n\n              <\/div>\n           <\/div><!-- text-box-inner -->\n                            \n<style scope=\"scope\">\n\n#text-box-990428036 {\n  width: 60%;\n}\n#text-box-990428036 .text {\n  font-size: 100%;\n}\n<\/style>\n    <\/div><!-- text-box -->\n \n        <\/div><!-- .banner-layers -->\n      <\/div><!-- .banner-inner -->\n\n            \n<style scope=\"scope\">\n\n#banner-1058151252 {\n  padding-top: 500px;\n  background-color: rgb(255,255,255);\n}\n#banner-1058151252 .bg.bg-loaded {\n  background-image: url(https:\/\/sqmosaic.com\/wp-content\/uploads\/2017\/02\/about-us-producto.jpg);\n}\n<\/style>\n  <\/div><!-- .banner -->\n\n\n<\/div><\/div>\n<div class=\"col grid-col large-6 grid-col-1-3\" ><div class=\"col-inner\">\n\n  <div class=\"banner has-hover\" id=\"banner-1248306134\">\n          <div class=\"banner-inner fill\">\n        <div class=\"banner-bg fill\" >\n            <div class=\"bg fill bg-fill \"><\/div>\n                                    \n                    <\/div><!-- bg-layers -->\n        <div class=\"banner-layers container\">\n            <div class=\"fill banner-link\"><\/div>            \n   <div id=\"text-box-1686739030\" class=\"text-box banner-layer x50 md-x50 lg-x50 y50 md-y50 lg-y50 res-text\">\n                                <div class=\"text \">\n              \n              <div class=\"text-inner text-left\">\n                  \n<h3 class=\"uppercase\"><strong>\/ SOMOS ECO. ES L\u00d3GICO, NO?<\/strong><\/h3>\n<p><strong><span style=\"font-size: 150%;\" data-line-height=\"s\">Igual que t\u00fa reciclas en casa, nosotros cuidamos el medio ambiente. Nuestro esp\u00edritu es ecol\u00f3gico. Empezando por la producci\u00f3n hasta el embalaje de nuestros productos.<\/span><\/strong><\/p>\n              <\/div>\n           <\/div><!-- text-box-inner -->\n                            \n<style scope=\"scope\">\n\n#text-box-1686739030 {\n  width: 60%;\n}\n#text-box-1686739030 .text {\n  font-size: 100%;\n}\n<\/style>\n    <\/div><!-- text-box -->\n \n        <\/div><!-- .banner-layers -->\n      <\/div><!-- .banner-inner -->\n\n            \n<style scope=\"scope\">\n\n#banner-1248306134 {\n  padding-top: 500px;\n  background-color: rgb(255,255,255);\n}\n<\/style>\n  <\/div><!-- .banner -->\n\n\n<\/div><\/div>\n<div class=\"col grid-col large-6 grid-col-1-3\" ><div class=\"col-inner\">\n\n  <div class=\"banner has-hover\" id=\"banner-1037335912\">\n          <div class=\"banner-inner fill\">\n        <div class=\"banner-bg fill\" >\n            <div class=\"bg fill bg-fill \"><\/div>\n                                    \n                    <\/div><!-- bg-layers -->\n        <div class=\"banner-layers container\">\n            <div class=\"fill banner-link\"><\/div>            \n   <div id=\"text-box-185382224\" class=\"text-box banner-layer x50 md-x50 lg-x50 y50 md-y50 lg-y50 res-text\">\n                                <div class=\"text dark\">\n              \n              <div class=\"text-inner text-right\">\n                  \n<h3 class=\"uppercase\"><strong>\/NUESTRO DISE\u00d1O ES \u00a1PARA-TODO-EL-MUNDOOO!<br \/>\n<\/strong><\/h3>\n<p><strong><span style=\"font-size: 150%;\" data-line-height=\"s\">Cambia el chip porque cuando ahora pienses en piscinas de dise\u00f1o, no pensar\u00e1s en un producto <em>Premium<\/em>. Por un poco m\u00e1s podr\u00e1s tener ese \u00abtoque especial\u00bb que sorprender\u00e1 a todo el mundo.<\/span><\/strong><\/p>\n              <\/div>\n           <\/div><!-- text-box-inner -->\n                            \n<style scope=\"scope\">\n\n#text-box-185382224 {\n  width: 60%;\n}\n#text-box-185382224 .text {\n  font-size: 100%;\n}\n<\/style>\n    <\/div><!-- text-box -->\n \n        <\/div><!-- .banner-layers -->\n      <\/div><!-- .banner-inner -->\n\n            \n<style scope=\"scope\">\n\n#banner-1037335912 {\n  padding-top: 500px;\n}\n<\/style>\n  <\/div><!-- .banner -->\n\n\n<\/div><\/div>\n            <\/div><!-- .banner-grid .row .grid -->\n    <style scope=\"scope\">\n    #banner-grid-1598539301 .grid-col-1{height: 700px}\n    #banner-grid-1598539301 .grid-col-1-2{height: 350px}\n    #banner-grid-1598539301 .grid-col-1-3{height:233.33333333333px}\n    #banner-grid-1598539301 .grid-col-2-3{height: 466.66666666667px}\n    #banner-grid-1598539301 .grid-col-1-4{height: 175px}\n    #banner-grid-1598539301 .grid-col-3-4{height: 525px}\n\n    \n      <\/style>\n    <\/div><!-- .banner-grid-wrapper -->\n  \n      <\/div><!-- .section-content -->\n\n      \n<style scope=\"scope\">\n\n#section_401995317 {\n  padding-top: 0px;\n  padding-bottom: 0px;\n  background-color: rgb(241, 241, 241);\n}\n<\/style>\n  <\/section>\n  \n","protected":false},"excerpt":{"rendered":"<style>@-moz-document url-prefix() {\n.is-divider.divider.clearfix {display:none !important}\n.about-height {margin-top:-120px}\n.row4firefox {padding-bottom:200px;}\n.fish-height {height:600px;}\n}<\/style>\n","protected":false},"author":2,"featured_media":0,"parent":0,"menu_order":0,"comment_status":"closed","ping_status":"closed","template":"page-transparent-header-light.php","meta":{"_acf_changed":false,"footnotes":""},"class_list":["post-2940","page","type-page","status-publish","hentry"],"acf":[],"_links":{"self":[{"href":"https:\/\/sqmosaic.com\/es\/wp-json\/wp\/v2\/pages\/2940","targetHints":{"allow":["GET"]}}],"collection":[{"href":"https:\/\/sqmosaic.com\/es\/wp-json\/wp\/v2\/pages"}],"about":[{"href":"https:\/\/sqmosaic.com\/es\/wp-json\/wp\/v2\/types\/page"}],"author":[{"embeddable":true,"href":"https:\/\/sqmosaic.com\/es\/wp-json\/wp\/v2\/users\/2"}],"replies":[{"embeddable":true,"href":"https:\/\/sqmosaic.com\/es\/wp-json\/wp\/v2\/comments?post=2940"}],"version-history":[{"count":15,"href":"https:\/\/sqmosaic.com\/es\/wp-json\/wp\/v2\/pages\/2940\/revisions"}],"predecessor-version":[{"id":6705,"href":"https:\/\/sqmosaic.com\/es\/wp-json\/wp\/v2\/pages\/2940\/revisions\/6705"}],"wp:attachment":[{"href":"https:\/\/sqmosaic.com\/es\/wp-json\/wp\/v2\/media?parent=2940"}],"curies":[{"name":"wp","href":"https:\/\/api.w.org\/{rel}","templated":true}]}}